{"id":1026,"date":"2024-03-22T21:27:54","date_gmt":"2024-03-22T21:27:54","guid":{"rendered":"https:\/\/play.exploragame.com.ar\/?page_id=1026"},"modified":"2024-06-13T18:55:15","modified_gmt":"2024-06-13T18:55:15","slug":"la-boca-2-2-4-2-2","status":"publish","type":"page","link":"https:\/\/play.exploragame.com.ar\/index.php\/la-boca-2-2-4-2-2\/","title":{"rendered":"La Boca 6 Esp \/ quinquela 3\/4"},"content":{"rendered":"\t\t<div data-elementor-type=\"wp-page\" data-elementor-id=\"1026\" class=\"elementor elementor-1026\" data-elementor-post-type=\"page\">\n\t\t\t\t<div class=\"elementor-element elementor-element-a7054d7 e-con-full e-flex e-con e-parent\" data-id=\"a7054d7\" data-element_type=\"container\">\n\t\t\t\t<div class=\"elementor-element elementor-element-be4162d elementor-widget-mobile__width-inherit elementor-widget elementor-widget-eael-progress-bar\" data-id=\"be4162d\" data-element_type=\"widget\" data-widget_type=\"eael-progress-bar.default\">\n\t\t\t\t<div class=\"elementor-widget-container\">\n\t\t\t<div class=\"eael-progressbar-line-container center\">\n                \n\n                <div class=\"eael-progressbar eael-progressbar-line eael-progressbar-line-stripe eael-progressbar-line-animate-rtl\" data-layout=\"line\" data-count=\"33\" data-duration=\"1500\">\n                    <span class=\"eael-progressbar-count-wrap\"><span class=\"eael-progressbar-count\">0<\/span><span class=\"postfix\">%<\/span><\/span>\n                    <span class=\"eael-progressbar-line-fill \" style=\"-webkit-transition-duration:1500ms;-o-transition-duration:1500ms;transition-duration:1500ms;\"><\/span>\n                <\/div>\n            <\/div>\t\t<\/div>\n\t\t\t\t<\/div>\n\t\t\t\t<\/div>\n\t\t<div class=\"elementor-element elementor-element-5accde2 e-con-full e-flex e-con e-parent\" data-id=\"5accde2\" data-element_type=\"container\" data-settings=\"{&quot;background_background&quot;:&quot;classic&quot;}\">\n\t\t\t\t<div class=\"elementor-element elementor-element-489b9d0 elementor-widget elementor-widget-heading\" data-id=\"489b9d0\" data-element_type=\"widget\" data-widget_type=\"heading.default\">\n\t\t\t\t<div class=\"elementor-widget-container\">\n\t\t\t<h2 class=\"elementor-heading-title elementor-size-default\">LAS DONACIONES DE QUINQUELA<\/h2>\t\t<\/div>\n\t\t\t\t<\/div>\n\t\t\t\t<\/div>\n\t\t<div class=\"elementor-element elementor-element-d23e2b5 e-con-full e-flex e-con e-parent\" data-id=\"d23e2b5\" data-element_type=\"container\" data-settings=\"{&quot;background_background&quot;:&quot;classic&quot;,&quot;animation_mobile&quot;:&quot;fadeInUp&quot;}\">\n\t\t\t\t<div class=\"elementor-element elementor-element-bcd0c97 elementor-widget-divider--view-line elementor-widget elementor-widget-divider\" data-id=\"bcd0c97\" data-element_type=\"widget\" data-widget_type=\"divider.default\">\n\t\t\t\t<div class=\"elementor-widget-container\">\n\t\t\t\t\t<div class=\"elementor-divider\">\n\t\t\t<span class=\"elementor-divider-separator\">\n\t\t\t\t\t\t<\/span>\n\t\t<\/div>\n\t\t\t\t<\/div>\n\t\t\t\t<\/div>\n\t\t\t\t<\/div>\n\t\t<div class=\"elementor-element elementor-element-8553f50 e-flex e-con-boxed e-con e-parent\" data-id=\"8553f50\" data-element_type=\"container\" data-settings=\"{&quot;background_background&quot;:&quot;classic&quot;}\">\n\t\t\t\t\t<div class=\"e-con-inner\">\n\t\t\t\t<div class=\"elementor-element elementor-element-d64ad43 elementor-widget elementor-widget-text-editor\" data-id=\"d64ad43\" data-element_type=\"widget\" data-widget_type=\"text-editor.default\">\n\t\t\t\t<div class=\"elementor-widget-container\">\n\t\t\t\t\t\t\t<p>Como han visto en el video Quinquela realiz\u00f3 varias donaciones al barrio. Abajo se encuentran algunas pero las etiquetas est\u00e1n todas desordenadas.<\/p><p>Arrastrandolasa su posici\u00f3n correctas, ordenlas para continuar<\/p>\t\t\t\t\t\t<\/div>\n\t\t\t\t<\/div>\n\t\t\t\t\t<\/div>\n\t\t\t\t<\/div>\n\t\t<div class=\"elementor-element elementor-element-c283ad5 e-flex e-con-boxed e-con e-parent\" data-id=\"c283ad5\" data-element_type=\"container\">\n\t\t\t\t\t<div class=\"e-con-inner\">\n\t\t<div class=\"elementor-element elementor-element-2d714ed e-con-full e-flex e-con e-child\" data-id=\"2d714ed\" data-element_type=\"container\">\n\t\t\t\t<\/div>\n\t\t<div class=\"elementor-element elementor-element-0c37b5c e-con-full e-flex e-con e-child\" data-id=\"0c37b5c\" data-element_type=\"container\">\n\t\t\t\t<\/div>\n\t\t<div class=\"elementor-element elementor-element-5022090 e-con-full e-flex e-con e-child\" data-id=\"5022090\" data-element_type=\"container\">\n\t\t\t\t<\/div>\n\t\t<div class=\"elementor-element elementor-element-7ac6df0 e-con-full e-flex e-con e-child\" data-id=\"7ac6df0\" data-element_type=\"container\">\n\t\t\t\t<div class=\"elementor-element elementor-element-e746ac5 elementor-align-center elementor-widget elementor-widget-lottie\" data-id=\"e746ac5\" data-element_type=\"widget\" data-settings=\"{&quot;source_json&quot;:{&quot;url&quot;:&quot;https:\\\/\\\/play.exploragame.com.ar\\\/wp-content\\\/uploads\\\/2024\\\/03\\\/Animation-1711143697369.json&quot;,&quot;id&quot;:1031,&quot;size&quot;:&quot;&quot;,&quot;alt&quot;:&quot;&quot;,&quot;source&quot;:&quot;library&quot;},&quot;loop&quot;:&quot;yes&quot;,&quot;source&quot;:&quot;media_file&quot;,&quot;caption_source&quot;:&quot;none&quot;,&quot;link_to&quot;:&quot;none&quot;,&quot;trigger&quot;:&quot;arriving_to_viewport&quot;,&quot;viewport&quot;:{&quot;unit&quot;:&quot;%&quot;,&quot;size&quot;:&quot;&quot;,&quot;sizes&quot;:{&quot;start&quot;:0,&quot;end&quot;:100}},&quot;play_speed&quot;:{&quot;unit&quot;:&quot;px&quot;,&quot;size&quot;:1,&quot;sizes&quot;:[]},&quot;start_point&quot;:{&quot;unit&quot;:&quot;%&quot;,&quot;size&quot;:0,&quot;sizes&quot;:[]},&quot;end_point&quot;:{&quot;unit&quot;:&quot;%&quot;,&quot;size&quot;:100,&quot;sizes&quot;:[]},&quot;renderer&quot;:&quot;svg&quot;}\" data-widget_type=\"lottie.default\">\n\t\t\t\t<div class=\"elementor-widget-container\">\n\t\t\t<div class=\"e-lottie__container\"><div class=\"e-lottie__animation\"><\/div><\/div>\t\t<\/div>\n\t\t\t\t<\/div>\n\t\t\t\t<\/div>\n\t\t\t\t\t<\/div>\n\t\t\t\t<\/div>\n\t\t<div class=\"elementor-element elementor-element-8921fc5 e-con-full e-flex e-con e-parent\" data-id=\"8921fc5\" data-element_type=\"container\">\n\t\t\t\t<div class=\"elementor-element elementor-element-d9ed94f elementor-widget elementor-widget-shortcode\" data-id=\"d9ed94f\" data-element_type=\"widget\" data-widget_type=\"shortcode.default\">\n\t\t\t\t<div class=\"elementor-widget-container\">\n\t\t\t\t\t<div class=\"elementor-shortcode\"><div class=\"h5p-iframe-wrapper\"><iframe id=\"h5p-iframe-1\" class=\"h5p-iframe\" data-content-id=\"1\" style=\"height:1px\" src=\"about:blank\" frameBorder=\"0\" scrolling=\"no\" title=\"DONACIONES QUINQUELA\"><\/iframe><\/div>\n<\/div>\n\t\t\t\t<\/div>\n\t\t\t\t<\/div>\n\t\t\t\t<div class=\"elementor-element elementor-element-db26d76 elementor-widget elementor-widget-shortcode\" data-id=\"db26d76\" data-element_type=\"widget\" data-widget_type=\"shortcode.default\">\n\t\t\t\t<div class=\"elementor-widget-container\">\n\t\t\t\t\t<div class=\"elementor-shortcode\"><div class=\"hurrytimer-cdt hurrytimer-cdt--3200 hurrytimer-campaign hurryt-loading hurrytimer-campaign-3200\" data-config=\"{&quot;id&quot;:3200,&quot;run_in_background&quot;:false,&quot;sticky&quot;:false,&quot;product_ids&quot;:[],&quot;actions&quot;:[{&quot;id&quot;:6,&quot;redirectUrl&quot;:&quot;www.google.com&quot;,&quot;message&quot;:&quot;&lt;video autoplay=\\&quot;autoplay\\&quot; loop=\\&quot;loop\\&quot; muted=\\&quot;\\&quot; width=\\&quot;300\\&quot; height=\\&quot;150\\&quot;&gt;&lt;br \\\/&gt;\\r\\n&lt;source src=\\&quot;https:\\\/\\\/play.exploragame.com.ar\\\/wp-content\\\/uploads\\\/2024\\\/05\\\/tIEMPO-AGOTADO-1.mp4\\&quot; \\\/&gt;&lt;br \\\/&gt;\\r\\n&lt;\\\/video&gt;&quot;,&quot;coupon&quot;:&quot;&quot;,&quot;wcStockStatus&quot;:&quot;instock&quot;}],&quot;template&quot;:&quot;&lt;div class=\\&quot;hurrytimer-timer-block hurrytimer-cdt__dur\\&quot;&gt;&lt;div class=\\&quot;hurrytimer-timer-digit hurrytimer-cdt__time\\&quot;&gt;%N&lt;\\\/div&gt;&lt;\\\/div&gt;&lt;div class=\\&quot;hurrytimer-cdt__sep hurrytimer-timer-sep\\&quot;&gt;:&lt;\\\/div&gt;&lt;div class=\\&quot;hurrytimer-timer-block hurrytimer-cdt__dur\\&quot;&gt;&lt;div class=\\&quot;hurrytimer-timer-digit hurrytimer-cdt__time\\&quot;&gt;%S&lt;\\\/div&gt;&lt;\\\/div&gt;&quot;,&quot;methods&quot;:[1,2],&quot;mode&quot;:&quot;evergreen&quot;,&quot;sticky_bar_hide_timeout&quot;:7,&quot;isRegular&quot;:false,&quot;restart_duration&quot;:0,&quot;duration&quot;:300,&quot;should_reset&quot;:true,&quot;reset_token&quot;:&quot;1716067282&quot;,&quot;restart&quot;:&quot;1&quot;,&quot;endDate&quot;:null,&quot;cookieName&quot;:&quot;_ht_CDT-3200&quot;,&quot;reload_reset&quot;:true}\" ><div class=\"hurrytimer-cdt__inner hurrytimer-timer\"><\/div><\/div><\/div>\n\t\t\t\t<\/div>\n\t\t\t\t<\/div>\n\t\t\t\t<\/div>\n\t\t<div class=\"elementor-element elementor-element-e25264a e-flex e-con-boxed e-con e-parent\" data-id=\"e25264a\" data-element_type=\"container\">\n\t\t\t\t\t<div class=\"e-con-inner\">\n\t\t<div class=\"elementor-element elementor-element-493caf9 e-con-full e-flex e-con e-child\" data-id=\"493caf9\" data-element_type=\"container\">\n\t\t\t\t<div class=\"elementor-element elementor-element-5b31a04 elementor-widget elementor-widget-html\" data-id=\"5b31a04\" data-element_type=\"widget\" data-settings=\"{&quot;_animation_mobile&quot;:&quot;fadeInUp&quot;}\" data-widget_type=\"html.default\">\n\t\t\t\t<div class=\"elementor-widget-container\">\n\t\t\t<!DOCTYPE html>\r\n<html lang=\"en\">\r\n<head>\r\n<meta charset=\"UTF-8\">\r\n<meta name=\"viewport\" content=\"width=device-width, initial-scale=1.0\">\r\n<title>Prueba de Pregunta<\/title>\r\n<style>\r\n    body {\r\n        font-family: Arial, sans-serif;\r\n        text-align: center;\r\n        position: relative;\r\n        height: 100vh;\r\n        margin: 0;\r\n    }\r\n    .container {\r\n        width: 90%; \/* Ancho del contenedor *\/\r\n        max-width: 400px; \/* M\u00e1ximo ancho del contenedor *\/\r\n        margin: 0 auto; \/* Centrado horizontal *\/\r\n    }\r\n    input[type=\"text\"], button {\r\n        width: 100%; \/* Ocupa el 100% del contenedor *\/\r\n        border-radius: 10px; \/* Bordes redondeados *\/\r\n        padding: 10px 20px; \/* Espacio interno *\/\r\n        margin: 10px 0; \/* Margen externo *\/\r\n        box-sizing: border-box; \/* Incluir padding y border en el ancho total *\/\r\n    }\r\n    input[type=\"text\"] {\r\n        border: 1px solid #ccc; \/* L\u00ednea suave *\/\r\n    }\r\n    button {\r\n        background-color: #FF5100; \/* Color de fondo FF5100 *\/\r\n        color: white; \/* Color del texto blanco *\/\r\n        border: none; \/* Sin bordes *\/\r\n        cursor: pointer; \/* Cambio de cursor al pasar el rat\u00f3n *\/\r\n    }\r\n    .mensaje {\r\n        color: red;\r\n        visibility: hidden;\r\n    }\r\n    .animacion-correcta, .animacion-incorrecta {\r\n        position: fixed;\r\n        top: 50%;\r\n        left: 50%;\r\n        transform: translate(-50%, -50%);\r\n        visibility: hidden;\r\n    }\r\n<\/style>\r\n<\/head>\r\n<body>\r\n<h1><\/h1>\r\n<p id=\"pregunta\"><\/p>\r\n<div class=\"container\">\r\n    <input type=\"text\" id=\"respuesta\" placeholder=\"Escriba aqu\u00ed su respuesta\"> <!-- Placeholder -->\r\n    <button onclick=\"verificarRespuesta()\">Responder<\/button>\r\n<\/div>\r\n<p id=\"mensaje\" class=\"mensaje\"> \u00bfLos ayudo? Pueden pedir pistas por el chat.<\/p>\r\n\r\n<img decoding=\"async\" id=\"animacionCorrecta\" class=\"animacion-correcta\" src=\"https:\/\/play.exploragame.com.ar\/wp-content\/uploads\/2024\/06\/Titulo-4.gif\" alt=\"Respuesta correcta\">\r\n<img decoding=\"async\" id=\"animacionIncorrecta\" class=\"animacion-incorrecta\" src=\"https:\/\/play.exploragame.com.ar\/wp-content\/uploads\/2024\/06\/Titulo.gif\" alt=\"Respuesta incorrecta\">\r\n\r\n<audio id=\"correctoAudio\" src=\"https:\/\/play.exploragame.com.ar\/wp-content\/uploads\/2024\/06\/Correct-Answer-Sound-Effect-DeeChannel-mp3cut.net_.mp3\"><\/audio>\r\n<audio id=\"incorrectoAudio\" src=\"https:\/\/play.exploragame.com.ar\/wp-content\/uploads\/2024\/06\/INCORRECT-mp3cut.net_.mp3\"><\/audio>\r\n\r\n<script>\r\nvar pregunta = \"\"; \/\/ Definir la pregunta\r\nvar respuestasCorrectas = [\"oriana\"]; \/\/ Definir las respuestas correctas en un arreglo\r\nvar intentosIncorrectos = 0; \/\/ Contador de intentos incorrectos\r\n\r\ndocument.getElementById(\"pregunta\").innerText = pregunta;\r\n\r\nfunction verificarRespuesta() {\r\n    var respuestaUsuario = document.getElementById(\"respuesta\").value.toLowerCase();\r\n\r\n    \/\/ Eliminar tildes de la respuesta del usuario y de las respuestas correctas\r\n    respuestaUsuario = respuestaUsuario.normalize(\"NFD\").replace(\/[\\u0300-\\u036f]\/g, \"\");\r\n    var respuestasCorrectasNormalizadas = respuestasCorrectas.map(function(respuesta) {\r\n        return respuesta.toLowerCase().normalize(\"NFD\").replace(\/[\\u0300-\\u036f]\/g, \"\");\r\n    });\r\n\r\n    \/\/ Verificar si la respuesta del usuario coincide con alguna de las respuestas correctas\r\n    var respuestaCorrecta = respuestasCorrectasNormalizadas.find(function(respuesta) {\r\n        return respuesta === respuestaUsuario;\r\n    });\r\n\r\n    if (respuestaCorrecta) {\r\n        reproducirSonido(\"correctoAudio\");\r\n        mostrarAnimacionCorrecta();\r\n        setTimeout(function() {\r\n            window.location.href = \"https:\/\/play.exploragame.com.ar\/index.php\/la-boca-2-2-4-2-2-2-2-2\/\";\r\n        }, 2000);\r\n    } else {\r\n        intentosIncorrectos++;\r\n        reproducirSonido(\"incorrectoAudio\");\r\n        mostrarAnimacionIncorrecta();\r\n        if (intentosIncorrectos >= 2) {\r\n            document.getElementById(\"mensaje\").style.visibility = \"visible\";\r\n        }\r\n    }\r\n\r\n    \/\/ Limpiar el campo de respuesta\r\n    document.getElementById(\"respuesta\").value = \"\";\r\n}\r\n\r\nfunction reproducirSonido(idAudio) {\r\n    var audio = document.getElementById(idAudio);\r\n    audio.play();\r\n}\r\n\r\nfunction mostrarAnimacionCorrecta() {\r\n    var animacion = document.getElementById(\"animacionCorrecta\");\r\n    animacion.style.visibility = \"visible\";\r\n    setTimeout(function() {\r\n        animacion.style.visibility = \"hidden\";\r\n    }, 3000); \/\/ Asume que el GIF dura 3 segundos, ajusta este tiempo seg\u00fan sea necesario\r\n}\r\n\r\nfunction mostrarAnimacionIncorrecta() {\r\n    var animacion = document.getElementById(\"animacionIncorrecta\");\r\n    animacion.style.visibility = \"visible\";\r\n    setTimeout(function() {\r\n        animacion.style.visibility = \"hidden\";\r\n    }, 2000); \/\/ Asume que el GIF dura 2 segundos, ajusta este tiempo seg\u00fan sea necesario\r\n}\r\n<\/script>\r\n<\/body>\r\n<\/html>\r\n\t\t<\/div>\n\t\t\t\t<\/div>\n\t\t\t\t<div class=\"elementor-element elementor-element-f1ff0b9 elementor-widget elementor-widget-image\" data-id=\"f1ff0b9\" data-element_type=\"widget\" data-widget_type=\"image.default\">\n\t\t\t\t<div class=\"elementor-widget-container\">\n\t\t\t\t\t\t\t\t\t\t\t\t\t\t<a href=\"#elementor-action%3Aaction%3Dpopup%3Aopen%26settings%3DeyJpZCI6IjE0NTEiLCJ0b2dnbGUiOmZhbHNlfQ%3D%3D\">\n\t\t\t\t\t\t\t<img decoding=\"async\" width=\"150\" height=\"150\" src=\"https:\/\/play.exploragame.com.ar\/wp-content\/uploads\/2024\/03\/Diseno-sin-titulo-97.png\" class=\"attachment-large size-large wp-image-1397\" alt=\"\" \/>\t\t\t\t\t\t\t\t<\/a>\n\t\t\t\t\t\t\t\t\t\t\t\t\t<\/div>\n\t\t\t\t<\/div>\n\t\t\t\t<\/div>\n\t\t\t\t\t<\/div>\n\t\t\t\t<\/div>\n\t\t\t\t<\/div>\n\t\t","protected":false},"excerpt":{"rendered":"<p>0% LAS DONACIONES DE QUINQUELA Como han visto en el video Quinquela realiz\u00f3 varias donaciones al barrio. Abajo se encuentran algunas pero las etiquetas est\u00e1n todas desordenadas. Arrastrandolasa su posici\u00f3n correctas, ordenlas para continuar Prueba de Pregunta Responder \u00bfLos ayudo? Pueden pedir pistas por el chat.<\/p>\n","protected":false},"author":1,"featured_media":0,"parent":0,"menu_order":0,"comment_status":"closed","ping_status":"closed","template":"elementor_header_footer","meta":{"footnotes":""},"wf_page_folders":[5],"class_list":["post-1026","page","type-page","status-publish"],"_links":{"self":[{"href":"https:\/\/play.exploragame.com.ar\/index.php\/wp-json\/wp\/v2\/pages\/1026","targetHints":{"allow":["GET"]}}],"collection":[{"href":"https:\/\/play.exploragame.com.ar\/index.php\/wp-json\/wp\/v2\/pages"}],"about":[{"href":"https:\/\/play.exploragame.com.ar\/index.php\/wp-json\/wp\/v2\/types\/page"}],"author":[{"embeddable":true,"href":"https:\/\/play.exploragame.com.ar\/index.php\/wp-json\/wp\/v2\/users\/1"}],"replies":[{"embeddable":true,"href":"https:\/\/play.exploragame.com.ar\/index.php\/wp-json\/wp\/v2\/comments?post=1026"}],"version-history":[{"count":112,"href":"https:\/\/play.exploragame.com.ar\/index.php\/wp-json\/wp\/v2\/pages\/1026\/revisions"}],"predecessor-version":[{"id":6054,"href":"https:\/\/play.exploragame.com.ar\/index.php\/wp-json\/wp\/v2\/pages\/1026\/revisions\/6054"}],"wp:attachment":[{"href":"https:\/\/play.exploragame.com.ar\/index.php\/wp-json\/wp\/v2\/media?parent=1026"}],"wp:term":[{"taxonomy":"wf_page_folders","embeddable":true,"href":"https:\/\/play.exploragame.com.ar\/index.php\/wp-json\/wp\/v2\/wf_page_folders?post=1026"}],"curies":[{"name":"wp","href":"https:\/\/api.w.org\/{rel}","templated":true}]}}