{"id":1520,"date":"2024-04-03T21:13:24","date_gmt":"2024-04-03T21:13:24","guid":{"rendered":"https:\/\/play.exploragame.com.ar\/?page_id=1520"},"modified":"2024-06-13T19:00:21","modified_gmt":"2024-06-13T19:00:21","slug":"la-boca-7-esp-suspiro","status":"publish","type":"page","link":"https:\/\/play.exploragame.com.ar\/index.php\/la-boca-7-esp-suspiro\/","title":{"rendered":"La Boca 7 esp \/ carajo"},"content":{"rendered":"\t\t<div data-elementor-type=\"wp-page\" data-elementor-id=\"1520\" class=\"elementor elementor-1520\" data-elementor-post-type=\"page\">\n\t\t\t\t<div class=\"elementor-element elementor-element-d23e2b5 e-flex e-con-boxed e-con e-parent\" data-id=\"d23e2b5\" data-element_type=\"container\" data-settings=\"{&quot;background_background&quot;:&quot;classic&quot;,&quot;animation_mobile&quot;:&quot;fadeInUp&quot;}\">\n\t\t\t\t\t<div class=\"e-con-inner\">\n\t\t\t\t<div class=\"elementor-element elementor-element-320f8e0 elementor-widget-mobile__width-inherit elementor-widget elementor-widget-eael-progress-bar\" data-id=\"320f8e0\" data-element_type=\"widget\" data-widget_type=\"eael-progress-bar.default\">\n\t\t\t\t<div class=\"elementor-widget-container\">\n\t\t\t<div class=\"eael-progressbar-line-container center\">\n                \n\n                <div class=\"eael-progressbar eael-progressbar-line eael-progressbar-line-stripe eael-progressbar-line-animate-rtl\" data-layout=\"line\" data-count=\"40\" data-duration=\"1500\">\n                    <span class=\"eael-progressbar-count-wrap\"><span class=\"eael-progressbar-count\">0<\/span><span class=\"postfix\">%<\/span><\/span>\n                    <span class=\"eael-progressbar-line-fill \" style=\"-webkit-transition-duration:1500ms;-o-transition-duration:1500ms;transition-duration:1500ms;\"><\/span>\n                <\/div>\n            <\/div>\t\t<\/div>\n\t\t\t\t<\/div>\n\t\t\t\t<div class=\"elementor-element elementor-element-4f4f8c8 elementor-widget elementor-widget-shortcode\" data-id=\"4f4f8c8\" data-element_type=\"widget\" data-widget_type=\"shortcode.default\">\n\t\t\t\t<div class=\"elementor-widget-container\">\n\t\t\t\t\t<div class=\"elementor-shortcode\"><div class=\"h5p-iframe-wrapper\"><iframe id=\"h5p-iframe-5\" class=\"h5p-iframe\" data-content-id=\"5\" style=\"height:1px\" src=\"about:blank\" frameBorder=\"0\" scrolling=\"no\" title=\"Vuelta de Rocha antes y ahora\"><\/iframe><\/div>\n<\/div>\n\t\t\t\t<\/div>\n\t\t\t\t<\/div>\n\t\t\t\t<div class=\"elementor-element elementor-element-5090941 elementor-widget elementor-widget-html\" data-id=\"5090941\" data-element_type=\"widget\" data-widget_type=\"html.default\">\n\t\t\t\t<div class=\"elementor-widget-container\">\n\t\t\t<audio controls controlslist=\"nodownload\" preload=\"metadata\">\n  <source src=\"https:\/\/play.exploragame.com.ar\/wp-content\/uploads\/2024\/06\/ElevenLabs_2024-06-04T18_58_45_Valeria_pvc_s85_sb60_se38_b_m2.mp3\" type=\"audio\/mp3\">\n  Your browser does not support the audio element.\n<\/audio>\t\t<\/div>\n\t\t\t\t<\/div>\n\t\t\t\t<div class=\"elementor-element elementor-element-bcd0c97 elementor-widget-divider--view-line elementor-widget elementor-widget-divider\" data-id=\"bcd0c97\" data-element_type=\"widget\" data-widget_type=\"divider.default\">\n\t\t\t\t<div class=\"elementor-widget-container\">\n\t\t\t\t\t<div class=\"elementor-divider\">\n\t\t\t<span class=\"elementor-divider-separator\">\n\t\t\t\t\t\t<\/span>\n\t\t<\/div>\n\t\t\t\t<\/div>\n\t\t\t\t<\/div>\n\t\t\t\t\t<\/div>\n\t\t\t\t<\/div>\n\t\t<div class=\"elementor-element elementor-element-65be1549 e-con-full e-flex e-con e-parent\" data-id=\"65be1549\" data-element_type=\"container\" data-settings=\"{&quot;background_background&quot;:&quot;classic&quot;}\">\n\t\t<div class=\"elementor-element elementor-element-7ae3cf09 e-flex e-con-boxed e-con e-child\" data-id=\"7ae3cf09\" data-element_type=\"container\">\n\t\t\t\t\t<div class=\"e-con-inner\">\n\t\t\t\t<div class=\"elementor-element elementor-element-552131a4 elementor-widget elementor-widget-heading\" data-id=\"552131a4\" data-element_type=\"widget\" data-widget_type=\"heading.default\">\n\t\t\t\t<div class=\"elementor-widget-container\">\n\t\t\t<h2 class=\"elementor-heading-title elementor-size-default\">VUELTA DE ROCHA<\/h2>\t\t<\/div>\n\t\t\t\t<\/div>\n\t\t\t\t<div class=\"elementor-element elementor-element-1200853a elementor-widget elementor-widget-text-editor\" data-id=\"1200853a\" data-element_type=\"widget\" data-widget_type=\"text-editor.default\">\n\t\t\t\t<div class=\"elementor-widget-container\">\n\t\t\t\t\t\t\t<p>Se conoce como vuelta de Rocha a la bahia que forma el\u00a0 Riachuelo en este lugar. Se cree que ac\u00e1 lleg\u00f3 la primera tripulaci\u00f3n espa\u00f1ola de Pedro de Mendoza para fundar la Ciudad de Buenos Aires.\u00a0<\/p><p>Por sus caracter\u00edsticas de aguas tranquilas cerca de la desembocadura del Rio de la Plata, este lugar se ha convertido en\u00a0 el puerto natural de la Ciudad. Estuvo en en pleno funcionamiento hasta principios de 1900, siendo desplazado poco a poco hasta desaparecer por puertos m\u00e1s modernos y con m\u00e1s capacidad como Dock Sud, Puerto Madero y el Puerto Nuevo (actual puerto de la ciudad).<\/p><p>Ya que estamos en este punto aprendamos un poco de lenguaje naval y m\u00e1s precisamente hablaremos del <strong>carajo<\/strong> y de la <strong>verga <img decoding=\"async\" class=\"emoji\" role=\"img\" draggable=\"false\" src=\"https:\/\/s.w.org\/images\/core\/emoji\/14.0.0\/svg\/1f633.svg\" alt=\"\ud83d\ude33\" \/>\u00a0<\/strong><\/p>\t\t\t\t\t\t<\/div>\n\t\t\t\t<\/div>\n\t\t\t\t<div class=\"elementor-element elementor-element-8015e80 elementor-widget elementor-widget-image\" data-id=\"8015e80\" data-element_type=\"widget\" data-widget_type=\"image.default\">\n\t\t\t\t<div class=\"elementor-widget-container\">\n\t\t\t\t\t\t\t\t\t\t\t\t\t<img fetchpriority=\"high\" decoding=\"async\" width=\"1080\" height=\"785\" src=\"https:\/\/play.exploragame.com.ar\/wp-content\/uploads\/2024\/05\/CARAJO.jpg\" class=\"attachment-full size-full wp-image-1881\" alt=\"\" srcset=\"https:\/\/play.exploragame.com.ar\/wp-content\/uploads\/2024\/05\/CARAJO.jpg 1080w, https:\/\/play.exploragame.com.ar\/wp-content\/uploads\/2024\/05\/CARAJO-300x218.jpg 300w, https:\/\/play.exploragame.com.ar\/wp-content\/uploads\/2024\/05\/CARAJO-1024x744.jpg 1024w, https:\/\/play.exploragame.com.ar\/wp-content\/uploads\/2024\/05\/CARAJO-768x558.jpg 768w\" sizes=\"(max-width: 1080px) 100vw, 1080px\" \/>\t\t\t\t\t\t\t\t\t\t\t\t\t<\/div>\n\t\t\t\t<\/div>\n\t\t\t\t<div class=\"elementor-element elementor-element-1d477ef elementor-widget elementor-widget-text-editor\" data-id=\"1d477ef\" data-element_type=\"widget\" data-widget_type=\"text-editor.default\">\n\t\t\t\t<div class=\"elementor-widget-container\">\n\t\t\t\t\t\t\t<p><strong>Ca<\/strong><span style=\"font-weight: bold;\">rajo: <\/span>Cesta de madera o metal que se encontraba en el m\u00e1stil m\u00e1s alto de un buque y se usaba para obtener las mejores vistas o para enviar a los marineros que hab\u00edan cometido alguna falta.<\/p><p>De aqu\u00ed surgen la famosa frase de Vete al carajo,\u00a0 Andate al carajo!, Se Fue al carajo!, Me importa un carajo!, etc..<\/p><p><span style=\"font-weight: bold;\">Verga: <\/span>Palo horizontal al m\u00e1stil.\u00a0 <img decoding=\"async\" class=\"emoji\" role=\"img\" draggable=\"false\" src=\"https:\/\/s.w.org\/images\/core\/emoji\/15.0.3\/svg\/1f346.svg\" alt=\"\ud83c\udf46\" \/><img decoding=\"async\" class=\"emoji\" role=\"img\" draggable=\"false\" src=\"https:\/\/s.w.org\/images\/core\/emoji\/15.0.3\/svg\/1f609.svg\" alt=\"\ud83d\ude09\" \/><\/p>\t\t\t\t\t\t<\/div>\n\t\t\t\t<\/div>\n\t\t\t\t\t<\/div>\n\t\t\t\t<\/div>\n\t\t\t\t<\/div>\n\t\t<div class=\"elementor-element elementor-element-89f15c0 e-flex e-con-boxed e-con e-parent\" data-id=\"89f15c0\" data-element_type=\"container\" data-settings=\"{&quot;background_background&quot;:&quot;classic&quot;}\">\n\t\t\t\t\t<div class=\"e-con-inner\">\n\t\t<div class=\"elementor-element elementor-element-fd2e953 e-flex e-con-boxed e-con e-child\" data-id=\"fd2e953\" data-element_type=\"container\" data-settings=\"{&quot;background_background&quot;:&quot;classic&quot;,&quot;animation_mobile&quot;:&quot;fadeInUp&quot;}\">\n\t\t\t\t\t<div class=\"e-con-inner\">\n\t\t\t\t<div class=\"elementor-element elementor-element-da66fb9 elementor-widget-divider--view-line elementor-widget elementor-widget-divider\" data-id=\"da66fb9\" data-element_type=\"widget\" data-widget_type=\"divider.default\">\n\t\t\t\t<div class=\"elementor-widget-container\">\n\t\t\t\t\t<div class=\"elementor-divider\">\n\t\t\t<span class=\"elementor-divider-separator\">\n\t\t\t\t\t\t<\/span>\n\t\t<\/div>\n\t\t\t\t<\/div>\n\t\t\t\t<\/div>\n\t\t\t\t<div class=\"elementor-element elementor-element-37444e2 elementor-widget elementor-widget-text-editor\" data-id=\"37444e2\" data-element_type=\"widget\" data-widget_type=\"text-editor.default\">\n\t\t\t\t<div class=\"elementor-widget-container\">\n\t\t\t\t\t\t\t<p><strong>Disculpenme el lenjuague pero si quieren continuar jugando, v\u00e1yanse al carajo y cuenten todos los escalones de madera que hay para llegar a \u00e9l <img decoding=\"async\" draggable=\"false\" role=\"img\" class=\"emoji\" alt=\"\ud83d\udc47\" src=\"https:\/\/s.w.org\/images\/core\/emoji\/15.0.3\/svg\/1f447.svg\"><\/strong><\/p>\t\t\t\t\t\t<\/div>\n\t\t\t\t<\/div>\n\t\t\t\t\t<\/div>\n\t\t\t\t<\/div>\n\t\t\t\t\t<\/div>\n\t\t\t\t<\/div>\n\t\t<div class=\"elementor-element elementor-element-4dfdddc e-con-full e-flex e-con e-parent\" data-id=\"4dfdddc\" data-element_type=\"container\" data-settings=\"{&quot;background_background&quot;:&quot;classic&quot;}\">\n\t\t\t\t<div class=\"elementor-element elementor-element-4d0b03e elementor-widget elementor-widget-shortcode\" data-id=\"4d0b03e\" data-element_type=\"widget\" data-widget_type=\"shortcode.default\">\n\t\t\t\t<div class=\"elementor-widget-container\">\n\t\t\t\t\t<div class=\"elementor-shortcode\"><div class=\"hurrytimer-cdt hurrytimer-cdt--3200 hurrytimer-campaign hurryt-loading hurrytimer-campaign-3200\" data-config=\"{&quot;id&quot;:3200,&quot;run_in_background&quot;:false,&quot;sticky&quot;:false,&quot;product_ids&quot;:[],&quot;actions&quot;:[{&quot;id&quot;:6,&quot;redirectUrl&quot;:&quot;www.google.com&quot;,&quot;message&quot;:&quot;&lt;video autoplay=\\&quot;autoplay\\&quot; loop=\\&quot;loop\\&quot; muted=\\&quot;\\&quot; width=\\&quot;300\\&quot; height=\\&quot;150\\&quot;&gt;&lt;br \\\/&gt;\\r\\n&lt;source src=\\&quot;https:\\\/\\\/play.exploragame.com.ar\\\/wp-content\\\/uploads\\\/2024\\\/05\\\/tIEMPO-AGOTADO-1.mp4\\&quot; \\\/&gt;&lt;br \\\/&gt;\\r\\n&lt;\\\/video&gt;&quot;,&quot;coupon&quot;:&quot;&quot;,&quot;wcStockStatus&quot;:&quot;instock&quot;}],&quot;template&quot;:&quot;&lt;div class=\\&quot;hurrytimer-timer-block hurrytimer-cdt__dur\\&quot;&gt;&lt;div class=\\&quot;hurrytimer-timer-digit hurrytimer-cdt__time\\&quot;&gt;%N&lt;\\\/div&gt;&lt;\\\/div&gt;&lt;div class=\\&quot;hurrytimer-cdt__sep hurrytimer-timer-sep\\&quot;&gt;:&lt;\\\/div&gt;&lt;div class=\\&quot;hurrytimer-timer-block hurrytimer-cdt__dur\\&quot;&gt;&lt;div class=\\&quot;hurrytimer-timer-digit hurrytimer-cdt__time\\&quot;&gt;%S&lt;\\\/div&gt;&lt;\\\/div&gt;&quot;,&quot;methods&quot;:[1,2],&quot;mode&quot;:&quot;evergreen&quot;,&quot;sticky_bar_hide_timeout&quot;:7,&quot;isRegular&quot;:false,&quot;restart_duration&quot;:0,&quot;duration&quot;:300,&quot;should_reset&quot;:true,&quot;reset_token&quot;:&quot;1716067282&quot;,&quot;restart&quot;:&quot;1&quot;,&quot;endDate&quot;:null,&quot;cookieName&quot;:&quot;_ht_CDT-3200&quot;,&quot;reload_reset&quot;:true}\" ><div class=\"hurrytimer-cdt__inner hurrytimer-timer\"><\/div><\/div><\/div>\n\t\t\t\t<\/div>\n\t\t\t\t<\/div>\n\t\t\t\t<div class=\"elementor-element elementor-element-fb16703 elementor-widget elementor-widget-html\" data-id=\"fb16703\" data-element_type=\"widget\" data-settings=\"{&quot;_animation_mobile&quot;:&quot;fadeInUp&quot;}\" data-widget_type=\"html.default\">\n\t\t\t\t<div class=\"elementor-widget-container\">\n\t\t\t<!DOCTYPE html>\r\n<html lang=\"en\">\r\n<head>\r\n<meta charset=\"UTF-8\">\r\n<meta name=\"viewport\" content=\"width=device-width, initial-scale=1.0\">\r\n<title>Prueba de Pregunta<\/title>\r\n<style>\r\n    body {\r\n        font-family: Arial, sans-serif;\r\n        text-align: center;\r\n        position: relative;\r\n        height: 100vh;\r\n        margin: 0;\r\n    }\r\n    .container {\r\n        width: 90%; \/* Ancho del contenedor *\/\r\n        max-width: 400px; \/* M\u00e1ximo ancho del contenedor *\/\r\n        margin: 0 auto; \/* Centrado horizontal *\/\r\n    }\r\n    input[type=\"text\"], button {\r\n        width: 100%; \/* Ocupa el 100% del contenedor *\/\r\n        border-radius: 10px; \/* Bordes redondeados *\/\r\n        padding: 10px 20px; \/* Espacio interno *\/\r\n        margin: 10px 0; \/* Margen externo *\/\r\n        box-sizing: border-box; \/* Incluir padding y border en el ancho total *\/\r\n    }\r\n    input[type=\"text\"] {\r\n        border: 1px solid #ccc; \/* L\u00ednea suave *\/\r\n    }\r\n    button {\r\n        background-color: #FF5100; \/* Color de fondo FF5100 *\/\r\n        color: white; \/* Color del texto blanco *\/\r\n        border: none; \/* Sin bordes *\/\r\n        cursor: pointer; \/* Cambio de cursor al pasar el rat\u00f3n *\/\r\n    }\r\n    .mensaje {\r\n        color: red;\r\n        visibility: hidden;\r\n    }\r\n    .animacion-correcta, .animacion-incorrecta {\r\n        position: fixed;\r\n        top: 50%;\r\n        left: 50%;\r\n        transform: translate(-50%, -50%);\r\n        visibility: hidden;\r\n    }\r\n<\/style>\r\n<\/head>\r\n<body>\r\n<h1><\/h1>\r\n<p id=\"pregunta\"><\/p>\r\n<div class=\"container\">\r\n    <input type=\"text\" id=\"respuesta\" placeholder=\"Escriba aqu\u00ed su respuesta\"> <!-- Placeholder -->\r\n    <button onclick=\"verificarRespuesta()\">Responder<\/button>\r\n<\/div>\r\n<p id=\"mensaje\" class=\"mensaje\"> \u00bfLos ayudo? Pueden pedir pistas por el chat.<\/p>\r\n\r\n<img decoding=\"async\" id=\"animacionCorrecta\" class=\"animacion-correcta\" src=\"https:\/\/play.exploragame.com.ar\/wp-content\/uploads\/2024\/06\/Titulo-4.gif\" alt=\"Respuesta correcta\">\r\n<img decoding=\"async\" id=\"animacionIncorrecta\" class=\"animacion-incorrecta\" src=\"https:\/\/play.exploragame.com.ar\/wp-content\/uploads\/2024\/06\/Titulo.gif\" alt=\"Respuesta incorrecta\">\r\n\r\n<audio id=\"correctoAudio\" src=\"https:\/\/play.exploragame.com.ar\/wp-content\/uploads\/2024\/06\/Correct-Answer-Sound-Effect-DeeChannel-mp3cut.net_.mp3\"><\/audio>\r\n<audio id=\"incorrectoAudio\" src=\"https:\/\/play.exploragame.com.ar\/wp-content\/uploads\/2024\/06\/INCORRECT-mp3cut.net_.mp3\"><\/audio>\r\n\r\n<script>\r\nvar pregunta = \"\"; \/\/ Definir la pregunta\r\nvar respuestasCorrectas = [\"39\"]; \/\/ Definir las respuestas correctas en un arreglo\r\nvar intentosIncorrectos = 0; \/\/ Contador de intentos incorrectos\r\n\r\ndocument.getElementById(\"pregunta\").innerText = pregunta;\r\n\r\nfunction verificarRespuesta() {\r\n    var respuestaUsuario = document.getElementById(\"respuesta\").value.toLowerCase();\r\n\r\n    \/\/ Eliminar tildes de la respuesta del usuario y de las respuestas correctas\r\n    respuestaUsuario = respuestaUsuario.normalize(\"NFD\").replace(\/[\\u0300-\\u036f]\/g, \"\");\r\n    var respuestasCorrectasNormalizadas = respuestasCorrectas.map(function(respuesta) {\r\n        return respuesta.toLowerCase().normalize(\"NFD\").replace(\/[\\u0300-\\u036f]\/g, \"\");\r\n    });\r\n\r\n    \/\/ Verificar si la respuesta del usuario coincide con alguna de las respuestas correctas\r\n    var respuestaCorrecta = respuestasCorrectasNormalizadas.find(function(respuesta) {\r\n        return respuesta === respuestaUsuario;\r\n    });\r\n\r\n    if (respuestaCorrecta) {\r\n        reproducirSonido(\"correctoAudio\");\r\n        mostrarAnimacionCorrecta();\r\n        setTimeout(function() {\r\n            window.location.href = \"https:\/\/play.exploragame.com.ar\/index.php\/la-boca-8-esp-museos\/\";\r\n        }, 2000);\r\n    } else {\r\n        intentosIncorrectos++;\r\n        reproducirSonido(\"incorrectoAudio\");\r\n        mostrarAnimacionIncorrecta();\r\n        if (intentosIncorrectos >= 2) {\r\n            document.getElementById(\"mensaje\").style.visibility = \"visible\";\r\n        }\r\n    }\r\n\r\n    \/\/ Limpiar el campo de respuesta\r\n    document.getElementById(\"respuesta\").value = \"\";\r\n}\r\n\r\nfunction reproducirSonido(idAudio) {\r\n    var audio = document.getElementById(idAudio);\r\n    audio.play();\r\n}\r\n\r\nfunction mostrarAnimacionCorrecta() {\r\n    var animacion = document.getElementById(\"animacionCorrecta\");\r\n    animacion.style.visibility = \"visible\";\r\n    setTimeout(function() {\r\n        animacion.style.visibility = \"hidden\";\r\n    }, 3000); \/\/ Asume que el GIF dura 3 segundos, ajusta este tiempo seg\u00fan sea necesario\r\n}\r\n\r\nfunction mostrarAnimacionIncorrecta() {\r\n    var animacion = document.getElementById(\"animacionIncorrecta\");\r\n    animacion.style.visibility = \"visible\";\r\n    setTimeout(function() {\r\n        animacion.style.visibility = \"hidden\";\r\n    }, 2000); \/\/ Asume que el GIF dura 2 segundos, ajusta este tiempo seg\u00fan sea necesario\r\n}\r\n<\/script>\r\n<\/body>\r\n<\/html>\r\n\t\t<\/div>\n\t\t\t\t<\/div>\n\t\t\t\t<\/div>\n\t\t\t\t<\/div>\n\t\t","protected":false},"excerpt":{"rendered":"<p>0% Your browser does not support the audio element. VUELTA DE ROCHA Se conoce como vuelta de Rocha a la bahia que forma el\u00a0 Riachuelo en este lugar. Se cree que ac\u00e1 lleg\u00f3 la primera tripulaci\u00f3n espa\u00f1ola de Pedro de Mendoza para fundar la Ciudad de Buenos Aires.\u00a0 Por sus caracter\u00edsticas de aguas tranquilas cerca &#8230; <a title=\"La Boca 7 esp \/ carajo\" class=\"read-more\" href=\"https:\/\/play.exploragame.com.ar\/index.php\/la-boca-7-esp-suspiro\/\" aria-label=\"Leer m\u00e1s sobre La Boca 7 esp \/ carajo\">Leer m\u00e1s<\/a><\/p>\n","protected":false},"author":1,"featured_media":0,"parent":0,"menu_order":0,"comment_status":"closed","ping_status":"closed","template":"elementor_header_footer","meta":{"footnotes":""},"wf_page_folders":[5],"class_list":["post-1520","page","type-page","status-publish"],"_links":{"self":[{"href":"https:\/\/play.exploragame.com.ar\/index.php\/wp-json\/wp\/v2\/pages\/1520","targetHints":{"allow":["GET"]}}],"collection":[{"href":"https:\/\/play.exploragame.com.ar\/index.php\/wp-json\/wp\/v2\/pages"}],"about":[{"href":"https:\/\/play.exploragame.com.ar\/index.php\/wp-json\/wp\/v2\/types\/page"}],"author":[{"embeddable":true,"href":"https:\/\/play.exploragame.com.ar\/index.php\/wp-json\/wp\/v2\/users\/1"}],"replies":[{"embeddable":true,"href":"https:\/\/play.exploragame.com.ar\/index.php\/wp-json\/wp\/v2\/comments?post=1520"}],"version-history":[{"count":84,"href":"https:\/\/play.exploragame.com.ar\/index.php\/wp-json\/wp\/v2\/pages\/1520\/revisions"}],"predecessor-version":[{"id":9544,"href":"https:\/\/play.exploragame.com.ar\/index.php\/wp-json\/wp\/v2\/pages\/1520\/revisions\/9544"}],"wp:attachment":[{"href":"https:\/\/play.exploragame.com.ar\/index.php\/wp-json\/wp\/v2\/media?parent=1520"}],"wp:term":[{"taxonomy":"wf_page_folders","embeddable":true,"href":"https:\/\/play.exploragame.com.ar\/index.php\/wp-json\/wp\/v2\/wf_page_folders?post=1520"}],"curies":[{"name":"wp","href":"https:\/\/api.w.org\/{rel}","templated":true}]}}