{"id":1860,"date":"2024-04-22T21:29:12","date_gmt":"2024-04-22T21:29:12","guid":{"rendered":"https:\/\/play.exploragame.com.ar\/?page_id=1860"},"modified":"2024-06-13T23:30:38","modified_gmt":"2024-06-13T23:30:38","slug":"la-boca-9-esp-caminito","status":"publish","type":"page","link":"https:\/\/play.exploragame.com.ar\/index.php\/la-boca-9-esp-caminito\/","title":{"rendered":"La Boca 9 esp \/ caminito"},"content":{"rendered":"\t\t<div data-elementor-type=\"wp-page\" data-elementor-id=\"1860\" class=\"elementor elementor-1860\" data-elementor-post-type=\"page\">\n\t\t\t\t<div class=\"elementor-element elementor-element-65be1549 e-con-full e-flex e-con e-parent\" data-id=\"65be1549\" data-element_type=\"container\" data-settings=\"{&quot;background_background&quot;:&quot;classic&quot;}\">\n\t\t\t\t<div class=\"elementor-element elementor-element-799bab7 elementor-widget-mobile__width-inherit elementor-widget elementor-widget-eael-progress-bar\" data-id=\"799bab7\" data-element_type=\"widget\" data-widget_type=\"eael-progress-bar.default\">\n\t\t\t\t<div class=\"elementor-widget-container\">\n\t\t\t<div class=\"eael-progressbar-line-container center\">\n                \n\n                <div class=\"eael-progressbar eael-progressbar-line eael-progressbar-line-stripe eael-progressbar-line-animate-rtl\" data-layout=\"line\" data-count=\"52\" data-duration=\"1500\">\n                    <span class=\"eael-progressbar-count-wrap\"><span class=\"eael-progressbar-count\">0<\/span><span class=\"postfix\">%<\/span><\/span>\n                    <span class=\"eael-progressbar-line-fill \" style=\"-webkit-transition-duration:1500ms;-o-transition-duration:1500ms;transition-duration:1500ms;\"><\/span>\n                <\/div>\n            <\/div>\t\t<\/div>\n\t\t\t\t<\/div>\n\t\t\t\t<div class=\"elementor-element elementor-element-9cdd4dc elementor-widget elementor-widget-image\" data-id=\"9cdd4dc\" data-element_type=\"widget\" data-widget_type=\"image.default\">\n\t\t\t\t<div class=\"elementor-widget-container\">\n\t\t\t\t\t\t\t\t\t\t\t\t\t<img fetchpriority=\"high\" decoding=\"async\" width=\"1200\" height=\"675\" src=\"https:\/\/play.exploragame.com.ar\/wp-content\/uploads\/2024\/03\/34cc474e-6a9b-4b47-8108-362ef0364d31_alta-aspect-ratio_default_0.jpg\" class=\"attachment-full size-full wp-image-35\" alt=\"\" srcset=\"https:\/\/play.exploragame.com.ar\/wp-content\/uploads\/2024\/03\/34cc474e-6a9b-4b47-8108-362ef0364d31_alta-aspect-ratio_default_0.jpg 1200w, https:\/\/play.exploragame.com.ar\/wp-content\/uploads\/2024\/03\/34cc474e-6a9b-4b47-8108-362ef0364d31_alta-aspect-ratio_default_0-300x169.jpg 300w, https:\/\/play.exploragame.com.ar\/wp-content\/uploads\/2024\/03\/34cc474e-6a9b-4b47-8108-362ef0364d31_alta-aspect-ratio_default_0-1024x576.jpg 1024w, https:\/\/play.exploragame.com.ar\/wp-content\/uploads\/2024\/03\/34cc474e-6a9b-4b47-8108-362ef0364d31_alta-aspect-ratio_default_0-768x432.jpg 768w\" sizes=\"(max-width: 1200px) 100vw, 1200px\" \/>\t\t\t\t\t\t\t\t\t\t\t\t\t<\/div>\n\t\t\t\t<\/div>\n\t\t\t\t<div class=\"elementor-element elementor-element-04027de elementor-widget elementor-widget-shortcode\" data-id=\"04027de\" data-element_type=\"widget\" data-widget_type=\"shortcode.default\">\n\t\t\t\t<div class=\"elementor-widget-container\">\n\t\t\t\t\t<div class=\"elementor-shortcode\"><div class=\"hurrytimer-cdt hurrytimer-cdt--1800 hurrytimer-campaign hurryt-loading hurrytimer-campaign-1800\" data-config=\"{&quot;id&quot;:1800,&quot;run_in_background&quot;:false,&quot;sticky&quot;:false,&quot;product_ids&quot;:[],&quot;actions&quot;:[{&quot;id&quot;:6,&quot;redirectUrl&quot;:&quot;www.google.com&quot;,&quot;message&quot;:&quot;&lt;video autoplay=\\&quot;autoplay\\&quot; loop=\\&quot;loop\\&quot; muted=\\&quot;\\&quot; width=\\&quot;300\\&quot; height=\\&quot;150\\&quot;&gt;&lt;br \\\/&gt;\\r\\n&lt;source src=\\&quot;https:\\\/\\\/play.exploragame.com.ar\\\/wp-content\\\/uploads\\\/2024\\\/05\\\/tIEMPO-AGOTADO-1.mp4\\&quot; \\\/&gt;&lt;br \\\/&gt;\\r\\n&lt;\\\/video&gt;&quot;,&quot;coupon&quot;:&quot;&quot;,&quot;wcStockStatus&quot;:&quot;instock&quot;}],&quot;template&quot;:&quot;&lt;div class=\\&quot;hurrytimer-timer-block hurrytimer-cdt__dur\\&quot;&gt;&lt;div class=\\&quot;hurrytimer-timer-digit hurrytimer-cdt__time\\&quot;&gt;%I&lt;\\\/div&gt;&lt;div class=\\&quot;hurrytimer-timer-label hurrytimer-cdt__label\\&quot; &gt;hrs&lt;\\\/div&gt;&lt;\\\/div&gt;&lt;div class=\\&quot;hurrytimer-timer-block hurrytimer-cdt__dur\\&quot;&gt;&lt;div class=\\&quot;hurrytimer-timer-digit hurrytimer-cdt__time\\&quot;&gt;%M&lt;\\\/div&gt;&lt;div class=\\&quot;hurrytimer-timer-label hurrytimer-cdt__label\\&quot; &gt;mins&lt;\\\/div&gt;&lt;\\\/div&gt;&lt;div class=\\&quot;hurrytimer-timer-block hurrytimer-cdt__dur\\&quot;&gt;&lt;div class=\\&quot;hurrytimer-timer-digit hurrytimer-cdt__time\\&quot;&gt;%S&lt;\\\/div&gt;&lt;div class=\\&quot;hurrytimer-timer-label hurrytimer-cdt__label\\&quot; &gt;secs&lt;\\\/div&gt;&lt;\\\/div&gt;&quot;,&quot;methods&quot;:[1,2],&quot;mode&quot;:&quot;evergreen&quot;,&quot;sticky_bar_hide_timeout&quot;:7,&quot;isRegular&quot;:false,&quot;restart_duration&quot;:0,&quot;duration&quot;:7200,&quot;should_reset&quot;:true,&quot;reset_token&quot;:&quot;1717528600&quot;,&quot;restart&quot;:&quot;2&quot;,&quot;endDate&quot;:null,&quot;cookieName&quot;:&quot;_ht_CDT-1800&quot;,&quot;reload_reset&quot;:false}\" ><div class=\"hurrytimer-cdt__headline hurrytimer-headline\"><span style=\"font-size: 14px;\">Tiempo de Juego<\/span><\/div><div class=\"hurrytimer-cdt__inner hurrytimer-timer\"><\/div><\/div><\/div>\n\t\t\t\t<\/div>\n\t\t\t\t<\/div>\n\t\t\t\t<\/div>\n\t\t<div class=\"elementor-element elementor-element-d6ec528 e-flex e-con-boxed e-con e-parent\" data-id=\"d6ec528\" data-element_type=\"container\">\n\t\t\t\t\t<div class=\"e-con-inner\">\n\t\t\t\t<div class=\"elementor-element elementor-element-93b2d4e elementor-widget elementor-widget-html\" data-id=\"93b2d4e\" data-element_type=\"widget\" data-widget_type=\"html.default\">\n\t\t\t\t<div class=\"elementor-widget-container\">\n\t\t\t<!DOCTYPE html>\r\n<html lang=\"en\">\r\n<head>\r\n<meta charset=\"UTF-8\">\r\n<meta name=\"viewport\" content=\"width=device-width, initial-scale=1.0\">\r\n<title>Reproductor de Audio<\/title>\r\n<style>\r\n  #caminito-info {\r\n    display: none;\r\n    font-size: 20px; \/* Cambiar el tama\u00f1o de la letra *\/\r\n  }\r\n  #consigna {\r\n    display: none;\r\n    font-size: 20px; \/* Cambiar el tama\u00f1o de la letra *\/\r\n    text-align: center;\r\n  }\r\n  #audio-label {\r\n    display: block;\r\n    text-align: center;\r\n    font-family: Verdana, Geneva, sans-serif;\r\n    margin-bottom: 20px;\r\n  }\r\n  #audio-control {\r\n    display: block;\r\n    margin: 0 auto; \/* Centrar el reproductor de audio *\/\r\n  }\r\n<\/style>\r\n<\/head>\r\n<body>\r\n\r\n<label id=\"audio-label\">Escuchen el audio y luego aparecer\u00e1 la consigna (Debajo encontrar\u00e1n el texto por si se quieren guiar al escucharlo)<\/label>\r\n\r\n<audio id=\"audio-control\" controls controlsList=\"nodownload\">\r\n  <source src=\"https:\/\/play.exploragame.com.ar\/wp-content\/uploads\/2024\/06\/ElevenLabs_2024-06-04T19_04_00_Valeria_pvc_s85_sb60_se38_b_m2.mp3\">\r\n<\/audio>\r\n\r\n<div id=\"caminito-info\" style=\"text-align: center;\">\r\n  <p>Si bien Caminito es un icono indiscutible del barrio, antiguamente era solo un callej\u00f3n por donde pasaba un tren de carga y tras a\u00f1os de abandono se convirti\u00f3 en un descampado en donde jugaban los ni\u00f1os.<\/p>\r\n  <p>Fue gracias a <strong>Quinquela Mart\u00edn<\/strong> que a fines de la d\u00e9cada de 1950, reuni\u00f3 a varios amigos artistas y decidi\u00f3 limpiar el callej\u00f3n que se estaba transformando en un basurero, pintando y colocando esculturas en toda su traza convirti\u00e9ndolo en un museo a cielo abierto.<\/p>\r\n<\/div>\r\n\r\n<div id=\"consigna\">\r\n  <p><strong>Siguiendo con el 7 que algunos dicen que trae suerte <img decoding=\"async\" class=\"emoji\" role=\"img\" draggable=\"false\" src=\"https:\/\/s.w.org\/images\/core\/emoji\/15.0.3\/svg\/1f340.svg\" alt=\"\ud83c\udf40\"> Debajo encontrar\u00e1n 7 fotos ordenadas de forma cronol\u00f3gica desde la actualidad hasta 1910 pero las etiquetas est\u00e1n desordenadas.<\/strong><\/p>\r\n  <p><strong>Tienen que ordenarlas y contestar la pregunta que les aparecer\u00e1 al conseguir que est\u00e9n todas en su posici\u00f3n<\/strong><\/p>\r\n<\/div>\r\n\r\n<script>\r\n  var audio = document.getElementById(\"audio-control\");\r\n  var caminitoInfo = document.getElementById(\"caminito-info\");\r\n  var consigna = document.getElementById(\"consigna\");\r\n  var audioLabel = document.getElementById(\"audio-label\");\r\n\r\n  audio.onplay = function() {\r\n    audioLabel.style.display = \"none\";\r\n    caminitoInfo.style.display = \"block\";\r\n    setTimeout(function() {\r\n      caminitoInfo.style.display = \"none\";\r\n      consigna.style.display = \"block\";\r\n    }, 33000); \/\/ Mostrar consigna despu\u00e9s de 33 segundos\r\n  };\r\n<\/script>\r\n\r\n<\/body>\r\n<\/html>\r\n\t\t<\/div>\n\t\t\t\t<\/div>\n\t\t\t\t\t<\/div>\n\t\t\t\t<\/div>\n\t\t<div class=\"elementor-element elementor-element-0cf9b66 e-flex e-con-boxed e-con e-parent\" data-id=\"0cf9b66\" data-element_type=\"container\">\n\t\t\t\t\t<div class=\"e-con-inner\">\n\t\t\t\t<div class=\"elementor-element elementor-element-0d54d9e elementor-widget elementor-widget-shortcode\" data-id=\"0d54d9e\" data-element_type=\"widget\" data-widget_type=\"shortcode.default\">\n\t\t\t\t<div class=\"elementor-widget-container\">\n\t\t\t\t\t<div class=\"elementor-shortcode\"><div class=\"h5p-iframe-wrapper\"><iframe id=\"h5p-iframe-6\" class=\"h5p-iframe\" data-content-id=\"6\" style=\"height:1px\" src=\"about:blank\" frameBorder=\"0\" scrolling=\"no\" title=\"caminito fechas\"><\/iframe><\/div><\/div>\n\t\t\t\t<\/div>\n\t\t\t\t<\/div>\n\t\t\t\t\t<\/div>\n\t\t\t\t<\/div>\n\t\t<div class=\"elementor-element elementor-element-dc7f824 e-flex e-con-boxed e-con e-parent\" data-id=\"dc7f824\" data-element_type=\"container\">\n\t\t\t\t\t<div class=\"e-con-inner\">\n\t\t\t\t<div class=\"elementor-element elementor-element-67be79d elementor-widget elementor-widget-html\" data-id=\"67be79d\" data-element_type=\"widget\" data-settings=\"{&quot;_animation_mobile&quot;:&quot;fadeInUp&quot;}\" data-widget_type=\"html.default\">\n\t\t\t\t<div class=\"elementor-widget-container\">\n\t\t\t<!DOCTYPE html>\r\n<html lang=\"en\">\r\n<head>\r\n<meta charset=\"UTF-8\">\r\n<meta name=\"viewport\" content=\"width=device-width, initial-scale=1.0\">\r\n<title>Prueba de Pregunta<\/title>\r\n<style>\r\n    body {\r\n        font-family: Arial, sans-serif;\r\n        text-align: center;\r\n        position: relative;\r\n        height: 100vh;\r\n        margin: 0;\r\n    }\r\n    .container {\r\n        width: 90%; \/* Ancho del contenedor *\/\r\n        max-width: 400px; \/* M\u00e1ximo ancho del contenedor *\/\r\n        margin: 0 auto; \/* Centrado horizontal *\/\r\n    }\r\n    input[type=\"text\"], button {\r\n        width: 100%; \/* Ocupa el 100% del contenedor *\/\r\n        border-radius: 10px; \/* Bordes redondeados *\/\r\n        padding: 10px 20px; \/* Espacio interno *\/\r\n        margin: 10px 0; \/* Margen externo *\/\r\n        box-sizing: border-box; \/* Incluir padding y border en el ancho total *\/\r\n    }\r\n    input[type=\"text\"] {\r\n        border: 1px solid #ccc; \/* L\u00ednea suave *\/\r\n    }\r\n    button {\r\n        background-color: #FF5100; \/* Color de fondo FF5100 *\/\r\n        color: white; \/* Color del texto blanco *\/\r\n        border: none; \/* Sin bordes *\/\r\n        cursor: pointer; \/* Cambio de cursor al pasar el rat\u00f3n *\/\r\n    }\r\n    .mensaje {\r\n        color: red;\r\n        visibility: hidden;\r\n    }\r\n    .animacion-correcta, .animacion-incorrecta {\r\n        position: fixed;\r\n        top: 50%;\r\n        left: 50%;\r\n        transform: translate(-50%, -50%);\r\n        visibility: hidden;\r\n    }\r\n<\/style>\r\n<\/head>\r\n<body>\r\n<h1><\/h1>\r\n<p id=\"pregunta\"><\/p>\r\n<div class=\"container\">\r\n    <input type=\"text\" id=\"respuesta\" placeholder=\"Escriba aqu\u00ed su respuesta\"> <!-- Placeholder -->\r\n    <button onclick=\"verificarRespuesta()\">Responder<\/button>\r\n<\/div>\r\n<p id=\"mensaje\" class=\"mensaje\"> \u00bfLos ayudo? Pueden pedir pistas por el chat.<\/p>\r\n\r\n<img decoding=\"async\" id=\"animacionCorrecta\" class=\"animacion-correcta\" src=\"https:\/\/play.exploragame.com.ar\/wp-content\/uploads\/2024\/06\/Titulo-4.gif\" alt=\"Respuesta correcta\">\r\n<img decoding=\"async\" id=\"animacionIncorrecta\" class=\"animacion-incorrecta\" src=\"https:\/\/play.exploragame.com.ar\/wp-content\/uploads\/2024\/06\/Titulo.gif\" alt=\"Respuesta incorrecta\">\r\n\r\n<audio id=\"correctoAudio\" src=\"https:\/\/play.exploragame.com.ar\/wp-content\/uploads\/2024\/06\/Correct-Answer-Sound-Effect-DeeChannel-mp3cut.net_.mp3\"><\/audio>\r\n<audio id=\"incorrectoAudio\" src=\"https:\/\/play.exploragame.com.ar\/wp-content\/uploads\/2024\/06\/INCORRECT-mp3cut.net_.mp3\"><\/audio>\r\n\r\n<script>\r\nvar pregunta = \"\"; \/\/ Definir la pregunta\r\nvar respuestasCorrectas = [\"1891\"]; \/\/ Definir las respuestas correctas en un arreglo\r\nvar intentosIncorrectos = 0; \/\/ Contador de intentos incorrectos\r\n\r\ndocument.getElementById(\"pregunta\").innerText = pregunta;\r\n\r\nfunction verificarRespuesta() {\r\n    var respuestaUsuario = document.getElementById(\"respuesta\").value.toLowerCase();\r\n\r\n    \/\/ Eliminar tildes de la respuesta del usuario y de las respuestas correctas\r\n    respuestaUsuario = respuestaUsuario.normalize(\"NFD\").replace(\/[\\u0300-\\u036f]\/g, \"\");\r\n    var respuestasCorrectasNormalizadas = respuestasCorrectas.map(function(respuesta) {\r\n        return respuesta.toLowerCase().normalize(\"NFD\").replace(\/[\\u0300-\\u036f]\/g, \"\");\r\n    });\r\n\r\n    \/\/ Verificar si la respuesta del usuario coincide con alguna de las respuestas correctas\r\n    var respuestaCorrecta = respuestasCorrectasNormalizadas.find(function(respuesta) {\r\n        return respuesta === respuestaUsuario;\r\n    });\r\n\r\n    if (respuestaCorrecta) {\r\n        reproducirSonido(\"correctoAudio\");\r\n        mostrarAnimacionCorrecta();\r\n        setTimeout(function() {\r\n            window.location.href = \"https:\/\/play.exploragame.com.ar\/index.php\/la-boca-9-esp-caminito-2-2\/\";\r\n        }, 2000);\r\n    } else {\r\n        intentosIncorrectos++;\r\n        reproducirSonido(\"incorrectoAudio\");\r\n        mostrarAnimacionIncorrecta();\r\n        if (intentosIncorrectos >= 2) {\r\n            document.getElementById(\"mensaje\").style.visibility = \"visible\";\r\n        }\r\n    }\r\n\r\n    \/\/ Limpiar el campo de respuesta\r\n    document.getElementById(\"respuesta\").value = \"\";\r\n}\r\n\r\nfunction reproducirSonido(idAudio) {\r\n    var audio = document.getElementById(idAudio);\r\n    audio.play();\r\n}\r\n\r\nfunction mostrarAnimacionCorrecta() {\r\n    var animacion = document.getElementById(\"animacionCorrecta\");\r\n    animacion.style.visibility = \"visible\";\r\n    setTimeout(function() {\r\n        animacion.style.visibility = \"hidden\";\r\n    }, 3000); \/\/ Asume que el GIF dura 3 segundos, ajusta este tiempo seg\u00fan sea necesario\r\n}\r\n\r\nfunction mostrarAnimacionIncorrecta() {\r\n    var animacion = document.getElementById(\"animacionIncorrecta\");\r\n    animacion.style.visibility = \"visible\";\r\n    setTimeout(function() {\r\n        animacion.style.visibility = \"hidden\";\r\n    }, 2000); \/\/ Asume que el GIF dura 2 segundos, ajusta este tiempo seg\u00fan sea necesario\r\n}\r\n<\/script>\r\n<\/body>\r\n<\/html>\r\n\t\t<\/div>\n\t\t\t\t<\/div>\n\t\t\t\t\t<\/div>\n\t\t\t\t<\/div>\n\t\t\t\t<\/div>\n\t\t","protected":false},"excerpt":{"rendered":"<p>0% Reproductor de Audio Escuchen el audio y luego aparecer\u00e1 la consigna (Debajo encontrar\u00e1n el texto por si se quieren guiar al escucharlo) Si bien Caminito es un icono indiscutible del barrio, antiguamente era solo un callej\u00f3n por donde pasaba un tren de carga y tras a\u00f1os de abandono se convirti\u00f3 en un descampado en &#8230; <a title=\"La Boca 9 esp \/ caminito\" class=\"read-more\" href=\"https:\/\/play.exploragame.com.ar\/index.php\/la-boca-9-esp-caminito\/\" aria-label=\"Leer m\u00e1s sobre La Boca 9 esp \/ caminito\">Leer m\u00e1s<\/a><\/p>\n","protected":false},"author":1,"featured_media":0,"parent":0,"menu_order":0,"comment_status":"closed","ping_status":"closed","template":"elementor_header_footer","meta":{"footnotes":""},"wf_page_folders":[5],"class_list":["post-1860","page","type-page","status-publish"],"_links":{"self":[{"href":"https:\/\/play.exploragame.com.ar\/index.php\/wp-json\/wp\/v2\/pages\/1860","targetHints":{"allow":["GET"]}}],"collection":[{"href":"https:\/\/play.exploragame.com.ar\/index.php\/wp-json\/wp\/v2\/pages"}],"about":[{"href":"https:\/\/play.exploragame.com.ar\/index.php\/wp-json\/wp\/v2\/types\/page"}],"author":[{"embeddable":true,"href":"https:\/\/play.exploragame.com.ar\/index.php\/wp-json\/wp\/v2\/users\/1"}],"replies":[{"embeddable":true,"href":"https:\/\/play.exploragame.com.ar\/index.php\/wp-json\/wp\/v2\/comments?post=1860"}],"version-history":[{"count":103,"href":"https:\/\/play.exploragame.com.ar\/index.php\/wp-json\/wp\/v2\/pages\/1860\/revisions"}],"predecessor-version":[{"id":6117,"href":"https:\/\/play.exploragame.com.ar\/index.php\/wp-json\/wp\/v2\/pages\/1860\/revisions\/6117"}],"wp:attachment":[{"href":"https:\/\/play.exploragame.com.ar\/index.php\/wp-json\/wp\/v2\/media?parent=1860"}],"wp:term":[{"taxonomy":"wf_page_folders","embeddable":true,"href":"https:\/\/play.exploragame.com.ar\/index.php\/wp-json\/wp\/v2\/wf_page_folders?post=1860"}],"curies":[{"name":"wp","href":"https:\/\/api.w.org\/{rel}","templated":true}]}}