{"id":3169,"date":"2024-05-18T19:13:59","date_gmt":"2024-05-18T19:13:59","guid":{"rendered":"https:\/\/play.exploragame.com.ar\/?page_id=3169"},"modified":"2024-06-16T12:40:41","modified_gmt":"2024-06-16T12:40:41","slug":"la-boca-23-esp-banchero","status":"publish","type":"page","link":"https:\/\/play.exploragame.com.ar\/index.php\/la-boca-23-esp-banchero\/","title":{"rendered":"La Boca 23 esp \/ Banchero 2"},"content":{"rendered":"\t\t<div data-elementor-type=\"wp-page\" data-elementor-id=\"3169\" class=\"elementor elementor-3169\" data-elementor-post-type=\"page\">\n\t\t\t\t<div class=\"elementor-element elementor-element-d23e2b5 e-flex e-con-boxed e-con e-parent\" data-id=\"d23e2b5\" data-element_type=\"container\" data-settings=\"{&quot;background_background&quot;:&quot;classic&quot;,&quot;animation_mobile&quot;:&quot;fadeInUp&quot;}\">\n\t\t\t\t\t<div class=\"e-con-inner\">\n\t\t\t\t<div class=\"elementor-element elementor-element-320f8e0 elementor-widget-mobile__width-inherit elementor-widget elementor-widget-eael-progress-bar\" data-id=\"320f8e0\" data-element_type=\"widget\" data-widget_type=\"eael-progress-bar.default\">\n\t\t\t\t<div class=\"elementor-widget-container\">\n\t\t\t<div class=\"eael-progressbar-line-container center\">\n                \n\n                <div class=\"eael-progressbar eael-progressbar-line eael-progressbar-line-stripe eael-progressbar-line-animate-rtl\" data-layout=\"line\" data-count=\"99\" data-duration=\"1500\">\n                    <span class=\"eael-progressbar-count-wrap\"><span class=\"eael-progressbar-count\">0<\/span><span class=\"postfix\">%<\/span><\/span>\n                    <span class=\"eael-progressbar-line-fill \" style=\"-webkit-transition-duration:1500ms;-o-transition-duration:1500ms;transition-duration:1500ms;\"><\/span>\n                <\/div>\n            <\/div>\t\t<\/div>\n\t\t\t\t<\/div>\n\t\t\t\t<div class=\"elementor-element elementor-element-78d2d34 elementor-widget elementor-widget-video\" data-id=\"78d2d34\" data-element_type=\"widget\" data-settings=\"{&quot;youtube_url&quot;:&quot;https:\\\/\\\/www.youtube.com\\\/watch?v=OhDH0gkq8Rs&quot;,&quot;autoplay&quot;:&quot;yes&quot;,&quot;play_on_mobile&quot;:&quot;yes&quot;,&quot;mute&quot;:&quot;yes&quot;,&quot;loop&quot;:&quot;yes&quot;,&quot;video_type&quot;:&quot;youtube&quot;}\" data-widget_type=\"video.default\">\n\t\t\t\t<div class=\"elementor-widget-container\">\n\t\t\t\t\t<div class=\"elementor-wrapper elementor-open-inline\">\n\t\t\t<div class=\"elementor-video\"><\/div>\t\t<\/div>\n\t\t\t\t<\/div>\n\t\t\t\t<\/div>\n\t\t\t\t\t<\/div>\n\t\t\t\t<\/div>\n\t\t<div class=\"elementor-element elementor-element-89f15c0 e-flex e-con-boxed e-con e-parent\" data-id=\"89f15c0\" data-element_type=\"container\" data-settings=\"{&quot;background_background&quot;:&quot;classic&quot;}\">\n\t\t\t\t\t<div class=\"e-con-inner\">\n\t\t\t\t<div class=\"elementor-element elementor-element-da66fb9 elementor-widget-divider--view-line elementor-widget elementor-widget-divider\" data-id=\"da66fb9\" data-element_type=\"widget\" data-widget_type=\"divider.default\">\n\t\t\t\t<div class=\"elementor-widget-container\">\n\t\t\t\t\t<div class=\"elementor-divider\">\n\t\t\t<span class=\"elementor-divider-separator\">\n\t\t\t\t\t\t<\/span>\n\t\t<\/div>\n\t\t\t\t<\/div>\n\t\t\t\t<\/div>\n\t\t\t\t\t<\/div>\n\t\t\t\t<\/div>\n\t\t<div class=\"elementor-element elementor-element-65be1549 e-flex e-con-boxed e-con e-parent\" data-id=\"65be1549\" data-element_type=\"container\" data-settings=\"{&quot;background_background&quot;:&quot;classic&quot;}\">\n\t\t\t\t\t<div class=\"e-con-inner\">\n\t\t\t\t<div class=\"elementor-element elementor-element-7f40ac7 elementor-widget elementor-widget-heading\" data-id=\"7f40ac7\" data-element_type=\"widget\" data-widget_type=\"heading.default\">\n\t\t\t\t<div class=\"elementor-widget-container\">\n\t\t\t<h2 class=\"elementor-heading-title elementor-size-default\">\u00bfSe tentaron?<\/h2>\t\t<\/div>\n\t\t\t\t<\/div>\n\t\t\t\t<div class=\"elementor-element elementor-element-1200853a elementor-widget elementor-widget-text-editor\" data-id=\"1200853a\" data-element_type=\"widget\" data-widget_type=\"text-editor.default\">\n\t\t\t\t<div class=\"elementor-widget-container\">\n\t\t\t\t\t\t\t<p>Para esta altura me imagino que estar\u00e1n cansados y con hambre. Nuestra parada final ser\u00e1 una pizzer\u00eda ic\u00f3nica del barrio, que fue creadora de un cl\u00e1sico argentino: Fugazeta con queso.\u00a0<\/p>\t\t\t\t\t\t<\/div>\n\t\t\t\t<\/div>\n\t\t\t\t<div class=\"elementor-element elementor-element-3c4d955 elementor-widget elementor-widget-shortcode\" data-id=\"3c4d955\" data-element_type=\"widget\" data-widget_type=\"shortcode.default\">\n\t\t\t\t<div class=\"elementor-widget-container\">\n\t\t\t\t\t<div class=\"elementor-shortcode\">[mapster_wp_map id=\"3195\"]\t<\/div>\n\t\t\t\t<\/div>\n\t\t\t\t<\/div>\n\t\t\t\t<div class=\"elementor-element elementor-element-cce547c elementor-widget elementor-widget-image\" data-id=\"cce547c\" data-element_type=\"widget\" data-widget_type=\"image.default\">\n\t\t\t\t<div class=\"elementor-widget-container\">\n\t\t\t\t\t\t\t\t\t\t\t\t\t<img fetchpriority=\"high\" decoding=\"async\" width=\"2048\" height=\"1288\" src=\"https:\/\/play.exploragame.com.ar\/wp-content\/uploads\/2024\/05\/62190865_3063526187005910_559065851286781952_n-1.jpg\" class=\"attachment-full size-full wp-image-3196\" alt=\"\" srcset=\"https:\/\/play.exploragame.com.ar\/wp-content\/uploads\/2024\/05\/62190865_3063526187005910_559065851286781952_n-1.jpg 2048w, https:\/\/play.exploragame.com.ar\/wp-content\/uploads\/2024\/05\/62190865_3063526187005910_559065851286781952_n-1-300x189.jpg 300w, https:\/\/play.exploragame.com.ar\/wp-content\/uploads\/2024\/05\/62190865_3063526187005910_559065851286781952_n-1-1024x644.jpg 1024w, https:\/\/play.exploragame.com.ar\/wp-content\/uploads\/2024\/05\/62190865_3063526187005910_559065851286781952_n-1-768x483.jpg 768w, https:\/\/play.exploragame.com.ar\/wp-content\/uploads\/2024\/05\/62190865_3063526187005910_559065851286781952_n-1-1536x966.jpg 1536w\" sizes=\"(max-width: 2048px) 100vw, 2048px\" \/>\t\t\t\t\t\t\t\t\t\t\t\t\t<\/div>\n\t\t\t\t<\/div>\n\t\t\t\t<div class=\"elementor-element elementor-element-a69eff0 elementor-widget elementor-widget-text-editor\" data-id=\"a69eff0\" data-element_type=\"widget\" data-widget_type=\"text-editor.default\">\n\t\t\t\t<div class=\"elementor-widget-container\">\n\t\t\t\t\t\t\t<p>Para poder probarla y dar por terminado el juego tienen que dirigirse a <strong>Banchero<\/strong> a 2 cuadras de donde est\u00e1n:&nbsp; la esquina de la Av. Almirante Brown y Suarez.&nbsp;<\/p><p>Ah\u00ed nos encontraremos!!!<\/p>\t\t\t\t\t\t<\/div>\n\t\t\t\t<\/div>\n\t\t\t\t\t<\/div>\n\t\t\t\t<\/div>\n\t\t<div class=\"elementor-element elementor-element-4dfdddc e-con-full e-flex e-con e-parent\" data-id=\"4dfdddc\" data-element_type=\"container\" data-settings=\"{&quot;background_background&quot;:&quot;classic&quot;}\">\n\t\t\t\t<div class=\"elementor-element elementor-element-1e64b09 elementor-widget elementor-widget-shortcode\" data-id=\"1e64b09\" data-element_type=\"widget\" data-widget_type=\"shortcode.default\">\n\t\t\t\t<div class=\"elementor-widget-container\">\n\t\t\t\t\t<div class=\"elementor-shortcode\"><div class=\"hurrytimer-cdt hurrytimer-cdt--3200 hurrytimer-campaign hurryt-loading hurrytimer-campaign-3200\" data-config=\"{&quot;id&quot;:3200,&quot;run_in_background&quot;:false,&quot;sticky&quot;:false,&quot;product_ids&quot;:[],&quot;actions&quot;:[{&quot;id&quot;:6,&quot;redirectUrl&quot;:&quot;www.google.com&quot;,&quot;message&quot;:&quot;&lt;video autoplay=\\&quot;autoplay\\&quot; loop=\\&quot;loop\\&quot; muted=\\&quot;\\&quot; width=\\&quot;300\\&quot; height=\\&quot;150\\&quot;&gt;&lt;br \\\/&gt;\\r\\n&lt;source src=\\&quot;https:\\\/\\\/play.exploragame.com.ar\\\/wp-content\\\/uploads\\\/2024\\\/05\\\/tIEMPO-AGOTADO-1.mp4\\&quot; \\\/&gt;&lt;br \\\/&gt;\\r\\n&lt;\\\/video&gt;&quot;,&quot;coupon&quot;:&quot;&quot;,&quot;wcStockStatus&quot;:&quot;instock&quot;}],&quot;template&quot;:&quot;&lt;div class=\\&quot;hurrytimer-timer-block hurrytimer-cdt__dur\\&quot;&gt;&lt;div class=\\&quot;hurrytimer-timer-digit hurrytimer-cdt__time\\&quot;&gt;%N&lt;\\\/div&gt;&lt;\\\/div&gt;&lt;div class=\\&quot;hurrytimer-cdt__sep hurrytimer-timer-sep\\&quot;&gt;:&lt;\\\/div&gt;&lt;div class=\\&quot;hurrytimer-timer-block hurrytimer-cdt__dur\\&quot;&gt;&lt;div class=\\&quot;hurrytimer-timer-digit hurrytimer-cdt__time\\&quot;&gt;%S&lt;\\\/div&gt;&lt;\\\/div&gt;&quot;,&quot;methods&quot;:[1,2],&quot;mode&quot;:&quot;evergreen&quot;,&quot;sticky_bar_hide_timeout&quot;:7,&quot;isRegular&quot;:false,&quot;restart_duration&quot;:0,&quot;duration&quot;:300,&quot;should_reset&quot;:true,&quot;reset_token&quot;:&quot;1716067282&quot;,&quot;restart&quot;:&quot;1&quot;,&quot;endDate&quot;:null,&quot;cookieName&quot;:&quot;_ht_CDT-3200&quot;,&quot;reload_reset&quot;:true}\" ><div class=\"hurrytimer-cdt__inner hurrytimer-timer\"><\/div><\/div><\/div>\n\t\t\t\t<\/div>\n\t\t\t\t<\/div>\n\t\t\t\t<\/div>\n\t\t\t\t<\/div>\n\t\t","protected":false},"excerpt":{"rendered":"<p>0% \u00bfSe tentaron? Para esta altura me imagino que estar\u00e1n cansados y con hambre. Nuestra parada final ser\u00e1 una pizzer\u00eda ic\u00f3nica del barrio, que fue creadora de un cl\u00e1sico argentino: Fugazeta con queso.\u00a0 [mapster_wp_map id=&#8221;3195&#8243;] Para poder probarla y dar por terminado el juego tienen que dirigirse a Banchero a 2 cuadras de donde est\u00e1n:&nbsp; &#8230; <a title=\"La Boca 23 esp \/ Banchero 2\" class=\"read-more\" href=\"https:\/\/play.exploragame.com.ar\/index.php\/la-boca-23-esp-banchero\/\" aria-label=\"Leer m\u00e1s sobre La Boca 23 esp \/ Banchero 2\">Leer m\u00e1s<\/a><\/p>\n","protected":false},"author":1,"featured_media":0,"parent":0,"menu_order":0,"comment_status":"closed","ping_status":"closed","template":"elementor_header_footer","meta":{"footnotes":""},"wf_page_folders":[5],"class_list":["post-3169","page","type-page","status-publish"],"_links":{"self":[{"href":"https:\/\/play.exploragame.com.ar\/index.php\/wp-json\/wp\/v2\/pages\/3169","targetHints":{"allow":["GET"]}}],"collection":[{"href":"https:\/\/play.exploragame.com.ar\/index.php\/wp-json\/wp\/v2\/pages"}],"about":[{"href":"https:\/\/play.exploragame.com.ar\/index.php\/wp-json\/wp\/v2\/types\/page"}],"author":[{"embeddable":true,"href":"https:\/\/play.exploragame.com.ar\/index.php\/wp-json\/wp\/v2\/users\/1"}],"replies":[{"embeddable":true,"href":"https:\/\/play.exploragame.com.ar\/index.php\/wp-json\/wp\/v2\/comments?post=3169"}],"version-history":[{"count":44,"href":"https:\/\/play.exploragame.com.ar\/index.php\/wp-json\/wp\/v2\/pages\/3169\/revisions"}],"predecessor-version":[{"id":6237,"href":"https:\/\/play.exploragame.com.ar\/index.php\/wp-json\/wp\/v2\/pages\/3169\/revisions\/6237"}],"wp:attachment":[{"href":"https:\/\/play.exploragame.com.ar\/index.php\/wp-json\/wp\/v2\/media?parent=3169"}],"wp:term":[{"taxonomy":"wf_page_folders","embeddable":true,"href":"https:\/\/play.exploragame.com.ar\/index.php\/wp-json\/wp\/v2\/wf_page_folders?post=3169"}],"curies":[{"name":"wp","href":"https:\/\/api.w.org\/{rel}","templated":true}]}}