{"id":3918,"date":"2024-05-27T02:44:15","date_gmt":"2024-05-27T02:44:15","guid":{"rendered":"https:\/\/play.exploragame.com.ar\/?page_id=3918"},"modified":"2024-06-03T19:12:43","modified_gmt":"2024-06-03T19:12:43","slug":"6-bar-britanico-2-2","status":"publish","type":"page","link":"https:\/\/play.exploragame.com.ar\/index.php\/6-bar-britanico-2-2\/","title":{"rendered":"6  bar brit\u00e1nico 2\/2"},"content":{"rendered":"\t\t<div data-elementor-type=\"wp-page\" data-elementor-id=\"3918\" class=\"elementor elementor-3918\" data-elementor-post-type=\"page\">\n\t\t\t\t<div class=\"elementor-element elementor-element-5accde2 e-con-full e-flex e-con e-parent\" data-id=\"5accde2\" data-element_type=\"container\">\n\t\t<div class=\"elementor-element elementor-element-1e4ecf7 e-flex e-con-boxed e-con e-child\" data-id=\"1e4ecf7\" data-element_type=\"container\">\n\t\t\t\t\t<div class=\"e-con-inner\">\n\t\t\t\t<div class=\"elementor-element elementor-element-ec4b751 elementor-widget-mobile__width-inherit elementor-widget elementor-widget-eael-progress-bar\" data-id=\"ec4b751\" data-element_type=\"widget\" data-widget_type=\"eael-progress-bar.default\">\n\t\t\t\t<div class=\"elementor-widget-container\">\n\t\t\t<div class=\"eael-progressbar-line-container center\">\n                \n\n                <div class=\"eael-progressbar eael-progressbar-line eael-progressbar-line-stripe eael-progressbar-line-animate-rtl\" data-layout=\"line\" data-count=\"24\" data-duration=\"1500\">\n                    <span class=\"eael-progressbar-count-wrap\"><span class=\"eael-progressbar-count\">0<\/span><span class=\"postfix\">%<\/span><\/span>\n                    <span class=\"eael-progressbar-line-fill \" style=\"-webkit-transition-duration:1500ms;-o-transition-duration:1500ms;transition-duration:1500ms;\"><\/span>\n                <\/div>\n            <\/div>\t\t<\/div>\n\t\t\t\t<\/div>\n\t\t\t\t<div class=\"elementor-element elementor-element-f54dd25 elementor-widget elementor-widget-image\" data-id=\"f54dd25\" data-element_type=\"widget\" data-widget_type=\"image.default\">\n\t\t\t\t<div class=\"elementor-widget-container\">\n\t\t\t\t\t\t\t\t\t\t\t\t\t<img fetchpriority=\"high\" decoding=\"async\" width=\"535\" height=\"258\" src=\"https:\/\/play.exploragame.com.ar\/wp-content\/uploads\/2024\/05\/FB_IMG_1716776192423.jpg\" class=\"attachment-large size-large wp-image-3920\" alt=\"\" srcset=\"https:\/\/play.exploragame.com.ar\/wp-content\/uploads\/2024\/05\/FB_IMG_1716776192423.jpg 535w, https:\/\/play.exploragame.com.ar\/wp-content\/uploads\/2024\/05\/FB_IMG_1716776192423-300x145.jpg 300w\" sizes=\"(max-width: 535px) 100vw, 535px\" \/>\t\t\t\t\t\t\t\t\t\t\t\t\t<\/div>\n\t\t\t\t<\/div>\n\t\t\t\t\t<\/div>\n\t\t\t\t<\/div>\n\t\t\t\t<\/div>\n\t\t<div class=\"elementor-element elementor-element-d23e2b5 e-flex e-con-boxed e-con e-parent\" data-id=\"d23e2b5\" data-element_type=\"container\" data-settings=\"{&quot;background_background&quot;:&quot;classic&quot;,&quot;animation_mobile&quot;:&quot;fadeInUp&quot;}\">\n\t\t\t\t\t<div class=\"e-con-inner\">\n\t\t<div class=\"elementor-element elementor-element-0660977 e-flex e-con-boxed e-con e-child\" data-id=\"0660977\" data-element_type=\"container\" data-settings=\"{&quot;animation_mobile&quot;:&quot;fadeInUp&quot;}\">\n\t\t\t\t\t<div class=\"e-con-inner\">\n\t\t\t\t<div class=\"elementor-element elementor-element-d7613a5 elementor-widget elementor-widget-html\" data-id=\"d7613a5\" data-element_type=\"widget\" data-widget_type=\"html.default\">\n\t\t\t\t<div class=\"elementor-widget-container\">\n\t\t\t<audio controls controlslist=\"nodownload\">\n  <source src=\"https:\/\/play.exploragame.com.ar\/wp-content\/uploads\/2024\/06\/ElevenLabs_2024-06-03T03_02_52_Valeria_pvc_s85_sb60_se38_b_m2.mp3\" type=\"audio\/mp3\">\n  Your browser does not support the audio element.\n<\/audio>\t\t<\/div>\n\t\t\t\t<\/div>\n\t\t\t\t<div class=\"elementor-element elementor-element-d5c4357 elementor-widget-divider--view-line elementor-widget elementor-widget-divider\" data-id=\"d5c4357\" data-element_type=\"widget\" data-settings=\"{&quot;_animation_mobile&quot;:&quot;fadeInUp&quot;}\" data-widget_type=\"divider.default\">\n\t\t\t\t<div class=\"elementor-widget-container\">\n\t\t\t\t\t<div class=\"elementor-divider\">\n\t\t\t<span class=\"elementor-divider-separator\">\n\t\t\t\t\t\t<\/span>\n\t\t<\/div>\n\t\t\t\t<\/div>\n\t\t\t\t<\/div>\n\t\t\t\t\t<\/div>\n\t\t\t\t<\/div>\n\t\t\t\t\t<\/div>\n\t\t\t\t<\/div>\n\t\t<div class=\"elementor-element elementor-element-3660ddf e-con-full e-flex e-con e-parent\" data-id=\"3660ddf\" data-element_type=\"container\" data-settings=\"{&quot;animation_mobile&quot;:&quot;fadeInUp&quot;}\">\n\t\t<div class=\"elementor-element elementor-element-6d2df87 e-flex e-con-boxed e-con e-child\" data-id=\"6d2df87\" data-element_type=\"container\">\n\t\t\t\t\t<div class=\"e-con-inner\">\n\t\t\t\t<div class=\"elementor-element elementor-element-b964760 elementor-widget elementor-widget-heading\" data-id=\"b964760\" data-element_type=\"widget\" data-widget_type=\"heading.default\">\n\t\t\t\t<div class=\"elementor-widget-container\">\n\t\t\t<h2 class=\"elementor-heading-title elementor-size-default\">Bar Brit\u00e1nico<\/h2>\t\t<\/div>\n\t\t\t\t<\/div>\n\t\t\t\t<div class=\"elementor-element elementor-element-6e2c3e5 elementor-widget elementor-widget-text-editor\" data-id=\"6e2c3e5\" data-element_type=\"widget\" data-widget_type=\"text-editor.default\">\n\t\t\t\t<div class=\"elementor-widget-container\">\n\t\t\t\t\t\t\t<p>Ahora se encuentran en el <strong>Bar Brit\u00e1nico<\/strong>, que es un cl\u00e1sico cafetin de Buenos Aires. Comenz\u00f3 a funcionar en la d\u00e9cada de 1920.\u00a0<\/p><p>Originalmente en este predio se encontraba un local llamado\u00a0<span style=\"background-color: var(--base-2);\">Royal Park<\/span><span style=\"background-color: var(--base-2);\"> en donde proyectaban pel\u00edculas mudas hasta el a\u00f1o 1910. La imagen de arriba hace referencia a este Cinemat\u00f3grafo (Cine)<\/span><\/p><p>El nombre del Bar Brit\u00e1nico, se debi\u00f3 a la concurrencia de empleados ingleses de los trenes de capitales brit\u00e1nicos y de excombatientes de la Primera Guerra mundial.\u00a0<\/p><p>Se convirti\u00f3 en un lugar ic\u00f3nico frecuentado por artistas y escritores, incluyendo a Ernesto S\u00e1bato, quien lo mencion\u00f3 en su novela &#8220;Sobre h\u00e9roes y tumbas&#8221;.<\/p><p>Durante la guerra de Malvinas contra los Ingleses en 1982, al bar le borraron las tres primeras letras y durante un tiempo se llam\u00f3 <strong>Bar Tanico<\/strong><\/p><p>En 2006, enfrent\u00f3 un intento de cierre que provoc\u00f3 una fuerte movilizaci\u00f3n de vecinos y figuras p\u00fablicas para mantenerlo abierto. Despu\u00e9s de varios cierres y reaperturas, el bar contin\u00faa operando y sigue siendo un punto de encuentro cultural y bohemio.<\/p><p>Para continuar tienen que encontrar un cuadro con una remera del querido club de futbol del barrio que actualmente juega en la segunda divisi\u00f3n: El <strong>Club Atl\u00e9tico San Telmo<\/strong>. Dicha remera tiene un n\u00famero en la espalda el cual tienen que indicar abajo.<\/p>\t\t\t\t\t\t<\/div>\n\t\t\t\t<\/div>\n\t\t\t\t\t<\/div>\n\t\t\t\t<\/div>\n\t\t\t\t<div class=\"elementor-element elementor-element-1581097 elementor-widget elementor-widget-image\" data-id=\"1581097\" data-element_type=\"widget\" data-widget_type=\"image.default\">\n\t\t\t\t<div class=\"elementor-widget-container\">\n\t\t\t\t\t\t\t\t\t\t\t\t\t<img decoding=\"async\" width=\"205\" height=\"246\" src=\"https:\/\/play.exploragame.com.ar\/wp-content\/uploads\/2024\/05\/descarga-8-1.jpg\" class=\"attachment-large size-large wp-image-3921\" alt=\"\" \/>\t\t\t\t\t\t\t\t\t\t\t\t\t<\/div>\n\t\t\t\t<\/div>\n\t\t\t\t<\/div>\n\t\t<div class=\"elementor-element elementor-element-7aca614 e-flex e-con-boxed e-con e-parent\" data-id=\"7aca614\" data-element_type=\"container\">\n\t\t\t\t\t<div class=\"e-con-inner\">\n\t\t\t\t<div class=\"elementor-element elementor-element-1dcb314 elementor-widget elementor-widget-aep-contact-form_7\" data-id=\"1dcb314\" data-element_type=\"widget\" data-settings=\"{&quot;motion_fx_motion_fx_mouse&quot;:&quot;yes&quot;,&quot;_animation_mobile&quot;:&quot;fadeInUp&quot;}\" data-widget_type=\"aep-contact-form_7.default\">\n\t\t\t\t<div class=\"elementor-widget-container\">\n\t\t\t<div class=\"elementor-shortcode aep-cf7 style-normal aep-cf7-3922\"><h3 class=\"cf7-title\"><\/h3><div class=\"cf7-sub-title\"><\/div>\n<div class=\"wpcf7 no-js\" id=\"wpcf7-f3922-o1\" lang=\"es-AR\" dir=\"ltr\">\n<div class=\"screen-reader-response\"><p role=\"status\" aria-live=\"polite\" aria-atomic=\"true\"><\/p> <ul><\/ul><\/div>\n<form action=\"\/index.php\/wp-json\/wp\/v2\/pages\/3918#wpcf7-f3922-o1\" method=\"post\" class=\"wpcf7-form init\" aria-label=\"Formulario de contacto\" novalidate=\"novalidate\" data-status=\"init\">\n<div style=\"display: none;\">\n<input type=\"hidden\" name=\"_wpcf7\" value=\"3922\" \/>\n<input type=\"hidden\" name=\"_wpcf7_version\" value=\"5.9.3\" \/>\n<input type=\"hidden\" name=\"_wpcf7_locale\" value=\"es_AR\" \/>\n<input type=\"hidden\" name=\"_wpcf7_unit_tag\" value=\"wpcf7-f3922-o1\" \/>\n<input type=\"hidden\" name=\"_wpcf7_container_post\" value=\"0\" \/>\n<input type=\"hidden\" name=\"_wpcf7_posted_data_hash\" value=\"\" \/>\n<\/div>\n<p><span class=\"wpcf7-form-control-wrap\" data-name=\"quiz-271\"><label><span class=\"wpcf7-quiz-label\"><\/span> <input size=\"40\" class=\"wpcf7-form-control wpcf7-quiz\" autocomplete=\"off\" aria-required=\"true\" aria-invalid=\"false\" type=\"text\" name=\"quiz-271\" \/><\/label><input type=\"hidden\" name=\"_wpcf7_quiz_answer_quiz-271\" value=\"aba9dc9bad8c8f3995b5bd7db754d9f4\" \/><\/span>\n<\/p>\n<p><input class=\"wpcf7-form-control wpcf7-submit has-spinner\" type=\"submit\" value=\"Contestar\" \/>\n<\/p><input type='hidden' class='wpcf7-pum' value='{\"closepopup\":false,\"closedelay\":0,\"openpopup\":false,\"openpopup_id\":0}' \/><div class=\"wpcf7-response-output\" aria-hidden=\"true\"><\/div>\n<\/form>\n<\/div>\n<\/div>\t\t<\/div>\n\t\t\t\t<\/div>\n\t\t\t\t\t<\/div>\n\t\t\t\t<\/div>\n\t\t\t\t<\/div>\n\t\t","protected":false},"excerpt":{"rendered":"<p>0% Your browser does not support the audio element. Bar Brit\u00e1nico Ahora se encuentran en el Bar Brit\u00e1nico, que es un cl\u00e1sico cafetin de Buenos Aires. Comenz\u00f3 a funcionar en la d\u00e9cada de 1920.\u00a0 Originalmente en este predio se encontraba un local llamado\u00a0Royal Park en donde proyectaban pel\u00edculas mudas hasta el a\u00f1o 1910. La imagen &#8230; <a title=\"6  bar brit\u00e1nico 2\/2\" class=\"read-more\" href=\"https:\/\/play.exploragame.com.ar\/index.php\/6-bar-britanico-2-2\/\" aria-label=\"Leer m\u00e1s sobre 6  bar brit\u00e1nico 2\/2\">Leer m\u00e1s<\/a><\/p>\n","protected":false},"author":1,"featured_media":0,"parent":0,"menu_order":0,"comment_status":"closed","ping_status":"closed","template":"elementor_header_footer","meta":{"footnotes":""},"wf_page_folders":[11],"class_list":["post-3918","page","type-page","status-publish"],"_links":{"self":[{"href":"https:\/\/play.exploragame.com.ar\/index.php\/wp-json\/wp\/v2\/pages\/3918","targetHints":{"allow":["GET"]}}],"collection":[{"href":"https:\/\/play.exploragame.com.ar\/index.php\/wp-json\/wp\/v2\/pages"}],"about":[{"href":"https:\/\/play.exploragame.com.ar\/index.php\/wp-json\/wp\/v2\/types\/page"}],"author":[{"embeddable":true,"href":"https:\/\/play.exploragame.com.ar\/index.php\/wp-json\/wp\/v2\/users\/1"}],"replies":[{"embeddable":true,"href":"https:\/\/play.exploragame.com.ar\/index.php\/wp-json\/wp\/v2\/comments?post=3918"}],"version-history":[{"count":19,"href":"https:\/\/play.exploragame.com.ar\/index.php\/wp-json\/wp\/v2\/pages\/3918\/revisions"}],"predecessor-version":[{"id":4939,"href":"https:\/\/play.exploragame.com.ar\/index.php\/wp-json\/wp\/v2\/pages\/3918\/revisions\/4939"}],"wp:attachment":[{"href":"https:\/\/play.exploragame.com.ar\/index.php\/wp-json\/wp\/v2\/media?parent=3918"}],"wp:term":[{"taxonomy":"wf_page_folders","embeddable":true,"href":"https:\/\/play.exploragame.com.ar\/index.php\/wp-json\/wp\/v2\/wf_page_folders?post=3918"}],"curies":[{"name":"wp","href":"https:\/\/api.w.org\/{rel}","templated":true}]}}