{"id":3937,"date":"2024-05-27T02:53:41","date_gmt":"2024-05-27T02:53:41","guid":{"rendered":"https:\/\/play.exploragame.com.ar\/?page_id=3937"},"modified":"2024-06-03T19:13:03","modified_gmt":"2024-06-03T19:13:03","slug":"7-iglesia-rusa","status":"publish","type":"page","link":"https:\/\/play.exploragame.com.ar\/index.php\/7-iglesia-rusa\/","title":{"rendered":"7  Palacio de cristal"},"content":{"rendered":"\t\t<div data-elementor-type=\"wp-page\" data-elementor-id=\"3937\" class=\"elementor elementor-3937\" data-elementor-post-type=\"page\">\n\t\t\t\t<div class=\"elementor-element elementor-element-5accde2 e-con-full e-flex e-con e-parent\" data-id=\"5accde2\" data-element_type=\"container\">\n\t\t<div class=\"elementor-element elementor-element-1e4ecf7 e-flex e-con-boxed e-con e-child\" data-id=\"1e4ecf7\" data-element_type=\"container\">\n\t\t\t\t\t<div class=\"e-con-inner\">\n\t\t\t\t<div class=\"elementor-element elementor-element-ec4b751 elementor-widget-mobile__width-inherit elementor-widget elementor-widget-eael-progress-bar\" data-id=\"ec4b751\" data-element_type=\"widget\" data-widget_type=\"eael-progress-bar.default\">\n\t\t\t\t<div class=\"elementor-widget-container\">\n\t\t\t<div class=\"eael-progressbar-line-container center\">\n                \n\n                <div class=\"eael-progressbar eael-progressbar-line eael-progressbar-line-stripe eael-progressbar-line-animate-rtl\" data-layout=\"line\" data-count=\"28\" data-duration=\"1500\">\n                    <span class=\"eael-progressbar-count-wrap\"><span class=\"eael-progressbar-count\">0<\/span><span class=\"postfix\">%<\/span><\/span>\n                    <span class=\"eael-progressbar-line-fill \" style=\"-webkit-transition-duration:1500ms;-o-transition-duration:1500ms;transition-duration:1500ms;\"><\/span>\n                <\/div>\n            <\/div>\t\t<\/div>\n\t\t\t\t<\/div>\n\t\t\t\t<div class=\"elementor-element elementor-element-f54dd25 elementor-widget elementor-widget-image\" data-id=\"f54dd25\" data-element_type=\"widget\" data-widget_type=\"image.default\">\n\t\t\t\t<div class=\"elementor-widget-container\">\n\t\t\t\t\t\t\t\t\t\t\t\t\t\t<a href=\"https:\/\/play.exploragame.com.ar\/wp-content\/uploads\/2024\/05\/1716778452800.jpg\" data-elementor-open-lightbox=\"yes\" data-e-action-hash=\"#elementor-action%3Aaction%3Dlightbox%26settings%3DeyJpZCI6MzkzOSwidXJsIjoiaHR0cHM6XC9cL3BsYXkuZXhwbG9yYWdhbWUuY29tLmFyXC93cC1jb250ZW50XC91cGxvYWRzXC8yMDI0XC8wNVwvMTcxNjc3ODQ1MjgwMC5qcGcifQ%3D%3D\">\n\t\t\t\t\t\t\t<img fetchpriority=\"high\" decoding=\"async\" width=\"969\" height=\"624\" src=\"https:\/\/play.exploragame.com.ar\/wp-content\/uploads\/2024\/05\/1716778452800.jpg\" class=\"attachment-large size-large wp-image-3939\" alt=\"\" srcset=\"https:\/\/play.exploragame.com.ar\/wp-content\/uploads\/2024\/05\/1716778452800.jpg 969w, https:\/\/play.exploragame.com.ar\/wp-content\/uploads\/2024\/05\/1716778452800-300x193.jpg 300w, https:\/\/play.exploragame.com.ar\/wp-content\/uploads\/2024\/05\/1716778452800-768x495.jpg 768w\" sizes=\"(max-width: 969px) 100vw, 969px\" \/>\t\t\t\t\t\t\t\t<\/a>\n\t\t\t\t\t\t\t\t\t\t\t\t\t<\/div>\n\t\t\t\t<\/div>\n\t\t\t\t\t<\/div>\n\t\t\t\t<\/div>\n\t\t\t\t<\/div>\n\t\t<div class=\"elementor-element elementor-element-d23e2b5 e-flex e-con-boxed e-con e-parent\" data-id=\"d23e2b5\" data-element_type=\"container\" data-settings=\"{&quot;background_background&quot;:&quot;classic&quot;,&quot;animation_mobile&quot;:&quot;fadeInUp&quot;}\">\n\t\t\t\t\t<div class=\"e-con-inner\">\n\t\t<div class=\"elementor-element elementor-element-0660977 e-flex e-con-boxed e-con e-child\" data-id=\"0660977\" data-element_type=\"container\" data-settings=\"{&quot;animation_mobile&quot;:&quot;fadeInUp&quot;}\">\n\t\t\t\t\t<div class=\"e-con-inner\">\n\t\t\t\t<div class=\"elementor-element elementor-element-d5c4357 elementor-widget-divider--view-line elementor-widget elementor-widget-divider\" data-id=\"d5c4357\" data-element_type=\"widget\" data-settings=\"{&quot;_animation_mobile&quot;:&quot;fadeInUp&quot;}\" data-widget_type=\"divider.default\">\n\t\t\t\t<div class=\"elementor-widget-container\">\n\t\t\t\t\t<div class=\"elementor-divider\">\n\t\t\t<span class=\"elementor-divider-separator\">\n\t\t\t\t\t\t<\/span>\n\t\t<\/div>\n\t\t\t\t<\/div>\n\t\t\t\t<\/div>\n\t\t\t\t\t<\/div>\n\t\t\t\t<\/div>\n\t\t\t\t\t<\/div>\n\t\t\t\t<\/div>\n\t\t<div class=\"elementor-element elementor-element-3660ddf e-con-full e-flex e-con e-parent\" data-id=\"3660ddf\" data-element_type=\"container\" data-settings=\"{&quot;animation_mobile&quot;:&quot;fadeInUp&quot;}\">\n\t\t<div class=\"elementor-element elementor-element-6d2df87 e-flex e-con-boxed e-con e-child\" data-id=\"6d2df87\" data-element_type=\"container\">\n\t\t\t\t\t<div class=\"e-con-inner\">\n\t\t\t\t<div class=\"elementor-element elementor-element-6e2c3e5 elementor-widget elementor-widget-text-editor\" data-id=\"6e2c3e5\" data-element_type=\"widget\" data-widget_type=\"text-editor.default\">\n\t\t\t\t<div class=\"elementor-widget-container\">\n\t\t\t\t\t\t\t<p><span style=\"background-color: var(--base-2);\">Arriba tienen una vieja postal de&nbsp;<\/span><span style=\"background-color: var(--base-2);\">1900. En la misma pueden ver&nbsp;<\/span><span style=\"background-color: var(--base-2);\">una vista desde el&nbsp; anfiteatro <\/span><span style=\"background-color: var(--base-2);\">del parque<\/span><span style=\"background-color: var(--base-2);\"> mirando hac\u00eda el Bar Brit\u00e1nico . Hay un edificio sobre el parque que aparece en la imagen que no se encuentra m\u00e1s y era un restaurant que se llamaba Palacio de Cristal. Lamentablemente no quedan ni rastros de esa hermosa arquitectura.<\/span><\/p>\t\t\t\t\t\t<\/div>\n\t\t\t\t<\/div>\n\t\t\t\t<div class=\"elementor-element elementor-element-0422de5 elementor-pagination-position-inside elementor-arrows-position-inside elementor-widget elementor-widget-image-carousel\" data-id=\"0422de5\" data-element_type=\"widget\" data-settings=\"{&quot;navigation&quot;:&quot;both&quot;,&quot;autoplay&quot;:&quot;yes&quot;,&quot;pause_on_hover&quot;:&quot;yes&quot;,&quot;pause_on_interaction&quot;:&quot;yes&quot;,&quot;autoplay_speed&quot;:5000,&quot;infinite&quot;:&quot;yes&quot;,&quot;speed&quot;:500}\" data-widget_type=\"image-carousel.default\">\n\t\t\t\t<div class=\"elementor-widget-container\">\n\t\t\t\t\t<div class=\"elementor-image-carousel-wrapper swiper\" dir=\"ltr\">\n\t\t\t<div class=\"elementor-image-carousel swiper-wrapper\" aria-live=\"off\">\n\t\t\t\t\t\t\t\t<div class=\"swiper-slide\" role=\"group\" aria-roledescription=\"slide\" aria-label=\"1 of 3\"><figure class=\"swiper-slide-inner\"><img decoding=\"async\" class=\"swiper-slide-image\" src=\"https:\/\/play.exploragame.com.ar\/wp-content\/uploads\/2024\/05\/FB_IMG_1716778988473.jpg\" alt=\"FB_IMG_1716778988473\" \/><\/figure><\/div><div class=\"swiper-slide\" role=\"group\" aria-roledescription=\"slide\" aria-label=\"2 of 3\"><figure class=\"swiper-slide-inner\"><img decoding=\"async\" class=\"swiper-slide-image\" src=\"https:\/\/play.exploragame.com.ar\/wp-content\/uploads\/2024\/05\/FB_IMG_1716778851199-1024x758.jpg\" alt=\"FB_IMG_1716778851199\" \/><\/figure><\/div><div class=\"swiper-slide\" role=\"group\" aria-roledescription=\"slide\" aria-label=\"3 of 3\"><figure class=\"swiper-slide-inner\"><img decoding=\"async\" class=\"swiper-slide-image\" src=\"https:\/\/play.exploragame.com.ar\/wp-content\/uploads\/2024\/05\/FB_IMG_1716778927758-1024x720.jpg\" alt=\"FB_IMG_1716778927758\" \/><\/figure><\/div>\t\t\t<\/div>\n\t\t\t\t\t\t\t\t\t\t\t\t<div class=\"elementor-swiper-button elementor-swiper-button-prev\" role=\"button\" tabindex=\"0\">\n\t\t\t\t\t\t<svg aria-hidden=\"true\" class=\"e-font-icon-svg e-eicon-chevron-left\" viewBox=\"0 0 1000 1000\" xmlns=\"http:\/\/www.w3.org\/2000\/svg\"><path d=\"M646 125C629 125 613 133 604 142L308 442C296 454 292 471 292 487 292 504 296 521 308 533L604 854C617 867 629 875 646 875 663 875 679 871 692 858 704 846 713 829 713 812 713 796 708 779 692 767L438 487 692 225C700 217 708 204 708 187 708 171 704 154 692 142 675 129 663 125 646 125Z\"><\/path><\/svg>\t\t\t\t\t<\/div>\n\t\t\t\t\t<div class=\"elementor-swiper-button elementor-swiper-button-next\" role=\"button\" tabindex=\"0\">\n\t\t\t\t\t\t<svg aria-hidden=\"true\" class=\"e-font-icon-svg e-eicon-chevron-right\" viewBox=\"0 0 1000 1000\" xmlns=\"http:\/\/www.w3.org\/2000\/svg\"><path d=\"M696 533C708 521 713 504 713 487 713 471 708 454 696 446L400 146C388 133 375 125 354 125 338 125 325 129 313 142 300 154 292 171 292 187 292 204 296 221 308 233L563 492 304 771C292 783 288 800 288 817 288 833 296 850 308 863 321 871 338 875 354 875 371 875 388 867 400 854L696 533Z\"><\/path><\/svg>\t\t\t\t\t<\/div>\n\t\t\t\t\n\t\t\t\t\t\t\t\t\t<div class=\"swiper-pagination\"><\/div>\n\t\t\t\t\t\t\t\t\t<\/div>\n\t\t\t\t<\/div>\n\t\t\t\t<\/div>\n\t\t\t\t\t<\/div>\n\t\t\t\t<\/div>\n\t\t\t\t<\/div>\n\t\t<div class=\"elementor-element elementor-element-7aca614 e-flex e-con-boxed e-con e-parent\" data-id=\"7aca614\" data-element_type=\"container\">\n\t\t\t\t\t<div class=\"e-con-inner\">\n\t\t\t\t<div class=\"elementor-element elementor-element-e5a94cc elementor-widget elementor-widget-heading\" data-id=\"e5a94cc\" data-element_type=\"widget\" data-widget_type=\"heading.default\">\n\t\t\t\t<div class=\"elementor-widget-container\">\n\t\t\t<h2 class=\"elementor-heading-title elementor-size-default\">Para continuar tienen que imitar la foto de la postal ubic\u00e1ndose en el mismo lugar desde donde se sac\u00f3 y enviarla.<\/h2>\t\t<\/div>\n\t\t\t\t<\/div>\n\t\t\t\t<div class=\"elementor-element elementor-element-1d72e6a elementor-widget-mobile__width-inherit elementor-widget elementor-widget-aep-contact-form_7\" data-id=\"1d72e6a\" data-element_type=\"widget\" data-settings=\"{&quot;motion_fx_motion_fx_mouse&quot;:&quot;yes&quot;,&quot;_animation_mobile&quot;:&quot;fadeInUp&quot;}\" data-widget_type=\"aep-contact-form_7.default\">\n\t\t\t\t<div class=\"elementor-widget-container\">\n\t\t\t<div class=\"elementor-shortcode aep-cf7 style-normal aep-cf7-3952\"><h3 class=\"cf7-title\"><\/h3><div class=\"cf7-sub-title\"><\/div>\n<div class=\"wpcf7 no-js\" id=\"wpcf7-f3952-o1\" lang=\"es-AR\" dir=\"ltr\">\n<div class=\"screen-reader-response\"><p role=\"status\" aria-live=\"polite\" aria-atomic=\"true\"><\/p> <ul><\/ul><\/div>\n<form action=\"\/index.php\/wp-json\/wp\/v2\/pages\/3937#wpcf7-f3952-o1\" method=\"post\" class=\"wpcf7-form init\" aria-label=\"Formulario de contacto\" enctype=\"multipart\/form-data\" novalidate=\"novalidate\" data-status=\"init\">\n<div style=\"display: none;\">\n<input type=\"hidden\" name=\"_wpcf7\" value=\"3952\" \/>\n<input type=\"hidden\" name=\"_wpcf7_version\" value=\"5.9.3\" \/>\n<input type=\"hidden\" name=\"_wpcf7_locale\" value=\"es_AR\" \/>\n<input type=\"hidden\" name=\"_wpcf7_unit_tag\" value=\"wpcf7-f3952-o1\" \/>\n<input type=\"hidden\" name=\"_wpcf7_container_post\" value=\"0\" \/>\n<input type=\"hidden\" name=\"_wpcf7_posted_data_hash\" value=\"\" \/>\n<\/div>\n<p><span class=\"wpcf7-form-control-wrap\" data-name=\"SubirImagen\"><input size=\"40\" class=\"wpcf7-form-control wpcf7-file wpcf7-validates-as-required\" id=\"Subirfoto\" accept=\"audio\/*,video\/*,image\/*\" aria-required=\"true\" aria-invalid=\"false\" type=\"file\" name=\"SubirImagen\" \/><\/span>\n<\/p>\n<p><input class=\"wpcf7-form-control wpcf7-submit has-spinner\" type=\"submit\" value=\"Enviar imagen\" \/>\n<\/p><input type='hidden' class='wpcf7-pum' value='{\"closepopup\":false,\"closedelay\":0,\"openpopup\":false,\"openpopup_id\":0}' \/><div class=\"wpcf7-response-output\" aria-hidden=\"true\"><\/div>\n<\/form>\n<\/div>\n<\/div>\t\t<\/div>\n\t\t\t\t<\/div>\n\t\t\t\t\t<\/div>\n\t\t\t\t<\/div>\n\t\t\t\t<\/div>\n\t\t","protected":false},"excerpt":{"rendered":"<p>0% Arriba tienen una vieja postal de&nbsp;1900. En la misma pueden ver&nbsp;una vista desde el&nbsp; anfiteatro del parque mirando hac\u00eda el Bar Brit\u00e1nico . Hay un edificio sobre el parque que aparece en la imagen que no se encuentra m\u00e1s y era un restaurant que se llamaba Palacio de Cristal. Lamentablemente no quedan ni rastros &#8230; <a title=\"7  Palacio de cristal\" class=\"read-more\" href=\"https:\/\/play.exploragame.com.ar\/index.php\/7-iglesia-rusa\/\" aria-label=\"Leer m\u00e1s sobre 7  Palacio de cristal\">Leer m\u00e1s<\/a><\/p>\n","protected":false},"author":1,"featured_media":0,"parent":0,"menu_order":0,"comment_status":"closed","ping_status":"closed","template":"elementor_header_footer","meta":{"footnotes":""},"wf_page_folders":[11],"class_list":["post-3937","page","type-page","status-publish"],"_links":{"self":[{"href":"https:\/\/play.exploragame.com.ar\/index.php\/wp-json\/wp\/v2\/pages\/3937","targetHints":{"allow":["GET"]}}],"collection":[{"href":"https:\/\/play.exploragame.com.ar\/index.php\/wp-json\/wp\/v2\/pages"}],"about":[{"href":"https:\/\/play.exploragame.com.ar\/index.php\/wp-json\/wp\/v2\/types\/page"}],"author":[{"embeddable":true,"href":"https:\/\/play.exploragame.com.ar\/index.php\/wp-json\/wp\/v2\/users\/1"}],"replies":[{"embeddable":true,"href":"https:\/\/play.exploragame.com.ar\/index.php\/wp-json\/wp\/v2\/comments?post=3937"}],"version-history":[{"count":30,"href":"https:\/\/play.exploragame.com.ar\/index.php\/wp-json\/wp\/v2\/pages\/3937\/revisions"}],"predecessor-version":[{"id":4942,"href":"https:\/\/play.exploragame.com.ar\/index.php\/wp-json\/wp\/v2\/pages\/3937\/revisions\/4942"}],"wp:attachment":[{"href":"https:\/\/play.exploragame.com.ar\/index.php\/wp-json\/wp\/v2\/media?parent=3937"}],"wp:term":[{"taxonomy":"wf_page_folders","embeddable":true,"href":"https:\/\/play.exploragame.com.ar\/index.php\/wp-json\/wp\/v2\/wf_page_folders?post=3937"}],"curies":[{"name":"wp","href":"https:\/\/api.w.org\/{rel}","templated":true}]}}