{"id":4073,"date":"2024-05-27T19:15:12","date_gmt":"2024-05-27T19:15:12","guid":{"rendered":"https:\/\/play.exploragame.com.ar\/?page_id=4073"},"modified":"2024-06-04T18:05:19","modified_gmt":"2024-06-04T18:05:19","slug":"9-pulperia-quilapan","status":"publish","type":"page","link":"https:\/\/play.exploragame.com.ar\/index.php\/9-pulperia-quilapan\/","title":{"rendered":"9  Pulperia Quilapan"},"content":{"rendered":"\t\t<div data-elementor-type=\"wp-page\" data-elementor-id=\"4073\" class=\"elementor elementor-4073\" data-elementor-post-type=\"page\">\n\t\t\t\t<div class=\"elementor-element elementor-element-5accde2 e-con-full e-flex e-con e-parent\" data-id=\"5accde2\" data-element_type=\"container\">\n\t\t<div class=\"elementor-element elementor-element-1e4ecf7 e-flex e-con-boxed e-con e-child\" data-id=\"1e4ecf7\" data-element_type=\"container\">\n\t\t\t\t\t<div class=\"e-con-inner\">\n\t\t\t\t<div class=\"elementor-element elementor-element-ec4b751 elementor-widget-mobile__width-inherit elementor-widget elementor-widget-eael-progress-bar\" data-id=\"ec4b751\" data-element_type=\"widget\" data-widget_type=\"eael-progress-bar.default\">\n\t\t\t\t<div class=\"elementor-widget-container\">\n\t\t\t<div class=\"eael-progressbar-line-container center\">\n                \n\n                <div class=\"eael-progressbar eael-progressbar-line eael-progressbar-line-stripe eael-progressbar-line-animate-rtl\" data-layout=\"line\" data-count=\"36\" data-duration=\"1500\">\n                    <span class=\"eael-progressbar-count-wrap\"><span class=\"eael-progressbar-count\">0<\/span><span class=\"postfix\">%<\/span><\/span>\n                    <span class=\"eael-progressbar-line-fill \" style=\"-webkit-transition-duration:1500ms;-o-transition-duration:1500ms;transition-duration:1500ms;\"><\/span>\n                <\/div>\n            <\/div>\t\t<\/div>\n\t\t\t\t<\/div>\n\t\t\t\t<div class=\"elementor-element elementor-element-40c75f3 elementor-widget elementor-widget-image\" data-id=\"40c75f3\" data-element_type=\"widget\" data-widget_type=\"image.default\">\n\t\t\t\t<div class=\"elementor-widget-container\">\n\t\t\t\t\t\t\t\t\t\t\t\t\t<img fetchpriority=\"high\" decoding=\"async\" width=\"468\" height=\"510\" src=\"https:\/\/play.exploragame.com.ar\/wp-content\/uploads\/2024\/05\/2021-10-01.jpg\" class=\"attachment-large size-large wp-image-4074\" alt=\"\" srcset=\"https:\/\/play.exploragame.com.ar\/wp-content\/uploads\/2024\/05\/2021-10-01.jpg 468w, https:\/\/play.exploragame.com.ar\/wp-content\/uploads\/2024\/05\/2021-10-01-275x300.jpg 275w\" sizes=\"(max-width: 468px) 100vw, 468px\" \/>\t\t\t\t\t\t\t\t\t\t\t\t\t<\/div>\n\t\t\t\t<\/div>\n\t\t\t\t\t<\/div>\n\t\t\t\t<\/div>\n\t\t\t\t<\/div>\n\t\t<div class=\"elementor-element elementor-element-3660ddf e-con-full e-flex e-con e-parent\" data-id=\"3660ddf\" data-element_type=\"container\" data-settings=\"{&quot;animation_mobile&quot;:&quot;fadeInUp&quot;}\">\n\t\t\t\t<div class=\"elementor-element elementor-element-b2cfb4a elementor-widget elementor-widget-html\" data-id=\"b2cfb4a\" data-element_type=\"widget\" data-widget_type=\"html.default\">\n\t\t\t\t<div class=\"elementor-widget-container\">\n\t\t\t<audio controls controlslist=\"nodownload\">\n  <source src=\"https:\/\/play.exploragame.com.ar\/wp-content\/uploads\/2024\/06\/ElevenLabs_2024-06-04T18_02_52_Valeria_pvc_s85_sb60_se38_b_m2.mp3\" type=\"audio\/mp3\">\n  Your browser does not support the audio element.\n<\/audio>\t\t<\/div>\n\t\t\t\t<\/div>\n\t\t<div class=\"elementor-element elementor-element-6d2df87 e-flex e-con-boxed e-con e-child\" data-id=\"6d2df87\" data-element_type=\"container\">\n\t\t\t\t\t<div class=\"e-con-inner\">\n\t\t\t\t<div class=\"elementor-element elementor-element-e2c4d8a elementor-widget elementor-widget-heading\" data-id=\"e2c4d8a\" data-element_type=\"widget\" data-widget_type=\"heading.default\">\n\t\t\t\t<div class=\"elementor-widget-container\">\n\t\t\t<h2 class=\"elementor-heading-title elementor-size-default\">Pulperia Quilapan<\/h2>\t\t<\/div>\n\t\t\t\t<\/div>\n\t\t\t\t<div class=\"elementor-element elementor-element-0a04d0d elementor-widget elementor-widget-image\" data-id=\"0a04d0d\" data-element_type=\"widget\" data-widget_type=\"image.default\">\n\t\t\t\t<div class=\"elementor-widget-container\">\n\t\t\t\t\t\t\t\t\t\t\t\t\t\t<a href=\"https:\/\/play.exploragame.com.ar\/wp-content\/uploads\/2024\/05\/cronologia-casona-pulperia-quilapan-1400x192-1.png\" data-elementor-open-lightbox=\"yes\" data-e-action-hash=\"#elementor-action%3Aaction%3Dlightbox%26settings%3DeyJpZCI6NDA3NSwidXJsIjoiaHR0cHM6XC9cL3BsYXkuZXhwbG9yYWdhbWUuY29tLmFyXC93cC1jb250ZW50XC91cGxvYWRzXC8yMDI0XC8wNVwvY3Jvbm9sb2dpYS1jYXNvbmEtcHVscGVyaWEtcXVpbGFwYW4tMTQwMHgxOTItMS5wbmcifQ%3D%3D\">\n\t\t\t\t\t\t\t<img decoding=\"async\" width=\"1024\" height=\"140\" src=\"https:\/\/play.exploragame.com.ar\/wp-content\/uploads\/2024\/05\/cronologia-casona-pulperia-quilapan-1400x192-1-1024x140.png\" class=\"attachment-large size-large wp-image-4075\" alt=\"\" srcset=\"https:\/\/play.exploragame.com.ar\/wp-content\/uploads\/2024\/05\/cronologia-casona-pulperia-quilapan-1400x192-1-1024x140.png 1024w, https:\/\/play.exploragame.com.ar\/wp-content\/uploads\/2024\/05\/cronologia-casona-pulperia-quilapan-1400x192-1-300x41.png 300w, https:\/\/play.exploragame.com.ar\/wp-content\/uploads\/2024\/05\/cronologia-casona-pulperia-quilapan-1400x192-1-768x105.png 768w, https:\/\/play.exploragame.com.ar\/wp-content\/uploads\/2024\/05\/cronologia-casona-pulperia-quilapan-1400x192-1.png 1400w\" sizes=\"(max-width: 1024px) 100vw, 1024px\" \/>\t\t\t\t\t\t\t\t<\/a>\n\t\t\t\t\t\t\t\t\t\t\t\t\t<\/div>\n\t\t\t\t<\/div>\n\t\t\t\t<div class=\"elementor-element elementor-element-6e2c3e5 elementor-widget elementor-widget-text-editor\" data-id=\"6e2c3e5\" data-element_type=\"widget\" data-widget_type=\"text-editor.default\">\n\t\t\t\t<div class=\"elementor-widget-container\">\n\t\t\t\t\t\t\t<p>El origen de la casa donde actualmente est\u00e1 la pulper\u00eda (bar colonial) se remonta a\u00a0 1714.\u00a0 Fue una casa en donde viv\u00eda una familia adinerada hasta que se produjo el brote de fiebre amarilla, convirti\u00e9ndose en un conventillo y luego tuvo varios uso hasta convertirse en lo que es hoy: Una pulper\u00eda recreando un bar t\u00edpico de la <span style=\"background-color: var(--base-2);\">\u00e9poca colonial.<\/span><\/p><p><span style=\"background-color: var(--base-2);\"> De la fiebre amarilla y de los conventillos hablaremos luego.<\/span><\/p><p>La casa ten\u00eda la cl\u00e1sica estructura colonial, con habitaciones dispuestas alrededor de patios centrales y un aljibe en el medio para recolectar el agua de lluvia y dentro era com\u00fan colocar tortugas para que mantengan limpia el agua.<\/p><p>Cada marzo, durante la \u00e9poca de vendimia, la Pulper\u00eda Quilap\u00e1n ofrece a los visitantes la oportunidad de hacer vino pisando uvas con los pies, como se hac\u00eda antiguamente.<\/p><p>Adem\u00e1s, se puede disfrutar del vino servido en una jarra t\u00edpica con forma de ping\u00fcino, agregando un toque especial a la experiencia porte\u00f1a.<\/p><p>Como dato curioso, les cuento que las rejas de las ventanas de la calle pertenecieron al cabildo que se encuentra frente a Casa Rosada de cuando lo achicaron para hacer la Avenida de Mayo.<\/p><p><strong>En la fachada encontraran un cartel que est\u00e1 al rev\u00e9s. Completen debajo lo que dice.<span style=\"color: #040c28; font-family: 'Google Sans', arial, sans-serif; background-color: var(--base-2);\">\u00a0<\/span><\/strong><\/p>\t\t\t\t\t\t<\/div>\n\t\t\t\t<\/div>\n\t\t\t\t<div class=\"elementor-element elementor-element-7bfd57c elementor-widget elementor-widget-image\" data-id=\"7bfd57c\" data-element_type=\"widget\" data-widget_type=\"image.default\">\n\t\t\t\t<div class=\"elementor-widget-container\">\n\t\t\t\t\t\t\t\t\t\t\t\t\t<img decoding=\"async\" width=\"1024\" height=\"576\" src=\"https:\/\/play.exploragame.com.ar\/wp-content\/uploads\/2024\/05\/jarra-pinguino-1024x576.jpg\" class=\"attachment-large size-large wp-image-4081\" alt=\"\" srcset=\"https:\/\/play.exploragame.com.ar\/wp-content\/uploads\/2024\/05\/jarra-pinguino-1024x576.jpg 1024w, https:\/\/play.exploragame.com.ar\/wp-content\/uploads\/2024\/05\/jarra-pinguino-300x169.jpg 300w, https:\/\/play.exploragame.com.ar\/wp-content\/uploads\/2024\/05\/jarra-pinguino-768x432.jpg 768w, https:\/\/play.exploragame.com.ar\/wp-content\/uploads\/2024\/05\/jarra-pinguino-1536x864.jpg 1536w, https:\/\/play.exploragame.com.ar\/wp-content\/uploads\/2024\/05\/jarra-pinguino.jpg 1920w\" sizes=\"(max-width: 1024px) 100vw, 1024px\" \/>\t\t\t\t\t\t\t\t\t\t\t\t\t<\/div>\n\t\t\t\t<\/div>\n\t\t\t\t\t<\/div>\n\t\t\t\t<\/div>\n\t\t\t\t<\/div>\n\t\t<div class=\"elementor-element elementor-element-bf6c228 e-flex e-con-boxed e-con e-parent\" data-id=\"bf6c228\" data-element_type=\"container\">\n\t\t\t\t\t<div class=\"e-con-inner\">\n\t\t\t\t<div class=\"elementor-element elementor-element-988b2d5 elementor-widget elementor-widget-aep-contact-form_7\" data-id=\"988b2d5\" data-element_type=\"widget\" data-settings=\"{&quot;motion_fx_motion_fx_mouse&quot;:&quot;yes&quot;,&quot;_animation_mobile&quot;:&quot;fadeInUp&quot;}\" data-widget_type=\"aep-contact-form_7.default\">\n\t\t\t\t<div class=\"elementor-widget-container\">\n\t\t\t<div class=\"elementor-shortcode aep-cf7 style-normal aep-cf7-4113\"><h3 class=\"cf7-title\"><\/h3><div class=\"cf7-sub-title\"><\/div>\n<div class=\"wpcf7 no-js\" id=\"wpcf7-f4113-o1\" lang=\"es-AR\" dir=\"ltr\">\n<div class=\"screen-reader-response\"><p role=\"status\" aria-live=\"polite\" aria-atomic=\"true\"><\/p> <ul><\/ul><\/div>\n<form action=\"\/index.php\/wp-json\/wp\/v2\/pages\/4073#wpcf7-f4113-o1\" method=\"post\" class=\"wpcf7-form init\" aria-label=\"Formulario de contacto\" novalidate=\"novalidate\" data-status=\"init\">\n<div style=\"display: none;\">\n<input type=\"hidden\" name=\"_wpcf7\" value=\"4113\" \/>\n<input type=\"hidden\" name=\"_wpcf7_version\" value=\"5.9.3\" \/>\n<input type=\"hidden\" name=\"_wpcf7_locale\" value=\"es_AR\" \/>\n<input type=\"hidden\" name=\"_wpcf7_unit_tag\" value=\"wpcf7-f4113-o1\" \/>\n<input type=\"hidden\" name=\"_wpcf7_container_post\" value=\"0\" \/>\n<input type=\"hidden\" name=\"_wpcf7_posted_data_hash\" value=\"\" \/>\n<\/div>\n<p><span class=\"wpcf7-form-control-wrap\" data-name=\"quiz-271\"><label><span class=\"wpcf7-quiz-label\"><\/span> <input size=\"40\" class=\"wpcf7-form-control wpcf7-quiz\" autocomplete=\"off\" aria-required=\"true\" aria-invalid=\"false\" type=\"text\" name=\"quiz-271\" \/><\/label><input type=\"hidden\" name=\"_wpcf7_quiz_answer_quiz-271\" value=\"2f4e3e1b5676f511be74871210c8b0ae\" \/><\/span>\n<\/p>\n<p><input class=\"wpcf7-form-control wpcf7-submit has-spinner\" type=\"submit\" value=\"Contestar\" \/>\n<\/p><input type='hidden' class='wpcf7-pum' value='{\"closepopup\":false,\"closedelay\":0,\"openpopup\":false,\"openpopup_id\":0}' \/><div class=\"wpcf7-response-output\" aria-hidden=\"true\"><\/div>\n<\/form>\n<\/div>\n<\/div>\t\t<\/div>\n\t\t\t\t<\/div>\n\t\t\t\t\t<\/div>\n\t\t\t\t<\/div>\n\t\t\t\t<\/div>\n\t\t","protected":false},"excerpt":{"rendered":"<p>0% Your browser does not support the audio element. Pulperia Quilapan El origen de la casa donde actualmente est\u00e1 la pulper\u00eda (bar colonial) se remonta a\u00a0 1714.\u00a0 Fue una casa en donde viv\u00eda una familia adinerada hasta que se produjo el brote de fiebre amarilla, convirti\u00e9ndose en un conventillo y luego tuvo varios uso hasta &#8230; <a title=\"9  Pulperia Quilapan\" class=\"read-more\" href=\"https:\/\/play.exploragame.com.ar\/index.php\/9-pulperia-quilapan\/\" aria-label=\"Leer m\u00e1s sobre 9  Pulperia Quilapan\">Leer m\u00e1s<\/a><\/p>\n","protected":false},"author":1,"featured_media":0,"parent":0,"menu_order":0,"comment_status":"closed","ping_status":"closed","template":"elementor_header_footer","meta":{"footnotes":""},"wf_page_folders":[11],"class_list":["post-4073","page","type-page","status-publish"],"_links":{"self":[{"href":"https:\/\/play.exploragame.com.ar\/index.php\/wp-json\/wp\/v2\/pages\/4073","targetHints":{"allow":["GET"]}}],"collection":[{"href":"https:\/\/play.exploragame.com.ar\/index.php\/wp-json\/wp\/v2\/pages"}],"about":[{"href":"https:\/\/play.exploragame.com.ar\/index.php\/wp-json\/wp\/v2\/types\/page"}],"author":[{"embeddable":true,"href":"https:\/\/play.exploragame.com.ar\/index.php\/wp-json\/wp\/v2\/users\/1"}],"replies":[{"embeddable":true,"href":"https:\/\/play.exploragame.com.ar\/index.php\/wp-json\/wp\/v2\/comments?post=4073"}],"version-history":[{"count":36,"href":"https:\/\/play.exploragame.com.ar\/index.php\/wp-json\/wp\/v2\/pages\/4073\/revisions"}],"predecessor-version":[{"id":4982,"href":"https:\/\/play.exploragame.com.ar\/index.php\/wp-json\/wp\/v2\/pages\/4073\/revisions\/4982"}],"wp:attachment":[{"href":"https:\/\/play.exploragame.com.ar\/index.php\/wp-json\/wp\/v2\/media?parent=4073"}],"wp:term":[{"taxonomy":"wf_page_folders","embeddable":true,"href":"https:\/\/play.exploragame.com.ar\/index.php\/wp-json\/wp\/v2\/wf_page_folders?post=4073"}],"curies":[{"name":"wp","href":"https:\/\/api.w.org\/{rel}","templated":true}]}}