{"id":557,"date":"2024-03-14T21:09:56","date_gmt":"2024-03-14T21:09:56","guid":{"rendered":"https:\/\/play.exploragame.com.ar\/?page_id=557"},"modified":"2024-06-14T17:52:10","modified_gmt":"2024-06-14T17:52:10","slug":"laboca-inundacion","status":"publish","type":"page","link":"https:\/\/play.exploragame.com.ar\/index.php\/laboca-inundacion\/","title":{"rendered":"La Boca 4 Esp \/ Inundaci\u00f3n 2\/3"},"content":{"rendered":"\t\t<div data-elementor-type=\"wp-page\" data-elementor-id=\"557\" class=\"elementor elementor-557\" data-elementor-post-type=\"page\">\n\t\t\t\t<div class=\"elementor-element elementor-element-5accde2 e-con-full e-flex e-con e-parent\" data-id=\"5accde2\" data-element_type=\"container\">\n\t\t<div class=\"elementor-element elementor-element-7a2c568 e-con-full e-flex e-con e-child\" data-id=\"7a2c568\" data-element_type=\"container\">\n\t\t\t\t<div class=\"elementor-element elementor-element-65027ef elementor-widget-mobile__width-inherit elementor-widget elementor-widget-eael-progress-bar\" data-id=\"65027ef\" data-element_type=\"widget\" data-widget_type=\"eael-progress-bar.default\">\n\t\t\t\t<div class=\"elementor-widget-container\">\n\t\t\t<div class=\"eael-progressbar-line-container center\">\n                \n\n                <div class=\"eael-progressbar eael-progressbar-line eael-progressbar-line-stripe eael-progressbar-line-animate-rtl\" data-layout=\"line\" data-count=\"15\" data-duration=\"1500\">\n                    <span class=\"eael-progressbar-count-wrap\"><span class=\"eael-progressbar-count\">0<\/span><span class=\"postfix\">%<\/span><\/span>\n                    <span class=\"eael-progressbar-line-fill \" style=\"-webkit-transition-duration:1500ms;-o-transition-duration:1500ms;transition-duration:1500ms;\"><\/span>\n                <\/div>\n            <\/div>\t\t<\/div>\n\t\t\t\t<\/div>\n\t\t\t\t<\/div>\n\t\t\t\t<div class=\"elementor-element elementor-element-536377e elementor-widget elementor-widget-video\" data-id=\"536377e\" data-element_type=\"widget\" data-settings=\"{&quot;youtube_url&quot;:&quot;https:\\\/\\\/youtu.be\\\/397wP57DrYQ&quot;,&quot;show_image_overlay&quot;:&quot;yes&quot;,&quot;image_overlay&quot;:{&quot;url&quot;:&quot;https:\\\/\\\/play.exploragame.com.ar\\\/wp-content\\\/uploads\\\/2024\\\/03\\\/FB_IMG_1710423668733.jpg&quot;,&quot;id&quot;:564,&quot;size&quot;:&quot;&quot;,&quot;alt&quot;:&quot;&quot;,&quot;source&quot;:&quot;library&quot;},&quot;video_type&quot;:&quot;youtube&quot;,&quot;controls&quot;:&quot;yes&quot;}\" data-widget_type=\"video.default\">\n\t\t\t\t<div class=\"elementor-widget-container\">\n\t\t\t\t\t<div class=\"elementor-wrapper elementor-open-inline\">\n\t\t\t<div class=\"elementor-video\"><\/div>\t\t\t\t<div class=\"elementor-custom-embed-image-overlay\" style=\"background-image: url(https:\/\/play.exploragame.com.ar\/wp-content\/uploads\/2024\/03\/FB_IMG_1710423668733.jpg);\">\n\t\t\t\t\t\t\t\t\t\t\t\t\t\t\t\t<div class=\"elementor-custom-embed-play\" role=\"button\" aria-label=\"Reproducir v\u00eddeo\" tabindex=\"0\">\n\t\t\t\t\t\t\t<svg aria-hidden=\"true\" class=\"e-font-icon-svg e-eicon-play\" viewBox=\"0 0 1000 1000\" xmlns=\"http:\/\/www.w3.org\/2000\/svg\"><path d=\"M838 162C746 71 633 25 500 25 371 25 258 71 163 162 71 254 25 367 25 500 25 633 71 746 163 837 254 929 367 979 500 979 633 979 746 933 838 837 929 746 975 633 975 500 975 367 929 254 838 162M808 192C892 279 933 379 933 500 933 621 892 725 808 808 725 892 621 938 500 938 379 938 279 896 196 808 113 725 67 621 67 500 67 379 108 279 196 192 279 108 383 62 500 62 621 62 721 108 808 192M438 392V642L642 517 438 392Z\"><\/path><\/svg>\t\t\t\t\t\t\t<span class=\"elementor-screen-only\">Reproducir v\u00eddeo<\/span>\n\t\t\t\t\t\t<\/div>\n\t\t\t\t\t\t\t\t\t<\/div>\n\t\t\t\t\t<\/div>\n\t\t\t\t<\/div>\n\t\t\t\t<\/div>\n\t\t\t\t<\/div>\n\t\t<div class=\"elementor-element elementor-element-f84f740 e-flex e-con-boxed e-con e-parent\" data-id=\"f84f740\" data-element_type=\"container\">\n\t\t\t\t\t<div class=\"e-con-inner\">\n\t\t\t\t<div class=\"elementor-element elementor-element-337c389 elementor-widget elementor-widget-html\" data-id=\"337c389\" data-element_type=\"widget\" data-widget_type=\"html.default\">\n\t\t\t\t<div class=\"elementor-widget-container\">\n\t\t\t<!DOCTYPE html>\r\n<html lang=\"en\">\r\n<head>\r\n<meta charset=\"UTF-8\">\r\n<meta name=\"viewport\" content=\"width=device-width, initial-scale=1.0\">\r\n<title>Reproductor de Audio<\/title>\r\n<style>\r\n  #consigna {\r\n    display: none;\r\n  }\r\n  #audio-label {\r\n    display: block;\r\n    text-align: center;\r\n    font-family: Verdana, Geneva, sans-serif;\r\n    margin-bottom: 20px;\r\n  }\r\n<\/style>\r\n<\/head>\r\n<body>\r\n\r\n<label id=\"audio-label\">Vean el video de arriba y Escuchen el audio de abajo y luego aparecer\u00e1 la consigna (Debajo encontrar\u00e1n el texto por si se quieren guiar al escucharlo)<\/label>\r\n\r\n<audio id=\"audio-control\" controls controlsList=\"nodownload\">\r\n  <source src=\"https:\/\/play.exploragame.com.ar\/wp-content\/uploads\/2024\/06\/ElevenLabs_2024-06-04T18_54_00_Valeria_pvc_s85_sb60_se38_b_m2.mp3\">\r\n<\/audio>\r\n\r\n<div id=\"consigna\" style=\"text-align: center;\">\r\n  <p style=\"text-align: center;\"><strong><span style=\"font-family: Verdana, Geneva, sans-serif;\">Manos medidoras<\/span><\/strong><\/p>\r\n  <p style=\"text-align: center;\"><span style=\"font-family: Verdana, Geneva, sans-serif;\">Vamos a averiguar la altura aproximadamente que lleg\u00f3 el agua en aquella inundaci\u00f3n. Teniendo en cuenta que lleg\u00f3 hasta la vereda alta.&nbsp;<\/span><\/p>\r\n  <p style=\"text-align: center;\"><span style=\"font-family: Verdana, Geneva, sans-serif;\">Pero no vamos a usar metro para medir, vamos a usar nuestras manos.&nbsp;<\/span><\/p>\r\n  <p style=\"text-align: center;\"><span style=\"font-family: Verdana, Geneva, sans-serif;\">Debajo tienen una imagen para que puedan guiarse de como hacerlo<\/span><\/p>\r\n  <p style=\"text-align: center;\"><span style=\"font-family: Verdana, Geneva, sans-serif;\">Unan sus manos para lograrlo!! Ustedes pueden!<\/span><\/p>\r\n  <p style=\"text-align: center;\"><span style=\"font-family: Verdana, Geneva, sans-serif;\">Luego completen debajo ese n\u00famero (recuerden en cent\u00edmetros y desde la calle midan)<\/span><\/p>\r\n  <p style=\"text-align: center;\"><span style=\"font-family: Verdana, Geneva, sans-serif; font-size: 20px;\"><strong>\u00bfCu\u00e1l fue la altura del agua en aquella inundaci\u00f3n?<\/strong><\/span><\/p>\r\n<\/div>\r\n\r\n<script>\r\n  var audio = document.getElementById(\"audio-control\");\r\n  var consigna = document.getElementById(\"consigna\");\r\n  var audioLabel = document.getElementById(\"audio-label\");\r\n\r\n  audio.onplay = function() {\r\n    audioLabel.style.display = \"none\";\r\n  };\r\n\r\n  audio.onended = function() {\r\n    audioLabel.style.display = \"none\";\r\n    consigna.style.display = \"block\";\r\n  };\r\n<\/script>\r\n\r\n<\/body>\r\n<\/html>\r\n\t\t<\/div>\n\t\t\t\t<\/div>\n\t\t\t\t<div class=\"elementor-element elementor-element-39723bc elementor-widget elementor-widget-html\" data-id=\"39723bc\" data-element_type=\"widget\" data-settings=\"{&quot;_animation_mobile&quot;:&quot;fadeInUp&quot;}\" data-widget_type=\"html.default\">\n\t\t\t\t<div class=\"elementor-widget-container\">\n\t\t\t<!DOCTYPE html>\r\n<html lang=\"en\">\r\n<head>\r\n<meta charset=\"UTF-8\">\r\n<meta name=\"viewport\" content=\"width=device-width, initial-scale=1.0\">\r\n<title>Prueba de Pregunta<\/title>\r\n<style>\r\n    body {\r\n        font-family: Arial, sans-serif;\r\n        text-align: center;\r\n        position: relative;\r\n        height: 100vh;\r\n        margin: 0;\r\n    }\r\n    .container {\r\n        width: 90%; \/* Ancho del contenedor *\/\r\n        max-width: 400px; \/* M\u00e1ximo ancho del contenedor *\/\r\n        margin: 0 auto; \/* Centrado horizontal *\/\r\n    }\r\n    input[type=\"text\"], button {\r\n        width: 100%; \/* Ocupa el 100% del contenedor *\/\r\n        border-radius: 10px; \/* Bordes redondeados *\/\r\n        padding: 10px 20px; \/* Espacio interno *\/\r\n        margin: 10px 0; \/* Margen externo *\/\r\n        box-sizing: border-box; \/* Incluir padding y border en el ancho total *\/\r\n    }\r\n    input[type=\"text\"] {\r\n        border: 1px solid #ccc; \/* L\u00ednea suave *\/\r\n    }\r\n    button {\r\n        background-color: #FF5100; \/* Color de fondo FF5100 *\/\r\n        color: white; \/* Color del texto blanco *\/\r\n        border: none; \/* Sin bordes *\/\r\n        cursor: pointer; \/* Cambio de cursor al pasar el rat\u00f3n *\/\r\n    }\r\n    .mensaje {\r\n        color: red;\r\n        visibility: hidden;\r\n    }\r\n    .animacion-correcta, .animacion-incorrecta {\r\n        position: fixed;\r\n        top: 50%;\r\n        left: 50%;\r\n        transform: translate(-50%, -50%);\r\n        visibility: hidden;\r\n    }\r\n<\/style>\r\n<\/head>\r\n<body>\r\n<h1><\/h1>\r\n<p id=\"pregunta\"><\/p>\r\n<div class=\"container\">\r\n    <input type=\"text\" id=\"respuesta\" placeholder=\"Escriba aqu\u00ed su respuesta\"> <!-- Placeholder -->\r\n    <button onclick=\"verificarRespuesta()\">Responder<\/button>\r\n<\/div>\r\n<p id=\"mensaje\" class=\"mensaje\"> \u00bfLos ayudo? Pueden pedir pistas por el chat.<\/p>\r\n\r\n<img decoding=\"async\" id=\"animacionCorrecta\" class=\"animacion-correcta\" src=\"https:\/\/play.exploragame.com.ar\/wp-content\/uploads\/2024\/06\/Titulo-4.gif\" alt=\"Respuesta correcta\">\r\n<img decoding=\"async\" id=\"animacionIncorrecta\" class=\"animacion-incorrecta\" src=\"https:\/\/play.exploragame.com.ar\/wp-content\/uploads\/2024\/06\/Titulo.gif\" alt=\"Respuesta incorrecta\">\r\n\r\n<audio id=\"correctoAudio\" src=\"https:\/\/play.exploragame.com.ar\/wp-content\/uploads\/2024\/06\/Correct-Answer-Sound-Effect-DeeChannel-mp3cut.net_.mp3\"><\/audio>\r\n<audio id=\"incorrectoAudio\" src=\"https:\/\/play.exploragame.com.ar\/wp-content\/uploads\/2024\/06\/INCORRECT-mp3cut.net_.mp3\"><\/audio>\r\n\r\n<script>\r\nvar pregunta = \"\"; \/\/ Definir la pregunta\r\nvar respuestaCorrecta = 135; \/\/ Definir la respuesta correcta\r\nvar intentosIncorrectos = 0; \/\/ Contador de intentos incorrectos\r\n\r\ndocument.getElementById(\"pregunta\").innerText = pregunta;\r\n\r\nfunction verificarRespuesta() {\r\n    var respuestaUsuario = parseInt(document.getElementById(\"respuesta\").value);\r\n\r\n    if (respuestaUsuario >= 125 && respuestaUsuario <= 160) {\r\n        reproducirSonido(\"correctoAudio\");\r\n        mostrarAnimacionCorrecta();\r\n        setTimeout(function() {\r\n            window.location.href = \"https:\/\/play.exploragame.com.ar\/index.php\/la-boca-2-2-3-2\/\";\r\n        }, 2000); \/\/ Tiempo de espera para redirigir\r\n    } else {\r\n        intentosIncorrectos++;\r\n        reproducirSonido(\"incorrectoAudio\");\r\n        mostrarAnimacionIncorrecta();\r\n        if (intentosIncorrectos >= 2) {\r\n            document.getElementById(\"mensaje\").style.visibility = \"visible\";\r\n        }\r\n    }\r\n\r\n    \/\/ Limpiar el campo de respuesta\r\n    document.getElementById(\"respuesta\").value = \"\";\r\n}\r\n\r\nfunction reproducirSonido(idAudio) {\r\n    var audio = document.getElementById(idAudio);\r\n    audio.play();\r\n}\r\n\r\nfunction mostrarAnimacionCorrecta() {\r\n    var animacion = document.getElementById(\"animacionCorrecta\");\r\n    animacion.style.visibility = \"visible\";\r\n    setTimeout(function() {\r\n        animacion.style.visibility = \"hidden\";\r\n    }, 3000); \/\/ Asume que el GIF dura 3 segundos, ajusta este tiempo seg\u00fan sea necesario\r\n}\r\n\r\nfunction mostrarAnimacionIncorrecta() {\r\n    var animacion = document.getElementById(\"animacionIncorrecta\");\r\n    animacion.style.visibility = \"visible\";\r\n    setTimeout(function() {\r\n        animacion.style.visibility = \"hidden\";\r\n    }, 2000); \/\/ Asume que el GIF dura 2 segundos, ajusta este tiempo seg\u00fan sea necesario\r\n}\r\n<\/script>\r\n<\/body>\r\n<\/html>\r\n\t\t<\/div>\n\t\t\t\t<\/div>\n\t\t\t\t<div class=\"elementor-element elementor-element-768194d elementor-widget elementor-widget-image\" data-id=\"768194d\" data-element_type=\"widget\" data-widget_type=\"image.default\">\n\t\t\t\t<div class=\"elementor-widget-container\">\n\t\t\t\t\t\t\t\t\t\t\t\t\t<img decoding=\"async\" width=\"156\" height=\"283\" src=\"https:\/\/play.exploragame.com.ar\/wp-content\/uploads\/2024\/06\/Titulo-8-e1718222609553.png\" class=\"attachment-full size-full wp-image-5881\" alt=\"\" \/>\t\t\t\t\t\t\t\t\t\t\t\t\t<\/div>\n\t\t\t\t<\/div>\n\t\t\t\t\t<\/div>\n\t\t\t\t<\/div>\n\t\t<div class=\"elementor-element elementor-element-3660ddf e-con-full e-flex e-con e-parent\" data-id=\"3660ddf\" data-element_type=\"container\">\n\t\t\t\t<div class=\"elementor-element elementor-element-d5c4357 elementor-widget-divider--view-line elementor-widget elementor-widget-divider\" data-id=\"d5c4357\" data-element_type=\"widget\" data-widget_type=\"divider.default\">\n\t\t\t\t<div class=\"elementor-widget-container\">\n\t\t\t\t\t<div class=\"elementor-divider\">\n\t\t\t<span class=\"elementor-divider-separator\">\n\t\t\t\t\t\t<\/span>\n\t\t<\/div>\n\t\t\t\t<\/div>\n\t\t\t\t<\/div>\n\t\t<div class=\"elementor-element elementor-element-6d2df87 e-flex e-con-boxed e-con e-child\" data-id=\"6d2df87\" data-element_type=\"container\">\n\t\t\t\t\t<div class=\"e-con-inner\">\n\t\t\t\t<div class=\"elementor-element elementor-element-fe7760d elementor-widget elementor-widget-heading\" data-id=\"fe7760d\" data-element_type=\"widget\" data-widget_type=\"heading.default\">\n\t\t\t\t<div class=\"elementor-widget-container\">\n\t\t\t<h2 class=\"elementor-heading-title elementor-size-default\">Inundaciones en la Boca<\/h2>\t\t<\/div>\n\t\t\t\t<\/div>\n\t\t\t\t<div class=\"elementor-element elementor-element-2beb2d6 elementor-widget elementor-widget-text-editor\" data-id=\"2beb2d6\" data-element_type=\"widget\" data-widget_type=\"text-editor.default\">\n\t\t\t\t<div class=\"elementor-widget-container\">\n\t\t\t\t\t\t\t<p><span style=\"font-weight: 400;\">Ahora ustedes se encuentran sobre una vereda alta y como observaron el agua en la foto casi que llega hasta los pies. Ahora vamos a hablar de las inundaciones en el barrio.<\/span><\/p><p><span style=\"font-weight: 400;\">La Boca ha sufrido innumerables inundaciones qu\u00e9 se produc\u00edan al ocurrir simult\u00e1neamente dos fen\u00f3menos distintos: Los vientos del sudeste o como lo conocemos \u201cSudestada\u201d qu\u00e9 provocaban las crecidas del Riachuelo y las intensas lluvias sobre la zona sobrepasando la capacidad de evacuaci\u00f3n de los desagues.<\/span><\/p>\t\t\t\t\t\t<\/div>\n\t\t\t\t<\/div>\n\t\t\t\t<div class=\"elementor-element elementor-element-6e2c3e5 elementor-widget elementor-widget-text-editor\" data-id=\"6e2c3e5\" data-element_type=\"widget\" data-widget_type=\"text-editor.default\">\n\t\t\t\t<div class=\"elementor-widget-container\">\n\t\t\t\t\t\t\t<p>Estas catastrofes dejaron de ocurrir a fines de 1990 gracias a varias obras de infraestructura en toda la costa.<\/p><p><span style=\"font-weight: 400;\">Ustedes se encuentran sobre una vereda alta, ya qu\u00e9 en el barrio las casas y edificios modernas se constru\u00edan alto para evitar el ingreso del agua. <\/span><\/p>\t\t\t\t\t\t<\/div>\n\t\t\t\t<\/div>\n\t\t\t\t\t<\/div>\n\t\t\t\t<\/div>\n\t\t\t\t<\/div>\n\t\t<div class=\"elementor-element elementor-element-90cecfb e-con-full e-flex e-con e-child\" data-id=\"90cecfb\" data-element_type=\"container\" data-settings=\"{&quot;background_background&quot;:&quot;classic&quot;}\">\n\t\t<div class=\"elementor-element elementor-element-73343e3 e-flex e-con-boxed e-con e-child\" data-id=\"73343e3\" data-element_type=\"container\">\n\t\t\t\t\t<div class=\"e-con-inner\">\n\t\t\t\t\t<\/div>\n\t\t\t\t<\/div>\n\t\t\t\t<\/div>\n\t\t<div class=\"elementor-element elementor-element-ec311a2 e-flex e-con-boxed e-con e-parent\" data-id=\"ec311a2\" data-element_type=\"container\">\n\t\t\t\t\t<div class=\"e-con-inner\">\n\t\t<div class=\"elementor-element elementor-element-4da424a e-con-full e-flex e-con e-child\" data-id=\"4da424a\" data-element_type=\"container\">\n\t\t\t\t<\/div>\n\t\t<div class=\"elementor-element elementor-element-bd98a72 e-con-full e-flex e-con e-child\" data-id=\"bd98a72\" data-element_type=\"container\">\n\t\t\t\t<div class=\"elementor-element elementor-element-ec5e8c9 elementor-widget elementor-widget-image\" data-id=\"ec5e8c9\" data-element_type=\"widget\" data-settings=\"{&quot;_animation_mobile&quot;:&quot;flash&quot;}\" data-widget_type=\"image.default\">\n\t\t\t\t<div class=\"elementor-widget-container\">\n\t\t\t\t\t\t\t\t\t\t\t\t\t\t<a href=\"#elementor-action%3Aaction%3Dpopup%3Aopen%26settings%3DeyJpZCI6IjU3NSIsInRvZ2dsZSI6ZmFsc2V9\">\n\t\t\t\t\t\t\t<img decoding=\"async\" width=\"150\" height=\"150\" src=\"https:\/\/play.exploragame.com.ar\/wp-content\/uploads\/2024\/03\/Diseno-sin-titulo-94-150x150.png\" class=\"attachment-thumbnail size-thumbnail wp-image-578\" alt=\"\" srcset=\"https:\/\/play.exploragame.com.ar\/wp-content\/uploads\/2024\/03\/Diseno-sin-titulo-94-150x150.png 150w, https:\/\/play.exploragame.com.ar\/wp-content\/uploads\/2024\/03\/Diseno-sin-titulo-94-300x300.png 300w, https:\/\/play.exploragame.com.ar\/wp-content\/uploads\/2024\/03\/Diseno-sin-titulo-94.png 512w\" sizes=\"(max-width: 150px) 100vw, 150px\" \/>\t\t\t\t\t\t\t\t<\/a>\n\t\t\t\t\t\t\t\t\t\t\t\t\t<\/div>\n\t\t\t\t<\/div>\n\t\t\t\t<\/div>\n\t\t\t\t\t<\/div>\n\t\t\t\t<\/div>\n\t\t\t\t<\/div>\n\t\t","protected":false},"excerpt":{"rendered":"<p>0% Reproductor de Audio Vean el video de arriba y Escuchen el audio de abajo y luego aparecer\u00e1 la consigna (Debajo encontrar\u00e1n el texto por si se quieren guiar al escucharlo) Manos medidoras Vamos a averiguar la altura aproximadamente que lleg\u00f3 el agua en aquella inundaci\u00f3n. Teniendo en cuenta que lleg\u00f3 hasta la vereda alta.&nbsp; &#8230; <a title=\"La Boca 4 Esp \/ Inundaci\u00f3n 2\/3\" class=\"read-more\" href=\"https:\/\/play.exploragame.com.ar\/index.php\/laboca-inundacion\/\" aria-label=\"Leer m\u00e1s sobre La Boca 4 Esp \/ Inundaci\u00f3n 2\/3\">Leer m\u00e1s<\/a><\/p>\n","protected":false},"author":1,"featured_media":0,"parent":0,"menu_order":0,"comment_status":"closed","ping_status":"closed","template":"elementor_header_footer","meta":{"footnotes":""},"wf_page_folders":[5],"class_list":["post-557","page","type-page","status-publish"],"_links":{"self":[{"href":"https:\/\/play.exploragame.com.ar\/index.php\/wp-json\/wp\/v2\/pages\/557","targetHints":{"allow":["GET"]}}],"collection":[{"href":"https:\/\/play.exploragame.com.ar\/index.php\/wp-json\/wp\/v2\/pages"}],"about":[{"href":"https:\/\/play.exploragame.com.ar\/index.php\/wp-json\/wp\/v2\/types\/page"}],"author":[{"embeddable":true,"href":"https:\/\/play.exploragame.com.ar\/index.php\/wp-json\/wp\/v2\/users\/1"}],"replies":[{"embeddable":true,"href":"https:\/\/play.exploragame.com.ar\/index.php\/wp-json\/wp\/v2\/comments?post=557"}],"version-history":[{"count":128,"href":"https:\/\/play.exploragame.com.ar\/index.php\/wp-json\/wp\/v2\/pages\/557\/revisions"}],"predecessor-version":[{"id":6173,"href":"https:\/\/play.exploragame.com.ar\/index.php\/wp-json\/wp\/v2\/pages\/557\/revisions\/6173"}],"wp:attachment":[{"href":"https:\/\/play.exploragame.com.ar\/index.php\/wp-json\/wp\/v2\/media?parent=557"}],"wp:term":[{"taxonomy":"wf_page_folders","embeddable":true,"href":"https:\/\/play.exploragame.com.ar\/index.php\/wp-json\/wp\/v2\/wf_page_folders?post=557"}],"curies":[{"name":"wp","href":"https:\/\/api.w.org\/{rel}","templated":true}]}}