{"id":6442,"date":"2024-07-11T22:56:50","date_gmt":"2024-07-11T22:56:50","guid":{"rendered":"https:\/\/play.exploragame.com.ar\/?page_id=6442"},"modified":"2024-07-11T22:58:21","modified_gmt":"2024-07-11T22:58:21","slug":"postacasa2","status":"publish","type":"page","link":"https:\/\/play.exploragame.com.ar\/index.php\/postacasa2\/","title":{"rendered":"postacasa2"},"content":{"rendered":"\t\t<div data-elementor-type=\"wp-page\" data-elementor-id=\"6442\" class=\"elementor elementor-6442\" data-elementor-post-type=\"page\">\n\t\t\t\t<div class=\"elementor-element elementor-element-65be1549 e-con-full e-flex e-con e-parent\" data-id=\"65be1549\" data-element_type=\"container\" data-settings=\"{&quot;background_background&quot;:&quot;classic&quot;}\">\n\t\t\t\t<div class=\"elementor-element elementor-element-16eff79 elementor-widget-mobile__width-inherit elementor-widget elementor-widget-shortcode\" data-id=\"16eff79\" data-element_type=\"widget\" data-widget_type=\"shortcode.default\">\n\t\t\t\t<div class=\"elementor-widget-container\">\n\t\t\t\t\t<div class=\"elementor-shortcode\"><div class=\"h5p-iframe-wrapper\"><iframe id=\"h5p-iframe-8\" class=\"h5p-iframe\" data-content-id=\"8\" style=\"height:1px\" src=\"about:blank\" frameBorder=\"0\" scrolling=\"no\" title=\"Caminito\"><\/iframe><\/div>\n<\/div>\n\t\t\t\t<\/div>\n\t\t\t\t<\/div>\n\t\t\t\t<div class=\"elementor-element elementor-element-bcd0c97 elementor-widget-divider--view-line elementor-widget elementor-widget-divider\" data-id=\"bcd0c97\" data-element_type=\"widget\" data-widget_type=\"divider.default\">\n\t\t\t\t<div class=\"elementor-widget-container\">\n\t\t\t\t\t<div class=\"elementor-divider\">\n\t\t\t<span class=\"elementor-divider-separator\">\n\t\t\t\t\t\t<\/span>\n\t\t<\/div>\n\t\t\t\t<\/div>\n\t\t\t\t<\/div>\n\t\t\t\t<div class=\"elementor-element elementor-element-552131a4 elementor-widget elementor-widget-heading\" data-id=\"552131a4\" data-element_type=\"widget\" data-widget_type=\"heading.default\">\n\t\t\t\t<div class=\"elementor-widget-container\">\n\t\t\t<h2 class=\"elementor-heading-title elementor-size-default\">El Boquense que espera<\/h2>\t\t<\/div>\n\t\t\t\t<\/div>\n\t\t<div class=\"elementor-element elementor-element-7ae3cf09 e-flex e-con-boxed e-con e-child\" data-id=\"7ae3cf09\" data-element_type=\"container\">\n\t\t\t\t\t<div class=\"e-con-inner\">\n\t\t\t\t<div class=\"elementor-element elementor-element-1200853a elementor-widget elementor-widget-text-editor\" data-id=\"1200853a\" data-element_type=\"widget\" data-widget_type=\"text-editor.default\">\n\t\t\t\t<div class=\"elementor-widget-container\">\n\t\t\t\t\t\t\t<p>Arriba pueden ver como era caminito antes de la intervenci\u00f3n de Quinquela y ahora.<\/p><p>En la imagen de abajo ver\u00e1n una ni\u00f1a en 1962 leyendo sobre una escalera de un conventillo.\u00a0 Ese conventillo se puede ver desde Caminito y aunque esa ni\u00f1a no esta m\u00e1s, actualmente se encuentra de forma paciente un hombre con la camiseta del club del barrio esperando que lo encuentren para continuar el juego.<\/p>\t\t\t\t\t\t<\/div>\n\t\t\t\t<\/div>\n\t\t\t\t<div class=\"elementor-element elementor-element-f79e083 elementor-widget elementor-widget-image\" data-id=\"f79e083\" data-element_type=\"widget\" data-widget_type=\"image.default\">\n\t\t\t\t<div class=\"elementor-widget-container\">\n\t\t\t\t\t\t\t\t\t\t\t\t\t<img fetchpriority=\"high\" decoding=\"async\" width=\"663\" height=\"1024\" src=\"https:\/\/play.exploragame.com.ar\/wp-content\/uploads\/2024\/05\/WhatsApp-Image-2024-05-20-at-11.14.28-PM-663x1024.jpeg\" class=\"attachment-large size-large wp-image-3385\" alt=\"\" srcset=\"https:\/\/play.exploragame.com.ar\/wp-content\/uploads\/2024\/05\/WhatsApp-Image-2024-05-20-at-11.14.28-PM-663x1024.jpeg 663w, https:\/\/play.exploragame.com.ar\/wp-content\/uploads\/2024\/05\/WhatsApp-Image-2024-05-20-at-11.14.28-PM-194x300.jpeg 194w, https:\/\/play.exploragame.com.ar\/wp-content\/uploads\/2024\/05\/WhatsApp-Image-2024-05-20-at-11.14.28-PM-768x1186.jpeg 768w, https:\/\/play.exploragame.com.ar\/wp-content\/uploads\/2024\/05\/WhatsApp-Image-2024-05-20-at-11.14.28-PM-995x1536.jpeg 995w, https:\/\/play.exploragame.com.ar\/wp-content\/uploads\/2024\/05\/WhatsApp-Image-2024-05-20-at-11.14.28-PM.jpeg 1080w\" sizes=\"(max-width: 663px) 100vw, 663px\" \/>\t\t\t\t\t\t\t\t\t\t\t\t\t<\/div>\n\t\t\t\t<\/div>\n\t\t\t\t<div class=\"elementor-element elementor-element-2dbda26 elementor-widget elementor-widget-text-editor\" data-id=\"2dbda26\" data-element_type=\"widget\" data-widget_type=\"text-editor.default\">\n\t\t\t\t<div class=\"elementor-widget-container\">\n\t\t\t\t\t\t\t<p><br><\/p>\n<p>Detr\u00e1s de su camiseta encontrar\u00e1n un n\u00famero en una estrella amarilla <img decoding=\"async\" class=\"emoji\" style=\"background-color: #ffffff;\" role=\"img\" draggable=\"false\" src=\"https:\/\/s.w.org\/images\/core\/emoji\/15.0.3\/svg\/2b50.svg\" alt=\"\u2b50\"> y ese n\u00famero tienen que completar abajo<\/p>\t\t\t\t\t\t<\/div>\n\t\t\t\t<\/div>\n\t\t\t\t<div class=\"elementor-element elementor-element-c16a14d elementor-widget elementor-widget-text-editor\" data-id=\"c16a14d\" data-element_type=\"widget\" data-widget_type=\"text-editor.default\">\n\t\t\t\t<div class=\"elementor-widget-container\">\n\t\t\t\t\t\t\t<p>Desde donde est\u00e1n no se puede ver el n\u00famero. Tienen que encontrar como se&nbsp; entra a ese conventillo y subir a ver su camiseta.<\/p>\n<p>Los d\u00edas de lluvia, no se encuentra en la escalera, sino que se mete dentro para contemplar Caminito desde la ventana de al lado.<\/p>\t\t\t\t\t\t<\/div>\n\t\t\t\t<\/div>\n\t\t\t\t\t<\/div>\n\t\t\t\t<\/div>\n\t\t\t\t<\/div>\n\t\t<div class=\"elementor-element elementor-element-4dfdddc e-flex e-con-boxed e-con e-parent\" data-id=\"4dfdddc\" data-element_type=\"container\" data-settings=\"{&quot;background_background&quot;:&quot;classic&quot;}\">\n\t\t\t\t\t<div class=\"e-con-inner\">\n\t\t\t\t<div class=\"elementor-element elementor-element-7382620 elementor-widget elementor-widget-shortcode\" data-id=\"7382620\" data-element_type=\"widget\" data-widget_type=\"shortcode.default\">\n\t\t\t\t<div class=\"elementor-widget-container\">\n\t\t\t\t\t<div class=\"elementor-shortcode\"><div class=\"hurrytimer-cdt hurrytimer-cdt--2808 hurrytimer-campaign hurryt-loading hurrytimer-campaign-2808\" data-config=\"{&quot;id&quot;:2808,&quot;run_in_background&quot;:false,&quot;sticky&quot;:false,&quot;product_ids&quot;:[],&quot;actions&quot;:[{&quot;id&quot;:6,&quot;redirectUrl&quot;:&quot;www.google.com&quot;,&quot;message&quot;:&quot;&lt;video autoplay=\\&quot;autoplay\\&quot; loop=\\&quot;loop\\&quot; muted=\\&quot;\\&quot; width=\\&quot;300\\&quot; height=\\&quot;150\\&quot;&gt;&lt;br \\\/&gt;\\r\\n&lt;source src=\\&quot;https:\\\/\\\/play.exploragame.com.ar\\\/wp-content\\\/uploads\\\/2024\\\/05\\\/tIEMPO-AGOTADO-1.mp4\\&quot; \\\/&gt;&lt;br \\\/&gt;\\r\\n&lt;\\\/video&gt;&quot;,&quot;coupon&quot;:&quot;&quot;,&quot;wcStockStatus&quot;:&quot;instock&quot;}],&quot;template&quot;:&quot;&lt;div class=\\&quot;hurrytimer-timer-block hurrytimer-cdt__dur\\&quot;&gt;&lt;div class=\\&quot;hurrytimer-timer-digit hurrytimer-cdt__time\\&quot;&gt;%N&lt;\\\/div&gt;&lt;\\\/div&gt;&lt;div class=\\&quot;hurrytimer-cdt__sep hurrytimer-timer-sep\\&quot;&gt;:&lt;\\\/div&gt;&lt;div class=\\&quot;hurrytimer-timer-block hurrytimer-cdt__dur\\&quot;&gt;&lt;div class=\\&quot;hurrytimer-timer-digit hurrytimer-cdt__time\\&quot;&gt;%S&lt;\\\/div&gt;&lt;\\\/div&gt;&quot;,&quot;methods&quot;:[1,2],&quot;mode&quot;:&quot;evergreen&quot;,&quot;sticky_bar_hide_timeout&quot;:7,&quot;isRegular&quot;:false,&quot;restart_duration&quot;:0,&quot;duration&quot;:600,&quot;should_reset&quot;:true,&quot;reset_token&quot;:&quot;1716066525&quot;,&quot;restart&quot;:&quot;3&quot;,&quot;endDate&quot;:null,&quot;cookieName&quot;:&quot;_ht_CDT-2808&quot;,&quot;reload_reset&quot;:true}\" ><div class=\"hurrytimer-cdt__inner hurrytimer-timer\"><\/div><\/div><\/div>\n\t\t\t\t<\/div>\n\t\t\t\t<\/div>\n\t\t\t\t<div class=\"elementor-element elementor-element-59df59b elementor-widget elementor-widget-html\" data-id=\"59df59b\" data-element_type=\"widget\" data-widget_type=\"html.default\">\n\t\t\t\t<div class=\"elementor-widget-container\">\n\t\t\t<!DOCTYPE html>\r\n<html lang=\"en\">\r\n<head>\r\n    <meta charset=\"UTF-8\">\r\n    <meta name=\"viewport\" content=\"width=device-width, initial-scale=1.0\">\r\n    <title>Posta: Cancha de Boca<\/title>\r\n    <style>\r\n        body {\r\n            font-family: Arial, sans-serif;\r\n            text-align: center;\r\n            position: relative;\r\n            height: 100vh;\r\n            margin: 0;\r\n            display: flex;\r\n            flex-direction: column;\r\n            justify-content: center;\r\n        }\r\n        .container {\r\n            width: 90%;\r\n            max-width: 400px;\r\n            margin: 0 auto;\r\n            position: relative;\r\n        }\r\n        input[type=\"text\"], button {\r\n            width: 100%;\r\n            border-radius: 10px;\r\n            padding: 10px 20px;\r\n            margin: 10px 0;\r\n            box-sizing: border-box;\r\n        }\r\n        input[type=\"text\"] {\r\n            border: 1px solid #ccc;\r\n        }\r\n        button {\r\n            background-color: #FF5100;\r\n            color: white;\r\n            border: none;\r\n            cursor: pointer;\r\n            margin-top: 10px;\r\n        }\r\n        .mensaje {\r\n            color: red;\r\n            visibility: hidden;\r\n            position: absolute;\r\n            top: calc(100% + 10px);\r\n            left: 50%;\r\n            transform: translateX(-50%);\r\n            margin: 0;\r\n        }\r\n        .mensaje-pista {\r\n            font-size: 16px;\r\n        }\r\n        .animacion-correcta, .animacion-incorrecta {\r\n            position: fixed;\r\n            top: 50%;\r\n            left: 50%;\r\n            transform: translate(-50%, -50%);\r\n            visibility: hidden;\r\n        }\r\n    <\/style>\r\n<\/head>\r\n<body>\r\n\r\n<div class=\"container\">\r\n    <input type=\"text\" id=\"respuesta\" placeholder=\"Escriba aqu\u00ed su respuesta\">\r\n    <button onclick=\"verificarRespuesta()\">Responder<\/button>\r\n\r\n    <p id=\"mensajePista\" class=\"mensaje mensaje-pista\"><\/p>\r\n    <p id=\"mensajeAyuda\" class=\"mensaje\">\u00bfNecesitan ayuda?<\/p>\r\n<\/div>\r\n\r\n<img decoding=\"async\" id=\"animacionCorrecta\" class=\"animacion-correcta\" src=\"https:\/\/prueba.exploragame.com.ar\/wp-content\/uploads\/2024\/06\/Titulo-4.gif\" alt=\"Respuesta correcta\">\r\n<img decoding=\"async\" id=\"animacionIncorrecta\" class=\"animacion-incorrecta\" src=\"https:\/\/prueba.exploragame.com.ar\/wp-content\/uploads\/2024\/06\/Titulo.gif\" alt=\"Respuesta incorrecta\">\r\n\r\n<audio id=\"correctoAudio\" src=\"https:\/\/prueba.exploragame.com.ar\/wp-content\/uploads\/2024\/06\/Correct-Answer-Sound-Effect-DeeChannel-mp3cut.net_.mp3\"><\/audio>\r\n<audio id=\"incorrectoAudio\" src=\"https:\/\/prueba.exploragame.com.ar\/wp-content\/uploads\/2024\/06\/INCORRECT-mp3cut.net_.mp3\"><\/audio>\r\n\r\n<script>\r\nvar respuestasCorrectas = [\"71\"]; \/\/ Puedes agregar varias respuestas correctas cambiando los valores aqu\u00ed\r\nvar intentos = 0;\r\n\r\nfunction verificarRespuesta() {\r\n    var respuestaUsuario = normalizarRespuesta(document.getElementById(\"respuesta\").value.trim());\r\n    \r\n    \/\/ ID de la posta NO OLVIDAR CAMBIAR\r\n    var postaId = \"casa2\"; \r\n    \r\n    if (respuestasCorrectas.includes(respuestaUsuario)) {\r\n        reproducirSonido(\"correctoAudio\");\r\n        mostrarAnimacionCorrecta();\r\n\r\n        \/\/ Informar al mapa que la posta est\u00e1 completada\r\n        informarMapa(postaId);\r\n\r\n        \/\/ Redirigir a la URL especificada despu\u00e9s de 2 segundos\r\n        setTimeout(function() {\r\n            window.location.href = \"https:\/\/play.exploragame.com.ar\/index.php\/mapa-postas-la-boca-copia\/\";\r\n        }, 2000); \/\/ Redirigir despu\u00e9s de 2 segundos\r\n    } else {\r\n        reproducirSonido(\"incorrectoAudio\");\r\n        mostrarAnimacionIncorrecta();\r\n        intentos++;\r\n\r\n        if (intentos === 1) {\r\n            mostrarPista();\r\n        } else if (intentos === 2) {\r\n            mostrarMensajeAyuda();\r\n            ocultarPista();\r\n        }\r\n    }\r\n\r\n    \/\/ Limpiar el campo de respuesta\r\n    document.getElementById(\"respuesta\").value = \"\";\r\n}\r\n\r\nfunction reproducirSonido(idAudio) {\r\n    var audio = document.getElementById(idAudio);\r\n    audio.play();\r\n}\r\n\r\nfunction mostrarAnimacionCorrecta() {\r\n    var animacion = document.getElementById(\"animacionCorrecta\");\r\n    animacion.style.visibility = \"visible\";\r\n    setTimeout(function() {\r\n        animacion.style.visibility = \"hidden\";\r\n    }, 3000); \/\/ Mostrar la animaci\u00f3n durante 3 segundos\r\n}\r\n\r\nfunction mostrarAnimacionIncorrecta() {\r\n    var animacion = document.getElementById(\"animacionIncorrecta\");\r\n    animacion.style.visibility = \"visible\";\r\n    setTimeout(function() {\r\n        animacion.style.visibility = \"hidden\";\r\n    }, 2000); \/\/ Mostrar la animaci\u00f3n durante 2 segundos\r\n}\r\n\r\nfunction mostrarPista() {\r\n    var pista = document.getElementById(\"mensajePista\");\r\n    pista.style.visibility = \"visible\";\r\n}\r\n\r\nfunction ocultarPista() {\r\n    var pista = document.getElementById(\"mensajePista\");\r\n    pista.style.visibility = \"hidden\";\r\n}\r\n\r\nfunction mostrarMensajeAyuda() {\r\n    var mensaje = document.getElementById(\"mensajeAyuda\");\r\n    mensaje.style.visibility = \"visible\";\r\n}\r\n\r\nfunction normalizarRespuesta(respuesta) {\r\n    return respuesta.toLowerCase().normalize(\"NFD\").replace(\/[\\u0300-\\u036f]\/g, \"\");\r\n}\r\n\r\nfunction informarMapa(postaId) {\r\n    var parentWindow = window.opener;\r\n\r\n    if (parentWindow) {\r\n        parentWindow.postMessage({ postaId: postaId }, '*');\r\n    } else {\r\n        console.error('No se puede encontrar la ventana principal (mapa).');\r\n    }\r\n}\r\n<\/script>\r\n\r\n<\/body>\r\n<\/html>\r\n\t\t<\/div>\n\t\t\t\t<\/div>\n\t\t\t\t\t<\/div>\n\t\t\t\t<\/div>\n\t\t\t\t<\/div>\n\t\t","protected":false},"excerpt":{"rendered":"<p>El Boquense que espera Arriba pueden ver como era caminito antes de la intervenci\u00f3n de Quinquela y ahora. En la imagen de abajo ver\u00e1n una ni\u00f1a en 1962 leyendo sobre una escalera de un conventillo.\u00a0 Ese conventillo se puede ver desde Caminito y aunque esa ni\u00f1a no esta m\u00e1s, actualmente se encuentra de forma paciente &#8230; <a title=\"postacasa2\" class=\"read-more\" href=\"https:\/\/play.exploragame.com.ar\/index.php\/postacasa2\/\" aria-label=\"Leer m\u00e1s sobre postacasa2\">Leer m\u00e1s<\/a><\/p>\n","protected":false},"author":1,"featured_media":0,"parent":0,"menu_order":0,"comment_status":"closed","ping_status":"closed","template":"elementor_header_footer","meta":{"footnotes":""},"wf_page_folders":[12],"class_list":["post-6442","page","type-page","status-publish"],"_links":{"self":[{"href":"https:\/\/play.exploragame.com.ar\/index.php\/wp-json\/wp\/v2\/pages\/6442","targetHints":{"allow":["GET"]}}],"collection":[{"href":"https:\/\/play.exploragame.com.ar\/index.php\/wp-json\/wp\/v2\/pages"}],"about":[{"href":"https:\/\/play.exploragame.com.ar\/index.php\/wp-json\/wp\/v2\/types\/page"}],"author":[{"embeddable":true,"href":"https:\/\/play.exploragame.com.ar\/index.php\/wp-json\/wp\/v2\/users\/1"}],"replies":[{"embeddable":true,"href":"https:\/\/play.exploragame.com.ar\/index.php\/wp-json\/wp\/v2\/comments?post=6442"}],"version-history":[{"count":4,"href":"https:\/\/play.exploragame.com.ar\/index.php\/wp-json\/wp\/v2\/pages\/6442\/revisions"}],"predecessor-version":[{"id":6446,"href":"https:\/\/play.exploragame.com.ar\/index.php\/wp-json\/wp\/v2\/pages\/6442\/revisions\/6446"}],"wp:attachment":[{"href":"https:\/\/play.exploragame.com.ar\/index.php\/wp-json\/wp\/v2\/media?parent=6442"}],"wp:term":[{"taxonomy":"wf_page_folders","embeddable":true,"href":"https:\/\/play.exploragame.com.ar\/index.php\/wp-json\/wp\/v2\/wf_page_folders?post=6442"}],"curies":[{"name":"wp","href":"https:\/\/api.w.org\/{rel}","templated":true}]}}