{"id":6548,"date":"2024-07-27T10:43:51","date_gmt":"2024-07-27T10:43:51","guid":{"rendered":"https:\/\/play.exploragame.com.ar\/?page_id=6548"},"modified":"2024-08-03T17:01:37","modified_gmt":"2024-08-03T17:01:37","slug":"conventillo-grupal","status":"publish","type":"page","link":"https:\/\/play.exploragame.com.ar\/index.php\/conventillo-grupal\/","title":{"rendered":"conventillo grupal"},"content":{"rendered":"\t\t<div data-elementor-type=\"wp-page\" data-elementor-id=\"6548\" class=\"elementor elementor-6548\" data-elementor-post-type=\"page\">\n\t\t\t\t<div class=\"elementor-element elementor-element-65be1549 e-con-full e-flex e-con e-parent\" data-id=\"65be1549\" data-element_type=\"container\" data-settings=\"{&quot;background_background&quot;:&quot;classic&quot;}\">\n\t\t\t\t<div class=\"elementor-element elementor-element-16eff79 elementor-widget-mobile__width-inherit elementor-widget elementor-widget-shortcode\" data-id=\"16eff79\" data-element_type=\"widget\" data-widget_type=\"shortcode.default\">\n\t\t\t\t<div class=\"elementor-widget-container\">\n\t\t\t\t\t<div class=\"elementor-shortcode\"><div class=\"h5p-iframe-wrapper\"><iframe id=\"h5p-iframe-8\" class=\"h5p-iframe\" data-content-id=\"8\" style=\"height:1px\" src=\"about:blank\" frameBorder=\"0\" scrolling=\"no\" title=\"Caminito\"><\/iframe><\/div>\n<\/div>\n\t\t\t\t<\/div>\n\t\t\t\t<\/div>\n\t\t\t\t<div class=\"elementor-element elementor-element-bcd0c97 elementor-widget-divider--view-line elementor-widget elementor-widget-divider\" data-id=\"bcd0c97\" data-element_type=\"widget\" data-widget_type=\"divider.default\">\n\t\t\t\t<div class=\"elementor-widget-container\">\n\t\t\t\t\t<div class=\"elementor-divider\">\n\t\t\t<span class=\"elementor-divider-separator\">\n\t\t\t\t\t\t<\/span>\n\t\t<\/div>\n\t\t\t\t<\/div>\n\t\t\t\t<\/div>\n\t\t<div class=\"elementor-element elementor-element-7ae3cf09 e-flex e-con-boxed e-con e-child\" data-id=\"7ae3cf09\" data-element_type=\"container\">\n\t\t\t\t\t<div class=\"e-con-inner\">\n\t\t\t\t<div class=\"elementor-element elementor-element-1200853a elementor-widget elementor-widget-text-editor\" data-id=\"1200853a\" data-element_type=\"widget\" data-widget_type=\"text-editor.default\">\n\t\t\t\t<div class=\"elementor-widget-container\">\n\t\t\t\t\t\t\t<p>Moviendo la foto de arriba de un lado para otro pueden ver como era caminito antes de la intervenci\u00f3n de Quinquela y ahora.<\/p><p>Como ver\u00e1n, salvo por los colores, los conventillos de alrededor no se han modificado.<\/p><p>En la <strong>imagen de abajo<\/strong> ver\u00e1n una ni\u00f1a en 1962 leyendo sobre la\u00a0<strong>escalera roja<\/strong> del conventillo que se ve en la <strong>imagen de arriba<\/strong>.\u00a0 Esa escalera se puede ver desde caminito y aunque esa ni\u00f1a no esta m\u00e1s, tienen que ingresar a ese conventillo que se ingresa por la calle Magallanes, subir esa escalera y sacar una imagen de Caminito desde All\u00ed.<\/p>\t\t\t\t\t\t<\/div>\n\t\t\t\t<\/div>\n\t\t\t\t<div class=\"elementor-element elementor-element-f79e083 elementor-widget elementor-widget-image\" data-id=\"f79e083\" data-element_type=\"widget\" data-widget_type=\"image.default\">\n\t\t\t\t<div class=\"elementor-widget-container\">\n\t\t\t\t\t\t\t\t\t\t\t\t\t<img fetchpriority=\"high\" decoding=\"async\" width=\"663\" height=\"1024\" src=\"https:\/\/play.exploragame.com.ar\/wp-content\/uploads\/2024\/05\/WhatsApp-Image-2024-05-20-at-11.14.28-PM-663x1024.jpeg\" class=\"attachment-large size-large wp-image-3385\" alt=\"\" srcset=\"https:\/\/play.exploragame.com.ar\/wp-content\/uploads\/2024\/05\/WhatsApp-Image-2024-05-20-at-11.14.28-PM-663x1024.jpeg 663w, https:\/\/play.exploragame.com.ar\/wp-content\/uploads\/2024\/05\/WhatsApp-Image-2024-05-20-at-11.14.28-PM-194x300.jpeg 194w, https:\/\/play.exploragame.com.ar\/wp-content\/uploads\/2024\/05\/WhatsApp-Image-2024-05-20-at-11.14.28-PM-768x1186.jpeg 768w, https:\/\/play.exploragame.com.ar\/wp-content\/uploads\/2024\/05\/WhatsApp-Image-2024-05-20-at-11.14.28-PM-995x1536.jpeg 995w, https:\/\/play.exploragame.com.ar\/wp-content\/uploads\/2024\/05\/WhatsApp-Image-2024-05-20-at-11.14.28-PM.jpeg 1080w\" sizes=\"(max-width: 663px) 100vw, 663px\" \/>\t\t\t\t\t\t\t\t\t\t\t\t\t<\/div>\n\t\t\t\t<\/div>\n\t\t<div class=\"elementor-element elementor-element-ddb8f09 e-flex e-con-boxed e-con e-child\" data-id=\"ddb8f09\" data-element_type=\"container\">\n\t\t\t\t\t<div class=\"e-con-inner\">\n\t\t<div class=\"elementor-element elementor-element-c2c8ed0 e-con-full e-flex e-con e-child\" data-id=\"c2c8ed0\" data-element_type=\"container\" data-settings=\"{&quot;background_background&quot;:&quot;classic&quot;}\">\n\t\t\t\t<div class=\"elementor-element elementor-element-7382620 elementor-widget elementor-widget-shortcode\" data-id=\"7382620\" data-element_type=\"widget\" data-widget_type=\"shortcode.default\">\n\t\t\t\t<div class=\"elementor-widget-container\">\n\t\t\t\t\t<div class=\"elementor-shortcode\"><div class=\"hurrytimer-cdt hurrytimer-cdt--2808 hurrytimer-campaign hurryt-loading hurrytimer-campaign-2808\" data-config=\"{&quot;id&quot;:2808,&quot;run_in_background&quot;:false,&quot;sticky&quot;:false,&quot;product_ids&quot;:[],&quot;actions&quot;:[{&quot;id&quot;:6,&quot;redirectUrl&quot;:&quot;www.google.com&quot;,&quot;message&quot;:&quot;&lt;video autoplay=\\&quot;autoplay\\&quot; loop=\\&quot;loop\\&quot; muted=\\&quot;\\&quot; width=\\&quot;300\\&quot; height=\\&quot;150\\&quot;&gt;&lt;br \\\/&gt;\\r\\n&lt;source src=\\&quot;https:\\\/\\\/play.exploragame.com.ar\\\/wp-content\\\/uploads\\\/2024\\\/05\\\/tIEMPO-AGOTADO-1.mp4\\&quot; \\\/&gt;&lt;br \\\/&gt;\\r\\n&lt;\\\/video&gt;&quot;,&quot;coupon&quot;:&quot;&quot;,&quot;wcStockStatus&quot;:&quot;instock&quot;}],&quot;template&quot;:&quot;&lt;div class=\\&quot;hurrytimer-timer-block hurrytimer-cdt__dur\\&quot;&gt;&lt;div class=\\&quot;hurrytimer-timer-digit hurrytimer-cdt__time\\&quot;&gt;%N&lt;\\\/div&gt;&lt;\\\/div&gt;&lt;div class=\\&quot;hurrytimer-cdt__sep hurrytimer-timer-sep\\&quot;&gt;:&lt;\\\/div&gt;&lt;div class=\\&quot;hurrytimer-timer-block hurrytimer-cdt__dur\\&quot;&gt;&lt;div class=\\&quot;hurrytimer-timer-digit hurrytimer-cdt__time\\&quot;&gt;%S&lt;\\\/div&gt;&lt;\\\/div&gt;&quot;,&quot;methods&quot;:[1,2],&quot;mode&quot;:&quot;evergreen&quot;,&quot;sticky_bar_hide_timeout&quot;:7,&quot;isRegular&quot;:false,&quot;restart_duration&quot;:0,&quot;duration&quot;:600,&quot;should_reset&quot;:true,&quot;reset_token&quot;:&quot;1716066525&quot;,&quot;restart&quot;:&quot;3&quot;,&quot;endDate&quot;:null,&quot;cookieName&quot;:&quot;_ht_CDT-2808&quot;,&quot;reload_reset&quot;:true}\" ><div class=\"hurrytimer-cdt__inner hurrytimer-timer\"><\/div><\/div><\/div>\n\t\t\t\t<\/div>\n\t\t\t\t<\/div>\n\t\t\t\t<div class=\"elementor-element elementor-element-f5d63b5 elementor-widget elementor-widget-text-editor\" data-id=\"f5d63b5\" data-element_type=\"widget\" data-widget_type=\"text-editor.default\">\n\t\t\t\t<div class=\"elementor-widget-container\">\n\t\t\t\t\t\t\t<p>Saquen la foto desde alli y env\u00edenla para continuar.<\/p>\t\t\t\t\t\t<\/div>\n\t\t\t\t<\/div>\n\t\t\t\t<div class=\"elementor-element elementor-element-1900b65 elementor-widget elementor-widget-text-editor\" data-id=\"1900b65\" data-element_type=\"widget\" data-widget_type=\"text-editor.default\">\n\t\t\t\t<div class=\"elementor-widget-container\">\n\t\t\t\t\t\t\t<p>Hagan click sobre el \u00edcono de la c\u00e1mara para enviar.<\/p>\t\t\t\t\t\t<\/div>\n\t\t\t\t<\/div>\n\t\t<div class=\"elementor-element elementor-element-75d8b3c e-flex e-con-boxed e-con e-child\" data-id=\"75d8b3c\" data-element_type=\"container\">\n\t\t\t\t\t<div class=\"e-con-inner\">\n\t\t<div class=\"elementor-element elementor-element-ad73563 e-flex e-con-boxed e-con e-child\" data-id=\"ad73563\" data-element_type=\"container\">\n\t\t\t\t\t<div class=\"e-con-inner\">\n\t\t\t\t<div class=\"elementor-element elementor-element-1b6b109 elementor-widget elementor-widget-html\" data-id=\"1b6b109\" data-element_type=\"widget\" data-widget_type=\"html.default\">\n\t\t\t\t<div class=\"elementor-widget-container\">\n\t\t\t<!DOCTYPE html>\r\n<html lang=\"en\">\r\n<head>\r\n<meta charset=\"UTF-8\">\r\n<meta name=\"viewport\" content=\"width=device-width, initial-scale=1.0\">\r\n<title>Destino<\/title>\r\n<style>\r\n    body {\r\n        text-align: center;\r\n        font-family: Arial, sans-serif;\r\n        display: flex;\r\n        flex-direction: column;\r\n        justify-content: center;\r\n        align-items: center;\r\n        height: 100vh;\r\n        margin: 0;\r\n    }\r\n    #camera-icon {\r\n        width: 100px;\r\n        cursor: pointer;\r\n        margin-bottom: 10px; \/* Espacio entre el \u00edcono de la c\u00e1mara y el texto *\/\r\n    }\r\n    #checking-image {\r\n        display: none;\r\n        margin-bottom: 10px; \/* Espacio entre el texto y el \u00edcono de la c\u00e1mara *\/\r\n    }\r\n    .animation-container {\r\n        position: fixed;\r\n        top: 50%;\r\n        left: 50%;\r\n        transform: translate(-50%, -50%);\r\n    }\r\n<\/style>\r\n<\/head>\r\n<body>\r\n\r\n<img decoding=\"async\" id=\"camera-icon\" src=\"https:\/\/play.exploragame.com.ar\/wp-content\/uploads\/2024\/06\/Titulo-6.png\" alt=\"Camera Icon\">\r\n\r\n<div id=\"checking-image\">Comprobando imagen...<\/div>\r\n\r\n<input type=\"file\" id=\"image-input\" accept=\"image\/*\" capture=\"camera\" style=\"display: none;\">\r\n\r\n<script>\r\nfunction handleImageSelection(event) {\r\n    const imageInput = event.target;\r\n    const selectedFile = imageInput.files[0];\r\n\r\n    if (selectedFile) {\r\n        const checkingImage = document.getElementById('checking-image');\r\n        checkingImage.style.display = 'block';\r\n\r\n        \/\/ Simular la carga de la imagen con un retraso\r\n        setTimeout(() => {\r\n            checkingImage.style.display = 'none';\r\n            playAnimationAndRedirect();\r\n        }, 4000);\r\n    }\r\n}\r\n\r\nfunction playAnimationAndRedirect() {\r\n    \/\/ Reproducir sonido\r\n    const sound = new Audio('https:\/\/play.exploragame.com.ar\/wp-content\/uploads\/2024\/06\/Correct-Answer-Sound-Effect-DeeChannel-mp3cut.net_.mp3');\r\n    sound.play();\r\n\r\n    \/\/ Reproducir la animaci\u00f3n centrada\r\n    const animation = document.createElement('img');\r\n    animation.src = 'https:\/\/play.exploragame.com.ar\/wp-content\/uploads\/2024\/06\/Titulo-4.gif';\r\n    animation.alt = 'Animation';\r\n    animation.classList.add('animation-container');\r\n    document.body.appendChild(animation);\r\n\r\n    \/\/ Redirigir despu\u00e9s de 4 segundos\r\n    setTimeout(() => {\r\n        window.location.href = 'https:\/\/play.exploragame.com.ar\/index.php\/la-boca-grupal-posta-corsos-3-agos\/';\r\n    }, 4000);\r\n}\r\n\r\nconst imageInput = document.getElementById('image-input');\r\nimageInput.addEventListener('change', handleImageSelection);\r\n\r\n\/\/ Manejar el clic en el icono de la c\u00e1mara para abrir el selector de archivos\r\nconst cameraIcon = document.getElementById('camera-icon');\r\ncameraIcon.addEventListener('click', () => {\r\n    const imageInput = document.getElementById('image-input');\r\n    imageInput.click();\r\n});\r\n<\/script>\r\n\r\n<\/body>\r\n<\/html>\r\n\t\t<\/div>\n\t\t\t\t<\/div>\n\t\t\t\t\t<\/div>\n\t\t\t\t<\/div>\n\t\t\t\t\t<\/div>\n\t\t\t\t<\/div>\n\t\t\t\t<\/div>\n\t\t\t\t\t<\/div>\n\t\t\t\t<\/div>\n\t\t\t\t\t<\/div>\n\t\t\t\t<\/div>\n\t\t\t\t<\/div>\n\t\t<div class=\"elementor-element elementor-element-4dfdddc e-flex e-con-boxed e-con e-parent\" data-id=\"4dfdddc\" data-element_type=\"container\" data-settings=\"{&quot;background_background&quot;:&quot;classic&quot;}\">\n\t\t\t\t\t<div class=\"e-con-inner\">\n\t\t\t\t\t<\/div>\n\t\t\t\t<\/div>\n\t\t<div class=\"elementor-element elementor-element-f94cc55 e-flex e-con-boxed e-con e-parent\" data-id=\"f94cc55\" data-element_type=\"container\">\n\t\t\t\t\t<div class=\"e-con-inner\">\n\t\t\t\t\t<\/div>\n\t\t\t\t<\/div>\n\t\t\t\t<\/div>\n\t\t","protected":false},"excerpt":{"rendered":"<p>Moviendo la foto de arriba de un lado para otro pueden ver como era caminito antes de la intervenci\u00f3n de Quinquela y ahora. Como ver\u00e1n, salvo por los colores, los conventillos de alrededor no se han modificado. En la imagen de abajo ver\u00e1n una ni\u00f1a en 1962 leyendo sobre la\u00a0escalera roja del conventillo que se &#8230; <a title=\"conventillo grupal\" class=\"read-more\" href=\"https:\/\/play.exploragame.com.ar\/index.php\/conventillo-grupal\/\" aria-label=\"Leer m\u00e1s sobre conventillo grupal\">Leer m\u00e1s<\/a><\/p>\n","protected":false},"author":1,"featured_media":0,"parent":0,"menu_order":0,"comment_status":"closed","ping_status":"closed","template":"elementor_header_footer","meta":{"footnotes":""},"wf_page_folders":[13],"class_list":["post-6548","page","type-page","status-publish"],"_links":{"self":[{"href":"https:\/\/play.exploragame.com.ar\/index.php\/wp-json\/wp\/v2\/pages\/6548","targetHints":{"allow":["GET"]}}],"collection":[{"href":"https:\/\/play.exploragame.com.ar\/index.php\/wp-json\/wp\/v2\/pages"}],"about":[{"href":"https:\/\/play.exploragame.com.ar\/index.php\/wp-json\/wp\/v2\/types\/page"}],"author":[{"embeddable":true,"href":"https:\/\/play.exploragame.com.ar\/index.php\/wp-json\/wp\/v2\/users\/1"}],"replies":[{"embeddable":true,"href":"https:\/\/play.exploragame.com.ar\/index.php\/wp-json\/wp\/v2\/comments?post=6548"}],"version-history":[{"count":73,"href":"https:\/\/play.exploragame.com.ar\/index.php\/wp-json\/wp\/v2\/pages\/6548\/revisions"}],"predecessor-version":[{"id":7268,"href":"https:\/\/play.exploragame.com.ar\/index.php\/wp-json\/wp\/v2\/pages\/6548\/revisions\/7268"}],"wp:attachment":[{"href":"https:\/\/play.exploragame.com.ar\/index.php\/wp-json\/wp\/v2\/media?parent=6548"}],"wp:term":[{"taxonomy":"wf_page_folders","embeddable":true,"href":"https:\/\/play.exploragame.com.ar\/index.php\/wp-json\/wp\/v2\/wf_page_folders?post=6548"}],"curies":[{"name":"wp","href":"https:\/\/api.w.org\/{rel}","templated":true}]}}