{"id":6828,"date":"2024-07-27T14:48:26","date_gmt":"2024-07-27T14:48:26","guid":{"rendered":"https:\/\/play.exploragame.com.ar\/?page_id=6828"},"modified":"2024-08-03T13:56:59","modified_gmt":"2024-08-03T13:56:59","slug":"mural-diego-grupal","status":"publish","type":"page","link":"https:\/\/play.exploragame.com.ar\/index.php\/mural-diego-grupal\/","title":{"rendered":"mural diego grupal"},"content":{"rendered":"\t\t<div data-elementor-type=\"wp-page\" data-elementor-id=\"6828\" class=\"elementor elementor-6828\" data-elementor-post-type=\"page\">\n\t\t\t\t<div class=\"elementor-element elementor-element-d23e2b5 e-flex e-con-boxed e-con e-parent\" data-id=\"d23e2b5\" data-element_type=\"container\" data-settings=\"{&quot;background_background&quot;:&quot;classic&quot;,&quot;animation_mobile&quot;:&quot;fadeInUp&quot;}\">\n\t\t\t\t\t<div class=\"e-con-inner\">\n\t\t\t\t<div class=\"elementor-element elementor-element-cce547c elementor-widget elementor-widget-image\" data-id=\"cce547c\" data-element_type=\"widget\" data-widget_type=\"image.default\">\n\t\t\t\t<div class=\"elementor-widget-container\">\n\t\t\t\t\t\t\t\t\t\t\t\t\t<img fetchpriority=\"high\" decoding=\"async\" width=\"780\" height=\"359\" src=\"https:\/\/play.exploragame.com.ar\/wp-content\/uploads\/2024\/05\/1715790426961.jpg\" class=\"attachment-full size-full wp-image-2800\" alt=\"\" srcset=\"https:\/\/play.exploragame.com.ar\/wp-content\/uploads\/2024\/05\/1715790426961.jpg 780w, https:\/\/play.exploragame.com.ar\/wp-content\/uploads\/2024\/05\/1715790426961-300x138.jpg 300w, https:\/\/play.exploragame.com.ar\/wp-content\/uploads\/2024\/05\/1715790426961-768x353.jpg 768w\" sizes=\"(max-width: 780px) 100vw, 780px\" \/>\t\t\t\t\t\t\t\t\t\t\t\t\t<\/div>\n\t\t\t\t<\/div>\n\t\t\t\t\t<\/div>\n\t\t\t\t<\/div>\n\t\t<div class=\"elementor-element elementor-element-89f15c0 e-flex e-con-boxed e-con e-parent\" data-id=\"89f15c0\" data-element_type=\"container\" data-settings=\"{&quot;background_background&quot;:&quot;classic&quot;}\">\n\t\t\t\t\t<div class=\"e-con-inner\">\n\t\t\t\t<div class=\"elementor-element elementor-element-da66fb9 elementor-widget-divider--view-line elementor-widget elementor-widget-divider\" data-id=\"da66fb9\" data-element_type=\"widget\" data-widget_type=\"divider.default\">\n\t\t\t\t<div class=\"elementor-widget-container\">\n\t\t\t\t\t<div class=\"elementor-divider\">\n\t\t\t<span class=\"elementor-divider-separator\">\n\t\t\t\t\t\t<\/span>\n\t\t<\/div>\n\t\t\t\t<\/div>\n\t\t\t\t<\/div>\n\t\t\t\t\t<\/div>\n\t\t\t\t<\/div>\n\t\t<div class=\"elementor-element elementor-element-65be1549 e-flex e-con-boxed e-con e-parent\" data-id=\"65be1549\" data-element_type=\"container\" data-settings=\"{&quot;background_background&quot;:&quot;classic&quot;}\">\n\t\t\t\t\t<div class=\"e-con-inner\">\n\t\t\t\t<div class=\"elementor-element elementor-element-7f40ac7 elementor-widget elementor-widget-heading\" data-id=\"7f40ac7\" data-element_type=\"widget\" data-widget_type=\"heading.default\">\n\t\t\t\t<div class=\"elementor-widget-container\">\n\t\t\t<h2 class=\"elementor-heading-title elementor-size-default\">Murales en la  Boca<\/h2>\t\t<\/div>\n\t\t\t\t<\/div>\n\t\t\t\t<div class=\"elementor-element elementor-element-1200853a elementor-widget elementor-widget-text-editor\" data-id=\"1200853a\" data-element_type=\"widget\" data-widget_type=\"text-editor.default\">\n\t\t\t\t<div class=\"elementor-widget-container\">\n\t\t\t\t\t\t\t<p>En esta cuadra tienen que encontrar el mural de Diego Maradona que retrata este hermoso momento con su hija Dalma en un entrenamiento en el N\u00e1poles en 1989, saquenle una foto y enviarla.<\/p>\t\t\t\t\t\t<\/div>\n\t\t\t\t<\/div>\n\t\t\t\t<div class=\"elementor-element elementor-element-5c12ad7 elementor-widget elementor-widget-image\" data-id=\"5c12ad7\" data-element_type=\"widget\" data-widget_type=\"image.default\">\n\t\t\t\t<div class=\"elementor-widget-container\">\n\t\t\t\t\t\t\t\t\t\t\t\t\t<img decoding=\"async\" width=\"1024\" height=\"790\" src=\"https:\/\/play.exploragame.com.ar\/wp-content\/uploads\/2024\/05\/1715790439984-1024x790.jpg\" class=\"attachment-large size-large wp-image-2801\" alt=\"\" srcset=\"https:\/\/play.exploragame.com.ar\/wp-content\/uploads\/2024\/05\/1715790439984-1024x790.jpg 1024w, https:\/\/play.exploragame.com.ar\/wp-content\/uploads\/2024\/05\/1715790439984-300x232.jpg 300w, https:\/\/play.exploragame.com.ar\/wp-content\/uploads\/2024\/05\/1715790439984-768x593.jpg 768w, https:\/\/play.exploragame.com.ar\/wp-content\/uploads\/2024\/05\/1715790439984-1536x1186.jpg 1536w, https:\/\/play.exploragame.com.ar\/wp-content\/uploads\/2024\/05\/1715790439984.jpg 1639w\" sizes=\"(max-width: 1024px) 100vw, 1024px\" \/>\t\t\t\t\t\t\t\t\t\t\t\t\t<\/div>\n\t\t\t\t<\/div>\n\t\t\t\t\t<\/div>\n\t\t\t\t<\/div>\n\t\t<div class=\"elementor-element elementor-element-4dfdddc e-con-full e-flex e-con e-parent\" data-id=\"4dfdddc\" data-element_type=\"container\" data-settings=\"{&quot;background_background&quot;:&quot;classic&quot;}\">\n\t\t\t\t<div class=\"elementor-element elementor-element-039affa elementor-widget elementor-widget-text-editor\" data-id=\"039affa\" data-element_type=\"widget\" data-widget_type=\"text-editor.default\">\n\t\t\t\t<div class=\"elementor-widget-container\">\n\t\t\t\t\t\t\t<p>Saquen la foto y env\u00edenla para continuar.<\/p>\t\t\t\t\t\t<\/div>\n\t\t\t\t<\/div>\n\t\t\t\t<div class=\"elementor-element elementor-element-cb3dbaf elementor-widget elementor-widget-text-editor\" data-id=\"cb3dbaf\" data-element_type=\"widget\" data-widget_type=\"text-editor.default\">\n\t\t\t\t<div class=\"elementor-widget-container\">\n\t\t\t\t\t\t\t<p>Hagan click sobre el \u00edcono de la c\u00e1mara para enviar.<\/p>\t\t\t\t\t\t<\/div>\n\t\t\t\t<\/div>\n\t\t\t\t<\/div>\n\t\t<div class=\"elementor-element elementor-element-c9bf706 e-flex e-con-boxed e-con e-parent\" data-id=\"c9bf706\" data-element_type=\"container\">\n\t\t\t\t\t<div class=\"e-con-inner\">\n\t\t\t\t<div class=\"elementor-element elementor-element-69d61c0 elementor-widget elementor-widget-html\" data-id=\"69d61c0\" data-element_type=\"widget\" data-widget_type=\"html.default\">\n\t\t\t\t<div class=\"elementor-widget-container\">\n\t\t\t<!DOCTYPE html>\r\n<html lang=\"en\">\r\n<head>\r\n<meta charset=\"UTF-8\">\r\n<meta name=\"viewport\" content=\"width=device-width, initial-scale=1.0\">\r\n<title>Destino<\/title>\r\n<style>\r\n    body {\r\n        text-align: center;\r\n        font-family: Arial, sans-serif;\r\n        display: flex;\r\n        flex-direction: column;\r\n        justify-content: center;\r\n        align-items: center;\r\n        height: 100vh;\r\n        margin: 0;\r\n    }\r\n    #camera-icon {\r\n        width: 100px;\r\n        cursor: pointer;\r\n        margin-bottom: 10px; \/* Espacio entre el \u00edcono de la c\u00e1mara y el texto *\/\r\n    }\r\n    #checking-image {\r\n        display: none;\r\n        margin-bottom: 10px; \/* Espacio entre el texto y el \u00edcono de la c\u00e1mara *\/\r\n    }\r\n    .animation-container {\r\n        position: fixed;\r\n        top: 50%;\r\n        left: 50%;\r\n        transform: translate(-50%, -50%);\r\n    }\r\n<\/style>\r\n<\/head>\r\n<body>\r\n\r\n<img decoding=\"async\" id=\"camera-icon\" src=\"https:\/\/play.exploragame.com.ar\/wp-content\/uploads\/2024\/06\/Titulo-6.png\" alt=\"Camera Icon\">\r\n\r\n<div id=\"checking-image\">Comprobando imagen...<\/div>\r\n\r\n<input type=\"file\" id=\"image-input\" accept=\"image\/*\" capture=\"camera\" style=\"display: none;\">\r\n\r\n<script>\r\nfunction handleImageSelection(event) {\r\n    const imageInput = event.target;\r\n    const selectedFile = imageInput.files[0];\r\n\r\n    if (selectedFile) {\r\n        const checkingImage = document.getElementById('checking-image');\r\n        checkingImage.style.display = 'block';\r\n\r\n        \/\/ Simular la carga de la imagen con un retraso\r\n        setTimeout(() => {\r\n            checkingImage.style.display = 'none';\r\n            playAnimationAndRedirect();\r\n        }, 4000);\r\n    }\r\n}\r\n\r\nfunction playAnimationAndRedirect() {\r\n    \/\/ Reproducir sonido\r\n    const sound = new Audio('https:\/\/play.exploragame.com.ar\/wp-content\/uploads\/2024\/06\/Correct-Answer-Sound-Effect-DeeChannel-mp3cut.net_.mp3');\r\n    sound.play();\r\n\r\n    \/\/ Reproducir la animaci\u00f3n centrada\r\n    const animation = document.createElement('img');\r\n    animation.src = 'https:\/\/play.exploragame.com.ar\/wp-content\/uploads\/2024\/06\/Titulo-4.gif';\r\n    animation.alt = 'Animation';\r\n    animation.classList.add('animation-container');\r\n    document.body.appendChild(animation);\r\n\r\n    \/\/ Redirigir despu\u00e9s de 4 segundos\r\n    setTimeout(() => {\r\n        window.location.href = 'https:\/\/play.exploragame.com.ar\/index.php\/boca-juniors-grupal\/';\r\n    }, 4000);\r\n}\r\n\r\nconst imageInput = document.getElementById('image-input');\r\nimageInput.addEventListener('change', handleImageSelection);\r\n\r\n\/\/ Manejar el clic en el icono de la c\u00e1mara para abrir el selector de archivos\r\nconst cameraIcon = document.getElementById('camera-icon');\r\ncameraIcon.addEventListener('click', () => {\r\n    const imageInput = document.getElementById('image-input');\r\n    imageInput.click();\r\n});\r\n<\/script>\r\n\r\n<\/body>\r\n<\/html>\r\n\t\t<\/div>\n\t\t\t\t<\/div>\n\t\t\t\t\t<\/div>\n\t\t\t\t<\/div>\n\t\t\t\t<\/div>\n\t\t","protected":false},"excerpt":{"rendered":"<p>Murales en la Boca En esta cuadra tienen que encontrar el mural de Diego Maradona que retrata este hermoso momento con su hija Dalma en un entrenamiento en el N\u00e1poles en 1989, saquenle una foto y enviarla. Saquen la foto y env\u00edenla para continuar. Hagan click sobre el \u00edcono de la c\u00e1mara para enviar. Destino &#8230; <a title=\"mural diego grupal\" class=\"read-more\" href=\"https:\/\/play.exploragame.com.ar\/index.php\/mural-diego-grupal\/\" aria-label=\"Leer m\u00e1s sobre mural diego grupal\">Leer m\u00e1s<\/a><\/p>\n","protected":false},"author":1,"featured_media":0,"parent":0,"menu_order":0,"comment_status":"closed","ping_status":"closed","template":"elementor_header_footer","meta":{"footnotes":""},"wf_page_folders":[13],"class_list":["post-6828","page","type-page","status-publish"],"_links":{"self":[{"href":"https:\/\/play.exploragame.com.ar\/index.php\/wp-json\/wp\/v2\/pages\/6828","targetHints":{"allow":["GET"]}}],"collection":[{"href":"https:\/\/play.exploragame.com.ar\/index.php\/wp-json\/wp\/v2\/pages"}],"about":[{"href":"https:\/\/play.exploragame.com.ar\/index.php\/wp-json\/wp\/v2\/types\/page"}],"author":[{"embeddable":true,"href":"https:\/\/play.exploragame.com.ar\/index.php\/wp-json\/wp\/v2\/users\/1"}],"replies":[{"embeddable":true,"href":"https:\/\/play.exploragame.com.ar\/index.php\/wp-json\/wp\/v2\/comments?post=6828"}],"version-history":[{"count":26,"href":"https:\/\/play.exploragame.com.ar\/index.php\/wp-json\/wp\/v2\/pages\/6828\/revisions"}],"predecessor-version":[{"id":7247,"href":"https:\/\/play.exploragame.com.ar\/index.php\/wp-json\/wp\/v2\/pages\/6828\/revisions\/7247"}],"wp:attachment":[{"href":"https:\/\/play.exploragame.com.ar\/index.php\/wp-json\/wp\/v2\/media?parent=6828"}],"wp:term":[{"taxonomy":"wf_page_folders","embeddable":true,"href":"https:\/\/play.exploragame.com.ar\/index.php\/wp-json\/wp\/v2\/wf_page_folders?post=6828"}],"curies":[{"name":"wp","href":"https:\/\/api.w.org\/{rel}","templated":true}]}}