{"id":719,"date":"2024-03-17T18:56:14","date_gmt":"2024-03-17T18:56:14","guid":{"rendered":"https:\/\/play.exploragame.com.ar\/?page_id=719"},"modified":"2024-06-12T16:24:40","modified_gmt":"2024-06-12T16:24:40","slug":"laboca-inundacion-2-2","status":"publish","type":"page","link":"https:\/\/play.exploragame.com.ar\/index.php\/laboca-inundacion-2-2\/","title":{"rendered":"La Boca 5 Esp \/ Vicente Walter 2\/2"},"content":{"rendered":"\t\t<div data-elementor-type=\"wp-page\" data-elementor-id=\"719\" class=\"elementor elementor-719\" data-elementor-post-type=\"page\">\n\t\t\t\t<div class=\"elementor-element elementor-element-5accde2 e-con-full e-flex e-con e-parent\" data-id=\"5accde2\" data-element_type=\"container\">\n\t\t<div class=\"elementor-element elementor-element-1e4ecf7 e-flex e-con-boxed e-con e-child\" data-id=\"1e4ecf7\" data-element_type=\"container\">\n\t\t\t\t\t<div class=\"e-con-inner\">\n\t\t\t\t<div class=\"elementor-element elementor-element-ec4b751 elementor-widget-mobile__width-inherit elementor-widget elementor-widget-eael-progress-bar\" data-id=\"ec4b751\" data-element_type=\"widget\" data-widget_type=\"eael-progress-bar.default\">\n\t\t\t\t<div class=\"elementor-widget-container\">\n\t\t\t<div class=\"eael-progressbar-line-container center\">\n                \n\n                <div class=\"eael-progressbar eael-progressbar-line eael-progressbar-line-stripe eael-progressbar-line-animate-rtl\" data-layout=\"line\" data-count=\"24\" data-duration=\"1500\">\n                    <span class=\"eael-progressbar-count-wrap\"><span class=\"eael-progressbar-count\">0<\/span><span class=\"postfix\">%<\/span><\/span>\n                    <span class=\"eael-progressbar-line-fill \" style=\"-webkit-transition-duration:1500ms;-o-transition-duration:1500ms;transition-duration:1500ms;\"><\/span>\n                <\/div>\n            <\/div>\t\t<\/div>\n\t\t\t\t<\/div>\n\t\t\t\t\t<\/div>\n\t\t\t\t<\/div>\n\t\t\t\t<div class=\"elementor-element elementor-element-4bf2a58 elementor--h-position-center elementor--v-position-middle elementor-arrows-position-inside elementor-pagination-position-inside elementor-widget elementor-widget-slides\" data-id=\"4bf2a58\" data-element_type=\"widget\" data-settings=\"{&quot;transition&quot;:&quot;fade&quot;,&quot;autoplay_speed&quot;:2000,&quot;transition_speed&quot;:1000,&quot;navigation&quot;:&quot;both&quot;,&quot;autoplay&quot;:&quot;yes&quot;,&quot;pause_on_hover&quot;:&quot;yes&quot;,&quot;pause_on_interaction&quot;:&quot;yes&quot;,&quot;infinite&quot;:&quot;yes&quot;}\" data-widget_type=\"slides.default\">\n\t\t\t\t<div class=\"elementor-widget-container\">\n\t\t\t\t\t<div class=\"elementor-swiper\">\n\t\t\t<div class=\"elementor-slides-wrapper elementor-main-swiper swiper\" dir=\"ltr\" data-animation=\"\">\n\t\t\t\t<div class=\"swiper-wrapper elementor-slides\">\n\t\t\t\t\t\t\t\t\t\t<div class=\"elementor-repeater-item-f2a61f6 swiper-slide\"><div class=\"swiper-slide-bg\" role=\"img\"><\/div><div class=\"swiper-slide-inner\" ><div class=\"swiper-slide-contents\"><\/div><\/div><\/div><div class=\"elementor-repeater-item-ea32c82 swiper-slide\"><div class=\"swiper-slide-bg\" role=\"img\"><\/div><div class=\"swiper-slide-inner\" ><div class=\"swiper-slide-contents\"><\/div><\/div><\/div><div class=\"elementor-repeater-item-41d7c47 swiper-slide\"><div class=\"swiper-slide-bg\" role=\"img\"><\/div><div class=\"swiper-slide-inner\" ><div class=\"swiper-slide-contents\"><\/div><\/div><\/div><div class=\"elementor-repeater-item-cf09db9 swiper-slide\"><div class=\"swiper-slide-bg\" role=\"img\"><\/div><div class=\"swiper-slide-inner\" ><div class=\"swiper-slide-contents\"><\/div><\/div><\/div><div class=\"elementor-repeater-item-57aa901 swiper-slide\"><div class=\"swiper-slide-bg\" role=\"img\"><\/div><div class=\"swiper-slide-inner\" ><div class=\"swiper-slide-contents\"><\/div><\/div><\/div><div class=\"elementor-repeater-item-f67fbe0 swiper-slide\"><div class=\"swiper-slide-bg\" role=\"img\"><\/div><div class=\"swiper-slide-inner\" ><div class=\"swiper-slide-contents\"><\/div><\/div><\/div><div class=\"elementor-repeater-item-8456567 swiper-slide\"><div class=\"swiper-slide-bg\" role=\"img\"><\/div><div class=\"elementor-background-overlay\"><\/div><div class=\"swiper-slide-inner\" ><div class=\"swiper-slide-contents\"><\/div><\/div><\/div>\t\t\t\t<\/div>\n\t\t\t\t\t\t\t\t\t\t\t\t\t\t\t<div class=\"swiper-pagination\"><\/div>\n\t\t\t\t\t\t\t\t\t\t\t\t\t\t\t\t<div class=\"elementor-swiper-button elementor-swiper-button-prev\" role=\"button\" tabindex=\"0\">\n\t\t\t\t\t\t\t<svg aria-hidden=\"true\" class=\"e-font-icon-svg e-eicon-chevron-left\" viewBox=\"0 0 1000 1000\" xmlns=\"http:\/\/www.w3.org\/2000\/svg\"><path d=\"M646 125C629 125 613 133 604 142L308 442C296 454 292 471 292 487 292 504 296 521 308 533L604 854C617 867 629 875 646 875 663 875 679 871 692 858 704 846 713 829 713 812 713 796 708 779 692 767L438 487 692 225C700 217 708 204 708 187 708 171 704 154 692 142 675 129 663 125 646 125Z\"><\/path><\/svg>\t\t\t\t\t\t\t<span class=\"elementor-screen-only\">Previous slide<\/span>\n\t\t\t\t\t\t<\/div>\n\t\t\t\t\t\t<div class=\"elementor-swiper-button elementor-swiper-button-next\" role=\"button\" tabindex=\"0\">\n\t\t\t\t\t\t\t<svg aria-hidden=\"true\" class=\"e-font-icon-svg e-eicon-chevron-right\" viewBox=\"0 0 1000 1000\" xmlns=\"http:\/\/www.w3.org\/2000\/svg\"><path d=\"M696 533C708 521 713 504 713 487 713 471 708 454 696 446L400 146C388 133 375 125 354 125 338 125 325 129 313 142 300 154 292 171 292 187 292 204 296 221 308 233L563 492 304 771C292 783 288 800 288 817 288 833 296 850 308 863 321 871 338 875 354 875 371 875 388 867 400 854L696 533Z\"><\/path><\/svg>\t\t\t\t\t\t\t<span class=\"elementor-screen-only\">Next slide<\/span>\n\t\t\t\t\t\t<\/div>\n\t\t\t\t\t\t\t\t\t\t\t\t<\/div>\n\t\t<\/div>\n\t\t\t\t<\/div>\n\t\t\t\t<\/div>\n\t\t\t\t<\/div>\n\t\t<div class=\"elementor-element elementor-element-d23e2b5 e-flex e-con-boxed e-con e-parent\" data-id=\"d23e2b5\" data-element_type=\"container\" data-settings=\"{&quot;background_background&quot;:&quot;classic&quot;,&quot;animation_mobile&quot;:&quot;none&quot;}\">\n\t\t\t\t\t<div class=\"e-con-inner\">\n\t\t<div class=\"elementor-element elementor-element-0660977 e-flex e-con-boxed e-con e-child\" data-id=\"0660977\" data-element_type=\"container\" data-settings=\"{&quot;animation_mobile&quot;:&quot;none&quot;}\">\n\t\t\t\t\t<div class=\"e-con-inner\">\n\t\t\t\t<div class=\"elementor-element elementor-element-d5c4357 elementor-widget-divider--view-line elementor-widget elementor-widget-divider\" data-id=\"d5c4357\" data-element_type=\"widget\" data-widget_type=\"divider.default\">\n\t\t\t\t<div class=\"elementor-widget-container\">\n\t\t\t\t\t<div class=\"elementor-divider\">\n\t\t\t<span class=\"elementor-divider-separator\">\n\t\t\t\t\t\t<\/span>\n\t\t<\/div>\n\t\t\t\t<\/div>\n\t\t\t\t<\/div>\n\t\t\t\t\t<\/div>\n\t\t\t\t<\/div>\n\t\t\t\t\t<\/div>\n\t\t\t\t<\/div>\n\t\t<div class=\"elementor-element elementor-element-3660ddf e-con-full e-flex e-con e-parent\" data-id=\"3660ddf\" data-element_type=\"container\">\n\t\t<div class=\"elementor-element elementor-element-6d2df87 e-flex e-con-boxed e-con e-child\" data-id=\"6d2df87\" data-element_type=\"container\">\n\t\t\t\t\t<div class=\"e-con-inner\">\n\t\t\t\t<div class=\"elementor-element elementor-element-fe7760d elementor-widget elementor-widget-heading\" data-id=\"fe7760d\" data-element_type=\"widget\" data-widget_type=\"heading.default\">\n\t\t\t\t<div class=\"elementor-widget-container\">\n\t\t\t<h2 class=\"elementor-heading-title elementor-size-default\">Vicente Walter<\/h2>\t\t<\/div>\n\t\t\t\t<\/div>\n\t\t\t\t<div class=\"elementor-element elementor-element-6e2c3e5 elementor-widget elementor-widget-text-editor\" data-id=\"6e2c3e5\" data-element_type=\"widget\" data-widget_type=\"text-editor.default\">\n\t\t\t\t<div class=\"elementor-widget-container\">\n\t\t\t\t\t\t\t<p><span style=\"font-weight: 400;\">Fue artista alba\u00f1il, pintor y escultor que realiz\u00f3 muchos altos relieves escult\u00f3ricos con capas gruesas de cemento y quitando el excedente con cuchara, d\u00e1ndole textura con tenedor y una papa.\u00a0<\/span><\/p><p>Artista bohemio, cambiaba obras por comida para \u00e9l y sus 10 gatos, retratando la idiosincrasia del barrio.<\/p><p><span style=\"background-color: var(--base-2);\">Muri\u00f3 en 2004 en la extrema pobreza y sin ser conocido, por eso hoy queremos recordarlo.<\/span><\/p>\t\t\t\t\t\t<\/div>\n\t\t\t\t<\/div>\n\t\t\t\t\t<\/div>\n\t\t\t\t<\/div>\n\t\t\t\t<\/div>\n\t\t<div class=\"elementor-element elementor-element-ec311a2 e-flex e-con-boxed e-con e-parent\" data-id=\"ec311a2\" data-element_type=\"container\">\n\t\t\t\t\t<div class=\"e-con-inner\">\n\t\t<div class=\"elementor-element elementor-element-4da424a e-con-full e-flex e-con e-child\" data-id=\"4da424a\" data-element_type=\"container\">\n\t\t\t\t<div class=\"elementor-element elementor-element-fc06b7d elementor-hidden-tablet elementor-widget-divider--view-line elementor-widget elementor-widget-divider\" data-id=\"fc06b7d\" data-element_type=\"widget\" data-widget_type=\"divider.default\">\n\t\t\t\t<div class=\"elementor-widget-container\">\n\t\t\t\t\t<div class=\"elementor-divider\">\n\t\t\t<span class=\"elementor-divider-separator\">\n\t\t\t\t\t\t<\/span>\n\t\t<\/div>\n\t\t\t\t<\/div>\n\t\t\t\t<\/div>\n\t\t\t\t<\/div>\n\t\t<div class=\"elementor-element elementor-element-bd98a72 e-con-full e-flex e-con e-child\" data-id=\"bd98a72\" data-element_type=\"container\">\n\t\t\t\t<div class=\"elementor-element elementor-element-ec5e8c9 elementor-widget elementor-widget-image\" data-id=\"ec5e8c9\" data-element_type=\"widget\" data-settings=\"{&quot;_animation_mobile&quot;:&quot;flash&quot;}\" data-widget_type=\"image.default\">\n\t\t\t\t<div class=\"elementor-widget-container\">\n\t\t\t\t\t\t\t\t\t\t\t\t\t\t<a href=\"#elementor-action%3Aaction%3Dpopup%3Aopen%26settings%3DeyJpZCI6Ijc4NSIsInRvZ2dsZSI6ZmFsc2V9\">\n\t\t\t\t\t\t\t<img decoding=\"async\" width=\"150\" height=\"150\" src=\"https:\/\/play.exploragame.com.ar\/wp-content\/uploads\/2024\/03\/Diseno-sin-titulo-94-150x150.png\" class=\"attachment-thumbnail size-thumbnail wp-image-578\" alt=\"\" srcset=\"https:\/\/play.exploragame.com.ar\/wp-content\/uploads\/2024\/03\/Diseno-sin-titulo-94-150x150.png 150w, https:\/\/play.exploragame.com.ar\/wp-content\/uploads\/2024\/03\/Diseno-sin-titulo-94-300x300.png 300w, https:\/\/play.exploragame.com.ar\/wp-content\/uploads\/2024\/03\/Diseno-sin-titulo-94.png 512w\" sizes=\"(max-width: 150px) 100vw, 150px\" \/>\t\t\t\t\t\t\t\t<\/a>\n\t\t\t\t\t\t\t\t\t\t\t\t\t<\/div>\n\t\t\t\t<\/div>\n\t\t\t\t<\/div>\n\t\t\t\t\t<\/div>\n\t\t\t\t<\/div>\n\t\t<div class=\"elementor-element elementor-element-7aca614 e-flex e-con-boxed e-con e-parent\" data-id=\"7aca614\" data-element_type=\"container\">\n\t\t\t\t\t<div class=\"e-con-inner\">\n\t\t\t\t<div class=\"elementor-element elementor-element-6e5642b elementor-widget elementor-widget-shortcode\" data-id=\"6e5642b\" data-element_type=\"widget\" data-widget_type=\"shortcode.default\">\n\t\t\t\t<div class=\"elementor-widget-container\">\n\t\t\t\t\t<div class=\"elementor-shortcode\"><div class=\"hurrytimer-cdt hurrytimer-cdt--2808 hurrytimer-campaign hurryt-loading hurrytimer-campaign-2808\" data-config=\"{&quot;id&quot;:2808,&quot;run_in_background&quot;:false,&quot;sticky&quot;:false,&quot;product_ids&quot;:[],&quot;actions&quot;:[{&quot;id&quot;:6,&quot;redirectUrl&quot;:&quot;www.google.com&quot;,&quot;message&quot;:&quot;&lt;video autoplay=\\&quot;autoplay\\&quot; loop=\\&quot;loop\\&quot; muted=\\&quot;\\&quot; width=\\&quot;300\\&quot; height=\\&quot;150\\&quot;&gt;&lt;br \\\/&gt;\\r\\n&lt;source src=\\&quot;https:\\\/\\\/play.exploragame.com.ar\\\/wp-content\\\/uploads\\\/2024\\\/05\\\/tIEMPO-AGOTADO-1.mp4\\&quot; \\\/&gt;&lt;br \\\/&gt;\\r\\n&lt;\\\/video&gt;&quot;,&quot;coupon&quot;:&quot;&quot;,&quot;wcStockStatus&quot;:&quot;instock&quot;}],&quot;template&quot;:&quot;&lt;div class=\\&quot;hurrytimer-timer-block hurrytimer-cdt__dur\\&quot;&gt;&lt;div class=\\&quot;hurrytimer-timer-digit hurrytimer-cdt__time\\&quot;&gt;%N&lt;\\\/div&gt;&lt;\\\/div&gt;&lt;div class=\\&quot;hurrytimer-cdt__sep hurrytimer-timer-sep\\&quot;&gt;:&lt;\\\/div&gt;&lt;div class=\\&quot;hurrytimer-timer-block hurrytimer-cdt__dur\\&quot;&gt;&lt;div class=\\&quot;hurrytimer-timer-digit hurrytimer-cdt__time\\&quot;&gt;%S&lt;\\\/div&gt;&lt;\\\/div&gt;&quot;,&quot;methods&quot;:[1,2],&quot;mode&quot;:&quot;evergreen&quot;,&quot;sticky_bar_hide_timeout&quot;:7,&quot;isRegular&quot;:false,&quot;restart_duration&quot;:0,&quot;duration&quot;:600,&quot;should_reset&quot;:true,&quot;reset_token&quot;:&quot;1716066525&quot;,&quot;restart&quot;:&quot;3&quot;,&quot;endDate&quot;:null,&quot;cookieName&quot;:&quot;_ht_CDT-2808&quot;,&quot;reload_reset&quot;:true}\" ><div class=\"hurrytimer-cdt__inner hurrytimer-timer\"><\/div><\/div><\/div>\n\t\t\t\t<\/div>\n\t\t\t\t<\/div>\n\t\t\t\t<div class=\"elementor-element elementor-element-68f855c elementor-widget elementor-widget-heading\" data-id=\"68f855c\" data-element_type=\"widget\" data-widget_type=\"heading.default\">\n\t\t\t\t<div class=\"elementor-widget-container\">\n\t\t\t<h2 class=\"elementor-heading-title elementor-size-default\">\u00bfCu\u00e1ntas personas incluyendo los 3 infantes hay en el mural? <\/h2>\t\t<\/div>\n\t\t\t\t<\/div>\n\t\t\t\t\t<\/div>\n\t\t\t\t<\/div>\n\t\t<div class=\"elementor-element elementor-element-6ba75c8 e-flex e-con-boxed e-con e-parent\" data-id=\"6ba75c8\" data-element_type=\"container\">\n\t\t\t\t\t<div class=\"e-con-inner\">\n\t\t\t\t<div class=\"elementor-element elementor-element-a496c32 elementor-widget elementor-widget-html\" data-id=\"a496c32\" data-element_type=\"widget\" data-settings=\"{&quot;_animation_mobile&quot;:&quot;fadeInUp&quot;}\" data-widget_type=\"html.default\">\n\t\t\t\t<div class=\"elementor-widget-container\">\n\t\t\t<!DOCTYPE html>\r\n<html lang=\"en\">\r\n<head>\r\n<meta charset=\"UTF-8\">\r\n<meta name=\"viewport\" content=\"width=device-width, initial-scale=1.0\">\r\n<title>Prueba de Pregunta<\/title>\r\n<style>\r\n    body {\r\n        font-family: Arial, sans-serif;\r\n        text-align: center;\r\n        position: relative;\r\n        height: 100vh;\r\n        margin: 0;\r\n    }\r\n    .container {\r\n        width: 90%; \/* Ancho del contenedor *\/\r\n        max-width: 400px; \/* M\u00e1ximo ancho del contenedor *\/\r\n        margin: 0 auto; \/* Centrado horizontal *\/\r\n    }\r\n    input[type=\"text\"], button {\r\n        width: 100%; \/* Ocupa el 100% del contenedor *\/\r\n        border-radius: 10px; \/* Bordes redondeados *\/\r\n        padding: 10px 20px; \/* Espacio interno *\/\r\n        margin: 10px 0; \/* Margen externo *\/\r\n        box-sizing: border-box; \/* Incluir padding y border en el ancho total *\/\r\n    }\r\n    input[type=\"text\"] {\r\n        border: 1px solid #ccc; \/* L\u00ednea suave *\/\r\n    }\r\n    button {\r\n        background-color: #FF5100; \/* Color de fondo FF5100 *\/\r\n        color: white; \/* Color del texto blanco *\/\r\n        border: none; \/* Sin bordes *\/\r\n        cursor: pointer; \/* Cambio de cursor al pasar el rat\u00f3n *\/\r\n    }\r\n    .mensaje {\r\n        color: red;\r\n        visibility: hidden;\r\n    }\r\n    .animacion-correcta, .animacion-incorrecta {\r\n        position: fixed;\r\n        top: 50%;\r\n        left: 50%;\r\n        transform: translate(-50%, -50%);\r\n        visibility: hidden;\r\n    }\r\n<\/style>\r\n<\/head>\r\n<body>\r\n<h1><\/h1>\r\n<p id=\"pregunta\"><\/p>\r\n<div class=\"container\">\r\n    <input type=\"text\" id=\"respuesta\" placeholder=\"Escriba aqu\u00ed su respuesta\"> <!-- Placeholder -->\r\n    <button onclick=\"verificarRespuesta()\">Responder<\/button>\r\n<\/div>\r\n<p id=\"mensaje\" class=\"mensaje\"> \u00bfLos ayudo? Pueden pedir pistas por el chat.<\/p>\r\n\r\n<img decoding=\"async\" id=\"animacionCorrecta\" class=\"animacion-correcta\" src=\"https:\/\/play.exploragame.com.ar\/wp-content\/uploads\/2024\/06\/Titulo-4.gif\" alt=\"Respuesta correcta\">\r\n<img decoding=\"async\" id=\"animacionIncorrecta\" class=\"animacion-incorrecta\" src=\"https:\/\/play.exploragame.com.ar\/wp-content\/uploads\/2024\/06\/Titulo.gif\" alt=\"Respuesta incorrecta\">\r\n\r\n<audio id=\"correctoAudio\" src=\"https:\/\/play.exploragame.com.ar\/wp-content\/uploads\/2024\/06\/Correct-Answer-Sound-Effect-DeeChannel-mp3cut.net_.mp3\"><\/audio>\r\n<audio id=\"incorrectoAudio\" src=\"https:\/\/play.exploragame.com.ar\/wp-content\/uploads\/2024\/06\/INCORRECT-mp3cut.net_.mp3\"><\/audio>\r\n\r\n<script>\r\nvar pregunta = \"\"; \/\/ Definir la pregunta\r\nvar respuestasCorrectas = [\"34\", \"35\"]; \/\/ Definir las respuestas correctas en un arreglo\r\nvar intentosIncorrectos = 0; \/\/ Contador de intentos incorrectos\r\n\r\ndocument.getElementById(\"pregunta\").innerText = pregunta;\r\n\r\nfunction verificarRespuesta() {\r\n    var respuestaUsuario = document.getElementById(\"respuesta\").value.toLowerCase();\r\n\r\n    \/\/ Eliminar tildes de la respuesta del usuario y de las respuestas correctas\r\n    respuestaUsuario = respuestaUsuario.normalize(\"NFD\").replace(\/[\\u0300-\\u036f]\/g, \"\");\r\n    var respuestasCorrectasNormalizadas = respuestasCorrectas.map(function(respuesta) {\r\n        return respuesta.toLowerCase().normalize(\"NFD\").replace(\/[\\u0300-\\u036f]\/g, \"\");\r\n    });\r\n\r\n    \/\/ Verificar si la respuesta del usuario coincide con alguna de las respuestas correctas\r\n    var respuestaCorrecta = respuestasCorrectasNormalizadas.find(function(respuesta) {\r\n        return respuesta === respuestaUsuario;\r\n    });\r\n\r\n    if (respuestaCorrecta) {\r\n        reproducirSonido(\"correctoAudio\");\r\n        mostrarAnimacionCorrecta();\r\n        setTimeout(function() {\r\n            window.location.href = \"https:\/\/play.exploragame.com.ar\/index.php\/la-boca-2-2-3\/\";\r\n        }, 2000);\r\n    } else {\r\n        intentosIncorrectos++;\r\n        reproducirSonido(\"incorrectoAudio\");\r\n        mostrarAnimacionIncorrecta();\r\n        if (intentosIncorrectos >= 2) {\r\n            document.getElementById(\"mensaje\").style.visibility = \"visible\";\r\n        }\r\n    }\r\n\r\n    \/\/ Limpiar el campo de respuesta\r\n    document.getElementById(\"respuesta\").value = \"\";\r\n}\r\n\r\nfunction reproducirSonido(idAudio) {\r\n    var audio = document.getElementById(idAudio);\r\n    audio.play();\r\n}\r\n\r\nfunction mostrarAnimacionCorrecta() {\r\n    var animacion = document.getElementById(\"animacionCorrecta\");\r\n    animacion.style.visibility = \"visible\";\r\n    setTimeout(function() {\r\n        animacion.style.visibility = \"hidden\";\r\n    }, 3000); \/\/ Asume que el GIF dura 3 segundos, ajusta este tiempo seg\u00fan sea necesario\r\n}\r\n\r\nfunction mostrarAnimacionIncorrecta() {\r\n    var animacion = document.getElementById(\"animacionIncorrecta\");\r\n    animacion.style.visibility = \"visible\";\r\n    setTimeout(function() {\r\n        animacion.style.visibility = \"hidden\";\r\n    }, 2000); \/\/ Asume que el GIF dura 2 segundos, ajusta este tiempo seg\u00fan sea necesario\r\n}\r\n<\/script>\r\n<\/body>\r\n<\/html>\r\n\t\t<\/div>\n\t\t\t\t<\/div>\n\t\t\t\t\t<\/div>\n\t\t\t\t<\/div>\n\t\t\t\t<\/div>\n\t\t","protected":false},"excerpt":{"rendered":"<p>0% Previous slide Next slide Vicente Walter Fue artista alba\u00f1il, pintor y escultor que realiz\u00f3 muchos altos relieves escult\u00f3ricos con capas gruesas de cemento y quitando el excedente con cuchara, d\u00e1ndole textura con tenedor y una papa.\u00a0 Artista bohemio, cambiaba obras por comida para \u00e9l y sus 10 gatos, retratando la idiosincrasia del barrio. Muri\u00f3 &#8230; <a title=\"La Boca 5 Esp \/ Vicente Walter 2\/2\" class=\"read-more\" href=\"https:\/\/play.exploragame.com.ar\/index.php\/laboca-inundacion-2-2\/\" aria-label=\"Leer m\u00e1s sobre La Boca 5 Esp \/ Vicente Walter 2\/2\">Leer m\u00e1s<\/a><\/p>\n","protected":false},"author":1,"featured_media":0,"parent":0,"menu_order":0,"comment_status":"closed","ping_status":"closed","template":"elementor_header_footer","meta":{"footnotes":""},"wf_page_folders":[5],"class_list":["post-719","page","type-page","status-publish"],"_links":{"self":[{"href":"https:\/\/play.exploragame.com.ar\/index.php\/wp-json\/wp\/v2\/pages\/719","targetHints":{"allow":["GET"]}}],"collection":[{"href":"https:\/\/play.exploragame.com.ar\/index.php\/wp-json\/wp\/v2\/pages"}],"about":[{"href":"https:\/\/play.exploragame.com.ar\/index.php\/wp-json\/wp\/v2\/types\/page"}],"author":[{"embeddable":true,"href":"https:\/\/play.exploragame.com.ar\/index.php\/wp-json\/wp\/v2\/users\/1"}],"replies":[{"embeddable":true,"href":"https:\/\/play.exploragame.com.ar\/index.php\/wp-json\/wp\/v2\/comments?post=719"}],"version-history":[{"count":97,"href":"https:\/\/play.exploragame.com.ar\/index.php\/wp-json\/wp\/v2\/pages\/719\/revisions"}],"predecessor-version":[{"id":5726,"href":"https:\/\/play.exploragame.com.ar\/index.php\/wp-json\/wp\/v2\/pages\/719\/revisions\/5726"}],"wp:attachment":[{"href":"https:\/\/play.exploragame.com.ar\/index.php\/wp-json\/wp\/v2\/media?parent=719"}],"wp:term":[{"taxonomy":"wf_page_folders","embeddable":true,"href":"https:\/\/play.exploragame.com.ar\/index.php\/wp-json\/wp\/v2\/wf_page_folders?post=719"}],"curies":[{"name":"wp","href":"https:\/\/api.w.org\/{rel}","templated":true}]}}