{"id":7198,"date":"2024-08-03T15:09:06","date_gmt":"2024-08-03T15:09:06","guid":{"rendered":"https:\/\/play.exploragame.com.ar\/?page_id=7198"},"modified":"2024-08-03T15:15:45","modified_gmt":"2024-08-03T15:15:45","slug":"final-la-boca-grupal","status":"publish","type":"page","link":"https:\/\/play.exploragame.com.ar\/index.php\/final-la-boca-grupal\/","title":{"rendered":"Final la boca grupal no usado"},"content":{"rendered":"\t\t<div data-elementor-type=\"wp-page\" data-elementor-id=\"7198\" class=\"elementor elementor-7198\" data-elementor-post-type=\"page\">\n\t\t\t\t<div class=\"elementor-element elementor-element-3660ddf e-con-full e-flex e-con e-parent\" data-id=\"3660ddf\" data-element_type=\"container\" data-settings=\"{&quot;animation_mobile&quot;:&quot;pulse&quot;}\">\n\t\t\t\t<div class=\"elementor-element elementor-element-3214233 elementor-widget elementor-widget-image\" data-id=\"3214233\" data-element_type=\"widget\" data-settings=\"{&quot;motion_fx_motion_fx_scrolling&quot;:&quot;yes&quot;,&quot;_animation_mobile&quot;:&quot;none&quot;,&quot;motion_fx_devices&quot;:[&quot;desktop&quot;,&quot;tablet&quot;,&quot;mobile&quot;]}\" data-widget_type=\"image.default\">\n\t\t\t\t<div class=\"elementor-widget-container\">\n\t\t\t\t\t\t\t\t\t\t\t\t\t<img fetchpriority=\"high\" decoding=\"async\" width=\"810\" height=\"810\" src=\"https:\/\/play.exploragame.com.ar\/wp-content\/uploads\/2024\/06\/Diseno-sin-titulo-34.jpg\" class=\"attachment-large size-large wp-image-4914\" alt=\"\" srcset=\"https:\/\/play.exploragame.com.ar\/wp-content\/uploads\/2024\/06\/Diseno-sin-titulo-34.jpg 810w, https:\/\/play.exploragame.com.ar\/wp-content\/uploads\/2024\/06\/Diseno-sin-titulo-34-300x300.jpg 300w, https:\/\/play.exploragame.com.ar\/wp-content\/uploads\/2024\/06\/Diseno-sin-titulo-34-150x150.jpg 150w, https:\/\/play.exploragame.com.ar\/wp-content\/uploads\/2024\/06\/Diseno-sin-titulo-34-768x768.jpg 768w\" sizes=\"(max-width: 810px) 100vw, 810px\" \/>\t\t\t\t\t\t\t\t\t\t\t\t\t<\/div>\n\t\t\t\t<\/div>\n\t\t<div class=\"elementor-element elementor-element-6d2df87 e-flex e-con-boxed e-con e-child\" data-id=\"6d2df87\" data-element_type=\"container\">\n\t\t\t\t\t<div class=\"e-con-inner\">\n\t\t\t\t<div class=\"elementor-element elementor-element-6e2c3e5 elementor-widget elementor-widget-text-editor\" data-id=\"6e2c3e5\" data-element_type=\"widget\" data-widget_type=\"text-editor.default\">\n\t\t\t\t<div class=\"elementor-widget-container\">\n\t\t\t\t\t\t\t<p>Como habr\u00e1n visto, San Telmo tiene una <strong>propia<\/strong> y <strong>rica<\/strong> historia.<\/p><p><strong>RICO<\/strong> ser\u00e1 el caf\u00e9 que nos tomaremos donde nos encontraran para terminar el juego, no as\u00ed ser\u00e1 <strong>PROPIO<\/strong> porque si de multinacionales hablamos, ella es la reina (de los mares).<\/p><p>All\u00ed, donde se junta lo antiguo con lo moderno, en una esquina de la plaza Dorrego, dentro nos encontraremos.<\/p>\t\t\t\t\t\t<\/div>\n\t\t\t\t<\/div>\n\t\t\t\t\t<\/div>\n\t\t\t\t<\/div>\n\t\t\t\t<\/div>\n\t\t\t\t<\/div>\n\t\t","protected":false},"excerpt":{"rendered":"<p>Como habr\u00e1n visto, San Telmo tiene una propia y rica historia. RICO ser\u00e1 el caf\u00e9 que nos tomaremos donde nos encontraran para terminar el juego, no as\u00ed ser\u00e1 PROPIO porque si de multinacionales hablamos, ella es la reina (de los mares). All\u00ed, donde se junta lo antiguo con lo moderno, en una esquina de la &#8230; <a title=\"Final la boca grupal no usado\" class=\"read-more\" href=\"https:\/\/play.exploragame.com.ar\/index.php\/final-la-boca-grupal\/\" aria-label=\"Leer m\u00e1s sobre Final la boca grupal no usado\">Leer m\u00e1s<\/a><\/p>\n","protected":false},"author":1,"featured_media":0,"parent":0,"menu_order":0,"comment_status":"closed","ping_status":"closed","template":"elementor_header_footer","meta":{"footnotes":""},"wf_page_folders":[13],"class_list":["post-7198","page","type-page","status-publish"],"_links":{"self":[{"href":"https:\/\/play.exploragame.com.ar\/index.php\/wp-json\/wp\/v2\/pages\/7198","targetHints":{"allow":["GET"]}}],"collection":[{"href":"https:\/\/play.exploragame.com.ar\/index.php\/wp-json\/wp\/v2\/pages"}],"about":[{"href":"https:\/\/play.exploragame.com.ar\/index.php\/wp-json\/wp\/v2\/types\/page"}],"author":[{"embeddable":true,"href":"https:\/\/play.exploragame.com.ar\/index.php\/wp-json\/wp\/v2\/users\/1"}],"replies":[{"embeddable":true,"href":"https:\/\/play.exploragame.com.ar\/index.php\/wp-json\/wp\/v2\/comments?post=7198"}],"version-history":[{"count":5,"href":"https:\/\/play.exploragame.com.ar\/index.php\/wp-json\/wp\/v2\/pages\/7198\/revisions"}],"predecessor-version":[{"id":7208,"href":"https:\/\/play.exploragame.com.ar\/index.php\/wp-json\/wp\/v2\/pages\/7198\/revisions\/7208"}],"wp:attachment":[{"href":"https:\/\/play.exploragame.com.ar\/index.php\/wp-json\/wp\/v2\/media?parent=7198"}],"wp:term":[{"taxonomy":"wf_page_folders","embeddable":true,"href":"https:\/\/play.exploragame.com.ar\/index.php\/wp-json\/wp\/v2\/wf_page_folders?post=7198"}],"curies":[{"name":"wp","href":"https:\/\/api.w.org\/{rel}","templated":true}]}}