{"id":7203,"date":"2024-08-03T15:13:12","date_gmt":"2024-08-03T15:13:12","guid":{"rendered":"https:\/\/play.exploragame.com.ar\/?page_id=7203"},"modified":"2024-08-03T15:15:15","modified_gmt":"2024-08-03T15:15:15","slug":"la-boca-cafe-grupal","status":"publish","type":"page","link":"https:\/\/play.exploragame.com.ar\/index.php\/la-boca-cafe-grupal\/","title":{"rendered":"La boca cafe Grupal"},"content":{"rendered":"\t\t<div data-elementor-type=\"wp-page\" data-elementor-id=\"7203\" class=\"elementor elementor-7203\" data-elementor-post-type=\"page\">\n\t\t\t\t<div class=\"elementor-element elementor-element-d23e2b5 e-flex e-con-boxed e-con e-parent\" data-id=\"d23e2b5\" data-element_type=\"container\" data-settings=\"{&quot;background_background&quot;:&quot;classic&quot;,&quot;animation_mobile&quot;:&quot;fadeInUp&quot;}\">\n\t\t\t\t\t<div class=\"e-con-inner\">\n\t\t\t\t<div class=\"elementor-element elementor-element-f33e4c8 elementor-widget elementor-widget-image\" data-id=\"f33e4c8\" data-element_type=\"widget\" data-widget_type=\"image.default\">\n\t\t\t\t<div class=\"elementor-widget-container\">\n\t\t\t\t\t\t\t\t\t\t\t\t\t<img fetchpriority=\"high\" decoding=\"async\" width=\"810\" height=\"810\" src=\"https:\/\/play.exploragame.com.ar\/wp-content\/uploads\/2024\/06\/Diseno-sin-titulo-34.jpg\" class=\"attachment-large size-large wp-image-4914\" alt=\"\" srcset=\"https:\/\/play.exploragame.com.ar\/wp-content\/uploads\/2024\/06\/Diseno-sin-titulo-34.jpg 810w, https:\/\/play.exploragame.com.ar\/wp-content\/uploads\/2024\/06\/Diseno-sin-titulo-34-300x300.jpg 300w, https:\/\/play.exploragame.com.ar\/wp-content\/uploads\/2024\/06\/Diseno-sin-titulo-34-150x150.jpg 150w, https:\/\/play.exploragame.com.ar\/wp-content\/uploads\/2024\/06\/Diseno-sin-titulo-34-768x768.jpg 768w\" sizes=\"(max-width: 810px) 100vw, 810px\" \/>\t\t\t\t\t\t\t\t\t\t\t\t\t<\/div>\n\t\t\t\t<\/div>\n\t\t\t\t\t<\/div>\n\t\t\t\t<\/div>\n\t\t<div class=\"elementor-element elementor-element-89f15c0 e-flex e-con-boxed e-con e-parent\" data-id=\"89f15c0\" data-element_type=\"container\" data-settings=\"{&quot;background_background&quot;:&quot;classic&quot;}\">\n\t\t\t\t\t<div class=\"e-con-inner\">\n\t\t\t\t<div class=\"elementor-element elementor-element-da66fb9 elementor-widget-divider--view-line elementor-widget elementor-widget-divider\" data-id=\"da66fb9\" data-element_type=\"widget\" data-widget_type=\"divider.default\">\n\t\t\t\t<div class=\"elementor-widget-container\">\n\t\t\t\t\t<div class=\"elementor-divider\">\n\t\t\t<span class=\"elementor-divider-separator\">\n\t\t\t\t\t\t<\/span>\n\t\t<\/div>\n\t\t\t\t<\/div>\n\t\t\t\t<\/div>\n\t\t\t\t\t<\/div>\n\t\t\t\t<\/div>\n\t\t<div class=\"elementor-element elementor-element-65be1549 e-flex e-con-boxed e-con e-parent\" data-id=\"65be1549\" data-element_type=\"container\" data-settings=\"{&quot;background_background&quot;:&quot;classic&quot;}\">\n\t\t\t\t\t<div class=\"e-con-inner\">\n\t\t\t\t<div class=\"elementor-element elementor-element-7f40ac7 elementor-widget elementor-widget-heading\" data-id=\"7f40ac7\" data-element_type=\"widget\" data-widget_type=\"heading.default\">\n\t\t\t\t<div class=\"elementor-widget-container\">\n\t\t\t<h2 class=\"elementor-heading-title elementor-size-default\">FELICITACIONES TERMINARON TODAS LAS POSTAS!!!<\/h2>\t\t<\/div>\n\t\t\t\t<\/div>\n\t\t\t\t<div class=\"elementor-element elementor-element-1200853a elementor-widget elementor-widget-text-editor\" data-id=\"1200853a\" data-element_type=\"widget\" data-widget_type=\"text-editor.default\">\n\t\t\t\t<div class=\"elementor-widget-container\">\n\t\t\t\t\t\t\t<p>Nuestra parada final y en donde haremos nuestro \u00faltimo juego ser\u00e1 en <strong>Palos Cafe.<\/strong><\/p><p><strong>All\u00ed nos vemos!!<\/strong><\/p>\t\t\t\t\t\t<\/div>\n\t\t\t\t<\/div>\n\t\t\t\t\t<\/div>\n\t\t\t\t<\/div>\n\t\t<div class=\"elementor-element elementor-element-bbaaff6 e-flex e-con-boxed e-con e-parent\" data-id=\"bbaaff6\" data-element_type=\"container\">\n\t\t\t\t\t<div class=\"e-con-inner\">\n\t\t\t\t<div class=\"elementor-element elementor-element-fe48549 elementor-widget elementor-widget-html\" data-id=\"fe48549\" data-element_type=\"widget\" data-widget_type=\"html.default\">\n\t\t\t\t<div class=\"elementor-widget-container\">\n\t\t\t<!DOCTYPE html>\r\n<html lang=\"en\">\r\n<head>\r\n    <meta charset=\"UTF-8\">\r\n    <meta name=\"viewport\" content=\"width=device-width, initial-scale=1.0\">\r\n    <title>Mapa con Haz de Luz<\/title>\r\n    <link rel=\"stylesheet\" href=\"https:\/\/unpkg.com\/leaflet@1.7.1\/dist\/leaflet.css\" \/>\r\n    <style>\r\n        body, html {\r\n            margin: 0;\r\n            padding: 0;\r\n            height: 100%;\r\n            width: 100%;\r\n        }\r\n        #map {\r\n            height: 400px; \/* Altura del mapa *\/\r\n            width: 400px;  \/* Ancho del mapa *\/\r\n            margin: 0 auto; \/* Centra el mapa horizontalmente *\/\r\n            position: relative; \/* Asegura que el mapa est\u00e9 en su posici\u00f3n correcta *\/\r\n        }\r\n        .custom-control img {\r\n            width: 30px;\r\n            height: 30px;\r\n            background-color: white;\r\n            border-radius: 5px;\r\n            padding: 5px;\r\n            cursor: pointer;\r\n        }\r\n        .leaflet-top.leaflet-right {\r\n            top: 10px !important;\r\n        }\r\n        .icono-rotado {\r\n            transform-origin: center;\r\n        }\r\n    <\/style>\r\n<\/head>\r\n<body>\r\n\r\n<div id=\"map\"><\/div>\r\n\r\n<script src=\"https:\/\/unpkg.com\/leaflet@1.7.1\/dist\/leaflet.js\"><\/script>\r\n<script>\r\n    function initMap() {\r\n        var map = L.map('map', {\r\n            zoomControl: false \/\/ Desactivar los controles de zoom\r\n        }).setView([-34.63419766190151, -58.35963506939873], 13);\r\n\r\n        \/\/ A\u00f1adir capa de CartoDB\r\n        L.tileLayer('https:\/\/{s}.basemaps.cartocdn.com\/rastertiles\/voyager\/{z}\/{x}\/{y}{r}.png', {\r\n            attribution: '&copy; <a href=\"https:\/\/www.openstreetmap.org\/copyright\">OpenStreetMap<\/a> contributors &copy; <a href=\"https:\/\/carto.com\/attributions\">CARTO<\/a>',\r\n            subdomains: 'abcd',\r\n            maxZoom: 20\r\n        }).addTo(map);\r\n\r\n        \/\/ Icono para la posta\r\n        var iconoPosta = L.icon({\r\n            iconUrl: 'https:\/\/prueba.exploragame.com.ar\/wp-content\/uploads\/2024\/06\/marker-icon-Naranja.png',\r\n            iconSize: [25, 41], \/\/ tama\u00f1o del icono\r\n            iconAnchor: [12, 41], \/\/ punto del icono que corresponder\u00e1 a la ubicaci\u00f3n del marcador\r\n            popupAnchor: [1, -34], \/\/ punto desde el cual se abrir\u00e1 el popup en relaci\u00f3n con el icono\r\n            shadowSize: [41, 41] \/\/ tama\u00f1o de la sombra\r\n        });\r\n\r\n        \/\/ Agregar marcador\r\n        var marcador = L.marker([-34.6371400487325, -58.36127710575107], {icon: iconoPosta}).addTo(map);\r\n\r\n        \/\/ Icono de ubicaci\u00f3n del usuario\r\n        var iconoUbicacion = L.icon({\r\n            iconUrl: 'https:\/\/prueba.exploragame.com.ar\/wp-content\/uploads\/2024\/06\/Diseno-sin-titulo-2024-06-20T162631.805.png',\r\n            iconSize: [35, 35],\r\n            iconAnchor: [17.5, 17.5]\r\n        });\r\n\r\n        \/\/ Agregar bot\u00f3n de ubicaci\u00f3n del usuario\r\n        var BotonUbicacion = L.Control.extend({\r\n            onAdd: function(map) {\r\n                var img = L.DomUtil.create('img');\r\n                img.src = 'https:\/\/prueba.exploragame.com.ar\/wp-content\/uploads\/2024\/06\/current-location-icon-1.png';\r\n                img.className = 'custom-control';\r\n                img.style.width = '35px';\r\n                img.style.height = '35px';\r\n                img.style.backgroundColor = 'white';\r\n                img.style.borderRadius = '5px';\r\n                img.style.padding = '5px';\r\n                img.style.cursor = 'pointer';\r\n\r\n                img.onclick = function() {\r\n                    map.locate({setView: true, maxZoom: 18});\r\n                };\r\n                return img;\r\n            },\r\n            onRemove: function(map) {\r\n                \/\/ Nada que hacer aqu\u00ed\r\n            }\r\n        });\r\n\r\n        map.addControl(new BotonUbicacion({position: 'topright'}));\r\n\r\n        \/\/ Manejar la ubicaci\u00f3n del usuario\r\n        map.on('locationfound', function(e) {\r\n            var radius = 25;\r\n\r\n            L.marker(e.latlng, {icon: iconoUbicacion}).addTo(map);\r\n\r\n            L.circle(e.latlng, radius, {\r\n                color: null,\r\n                fillColor: '#004AAD',\r\n                fillOpacity: 0.2\r\n            }).addTo(map);\r\n        });\r\n\r\n        map.on('locationerror', function() {\r\n            alert(\"No se pudo encontrar tu ubicaci\u00f3n.\");\r\n        });\r\n    }\r\n\r\n    document.addEventListener('DOMContentLoaded', initMap);\r\n<\/script>\r\n\r\n<\/body>\r\n<\/html>\r\n\t\t<\/div>\n\t\t\t\t<\/div>\n\t\t\t\t\t<\/div>\n\t\t\t\t<\/div>\n\t\t\t\t<\/div>\n\t\t","protected":false},"excerpt":{"rendered":"<p>FELICITACIONES TERMINARON TODAS LAS POSTAS!!! Nuestra parada final y en donde haremos nuestro \u00faltimo juego ser\u00e1 en Palos Cafe. All\u00ed nos vemos!! Mapa con Haz de Luz<\/p>\n","protected":false},"author":1,"featured_media":0,"parent":0,"menu_order":0,"comment_status":"closed","ping_status":"closed","template":"elementor_header_footer","meta":{"footnotes":""},"wf_page_folders":[13,5],"class_list":["post-7203","page","type-page","status-publish"],"_links":{"self":[{"href":"https:\/\/play.exploragame.com.ar\/index.php\/wp-json\/wp\/v2\/pages\/7203","targetHints":{"allow":["GET"]}}],"collection":[{"href":"https:\/\/play.exploragame.com.ar\/index.php\/wp-json\/wp\/v2\/pages"}],"about":[{"href":"https:\/\/play.exploragame.com.ar\/index.php\/wp-json\/wp\/v2\/types\/page"}],"author":[{"embeddable":true,"href":"https:\/\/play.exploragame.com.ar\/index.php\/wp-json\/wp\/v2\/users\/1"}],"replies":[{"embeddable":true,"href":"https:\/\/play.exploragame.com.ar\/index.php\/wp-json\/wp\/v2\/comments?post=7203"}],"version-history":[{"count":4,"href":"https:\/\/play.exploragame.com.ar\/index.php\/wp-json\/wp\/v2\/pages\/7203\/revisions"}],"predecessor-version":[{"id":7207,"href":"https:\/\/play.exploragame.com.ar\/index.php\/wp-json\/wp\/v2\/pages\/7203\/revisions\/7207"}],"wp:attachment":[{"href":"https:\/\/play.exploragame.com.ar\/index.php\/wp-json\/wp\/v2\/media?parent=7203"}],"wp:term":[{"taxonomy":"wf_page_folders","embeddable":true,"href":"https:\/\/play.exploragame.com.ar\/index.php\/wp-json\/wp\/v2\/wf_page_folders?post=7203"}],"curies":[{"name":"wp","href":"https:\/\/api.w.org\/{rel}","templated":true}]}}