{"id":7858,"date":"2024-11-13T13:51:21","date_gmt":"2024-11-13T13:51:21","guid":{"rendered":"https:\/\/play.exploragame.com.ar\/?page_id=7858"},"modified":"2024-11-15T16:51:29","modified_gmt":"2024-11-15T16:51:29","slug":"conventillo-san-telmo-grupal","status":"publish","type":"page","link":"https:\/\/play.exploragame.com.ar\/index.php\/conventillo-san-telmo-grupal\/","title":{"rendered":"conventillo san telmo grupal"},"content":{"rendered":"\t\t<div data-elementor-type=\"wp-page\" data-elementor-id=\"7858\" class=\"elementor elementor-7858\" data-elementor-post-type=\"page\">\n\t\t\t\t<div class=\"elementor-element elementor-element-5accde2 e-con-full e-flex e-con e-parent\" data-id=\"5accde2\" data-element_type=\"container\">\n\t\t<div class=\"elementor-element elementor-element-1e4ecf7 e-flex e-con-boxed e-con e-child\" data-id=\"1e4ecf7\" data-element_type=\"container\">\n\t\t\t\t\t<div class=\"e-con-inner\">\n\t\t\t\t<div class=\"elementor-element elementor-element-0f8e940 elementor-widget elementor-widget-image\" data-id=\"0f8e940\" data-element_type=\"widget\" data-settings=\"{&quot;_animation_mobile&quot;:&quot;fadeInUp&quot;}\" data-widget_type=\"image.default\">\n\t\t\t\t<div class=\"elementor-widget-container\">\n\t\t\t\t\t\t\t\t\t\t\t\t\t<img fetchpriority=\"high\" decoding=\"async\" width=\"960\" height=\"960\" src=\"https:\/\/play.exploragame.com.ar\/wp-content\/uploads\/2024\/05\/FB_IMG_1715194435128-1.jpg\" class=\"attachment-large size-large wp-image-4124\" alt=\"\" srcset=\"https:\/\/play.exploragame.com.ar\/wp-content\/uploads\/2024\/05\/FB_IMG_1715194435128-1.jpg 960w, https:\/\/play.exploragame.com.ar\/wp-content\/uploads\/2024\/05\/FB_IMG_1715194435128-1-300x300.jpg 300w, https:\/\/play.exploragame.com.ar\/wp-content\/uploads\/2024\/05\/FB_IMG_1715194435128-1-150x150.jpg 150w, https:\/\/play.exploragame.com.ar\/wp-content\/uploads\/2024\/05\/FB_IMG_1715194435128-1-768x768.jpg 768w\" sizes=\"(max-width: 960px) 100vw, 960px\" \/>\t\t\t\t\t\t\t\t\t\t\t\t\t<\/div>\n\t\t\t\t<\/div>\n\t\t\t\t\t<\/div>\n\t\t\t\t<\/div>\n\t\t\t\t<\/div>\n\t\t<div class=\"elementor-element elementor-element-d23e2b5 e-flex e-con-boxed e-con e-parent\" data-id=\"d23e2b5\" data-element_type=\"container\" data-settings=\"{&quot;background_background&quot;:&quot;classic&quot;,&quot;animation_mobile&quot;:&quot;fadeInUp&quot;}\">\n\t\t\t\t\t<div class=\"e-con-inner\">\n\t\t<div class=\"elementor-element elementor-element-0660977 e-flex e-con-boxed e-con e-child\" data-id=\"0660977\" data-element_type=\"container\" data-settings=\"{&quot;animation_mobile&quot;:&quot;fadeInUp&quot;}\">\n\t\t\t\t\t<div class=\"e-con-inner\">\n\t\t\t\t<div class=\"elementor-element elementor-element-d5c4357 elementor-widget-divider--view-line elementor-widget elementor-widget-divider\" data-id=\"d5c4357\" data-element_type=\"widget\" data-settings=\"{&quot;_animation_mobile&quot;:&quot;fadeInUp&quot;}\" data-widget_type=\"divider.default\">\n\t\t\t\t<div class=\"elementor-widget-container\">\n\t\t\t\t\t<div class=\"elementor-divider\">\n\t\t\t<span class=\"elementor-divider-separator\">\n\t\t\t\t\t\t<\/span>\n\t\t<\/div>\n\t\t\t\t<\/div>\n\t\t\t\t<\/div>\n\t\t\t\t\t<\/div>\n\t\t\t\t<\/div>\n\t\t\t\t\t<\/div>\n\t\t\t\t<\/div>\n\t\t<div class=\"elementor-element elementor-element-3660ddf e-con-full e-flex e-con e-parent\" data-id=\"3660ddf\" data-element_type=\"container\" data-settings=\"{&quot;animation_mobile&quot;:&quot;fadeInUp&quot;}\">\n\t\t<div class=\"elementor-element elementor-element-6d2df87 e-flex e-con-boxed e-con e-child\" data-id=\"6d2df87\" data-element_type=\"container\">\n\t\t\t\t\t<div class=\"e-con-inner\">\n\t\t\t\t<div class=\"elementor-element elementor-element-fe7760d elementor-widget elementor-widget-heading\" data-id=\"fe7760d\" data-element_type=\"widget\" data-widget_type=\"heading.default\">\n\t\t\t\t<div class=\"elementor-widget-container\">\n\t\t\t<h2 class=\"elementor-heading-title elementor-size-default\">Fiebre amarilla en San Telmo<\/h2>\t\t<\/div>\n\t\t\t\t<\/div>\n\t\t\t\t<div class=\"elementor-element elementor-element-d0932d4 elementor-widget elementor-widget-text-editor\" data-id=\"d0932d4\" data-element_type=\"widget\" data-widget_type=\"text-editor.default\">\n\t\t\t\t<div class=\"elementor-widget-container\">\n\t\t\t\t\t\t\t<p>En 1871, la fiebre amarilla golpe\u00f3 Buenos Aires, y muchas familias adineradas abandonaron sus casonas de San Telmo para mudarse al norte de la ciudad. Estas viviendas vac\u00edas se convirtieron en &#8220;conventillos&#8221;, llamados as\u00ed por su parecido con los conventos debido a la gran cantidad de habitaciones compartidas. All\u00ed se alojaron sobre todo inmigrantes, y hoy son un testimonio de la historia multicultural del barrio.<\/p>\n<p><strong>El marcador de este juego no est\u00e1 correctamente ubicado. Para avanzar, deben usar la foto de abajo como referencia, encontrar en la misma cuadra la antigua casona (hoy paseo de artesanias) que aparece en la imagen, ingresar y contar cu\u00e1ntas columnas de hierro hay en su interior.<\/strong><\/p>\n<p><br><\/p>\t\t\t\t\t\t<\/div>\n\t\t\t\t<\/div>\n\t\t\t\t<div class=\"elementor-element elementor-element-d402fdb elementor-widget elementor-widget-text-editor\" data-id=\"d402fdb\" data-element_type=\"widget\" data-widget_type=\"text-editor.default\">\n\t\t\t\t<div class=\"elementor-widget-container\">\n\t\t\t\t\t\t\t<p>La casa esta en Defensa entre San Juan y Humberto Primo<\/p>\t\t\t\t\t\t<\/div>\n\t\t\t\t<\/div>\n\t\t\t\t<div class=\"elementor-element elementor-element-04ff151 elementor-widget elementor-widget-image\" data-id=\"04ff151\" data-element_type=\"widget\" data-widget_type=\"image.default\">\n\t\t\t\t<div class=\"elementor-widget-container\">\n\t\t\t\t\t\t\t\t\t\t\t\t\t\t<a href=\"https:\/\/play.exploragame.com.ar\/wp-content\/uploads\/2024\/05\/Diseno-sin-titulo-29.jpg\" data-elementor-open-lightbox=\"yes\" data-e-action-hash=\"#elementor-action%3Aaction%3Dlightbox%26settings%3DeyJpZCI6NDEzNCwidXJsIjoiaHR0cHM6XC9cL3BsYXkuZXhwbG9yYWdhbWUuY29tLmFyXC93cC1jb250ZW50XC91cGxvYWRzXC8yMDI0XC8wNVwvRGlzZW5vLXNpbi10aXR1bG8tMjkuanBnIn0%3D\">\n\t\t\t\t\t\t\t<img decoding=\"async\" width=\"768\" height=\"1024\" src=\"https:\/\/play.exploragame.com.ar\/wp-content\/uploads\/2024\/05\/Diseno-sin-titulo-29-768x1024.jpg\" class=\"attachment-large size-large wp-image-4134\" alt=\"\" srcset=\"https:\/\/play.exploragame.com.ar\/wp-content\/uploads\/2024\/05\/Diseno-sin-titulo-29-768x1024.jpg 768w, https:\/\/play.exploragame.com.ar\/wp-content\/uploads\/2024\/05\/Diseno-sin-titulo-29-225x300.jpg 225w, https:\/\/play.exploragame.com.ar\/wp-content\/uploads\/2024\/05\/Diseno-sin-titulo-29-1152x1536.jpg 1152w, https:\/\/play.exploragame.com.ar\/wp-content\/uploads\/2024\/05\/Diseno-sin-titulo-29.jpg 1536w\" sizes=\"(max-width: 768px) 100vw, 768px\" \/>\t\t\t\t\t\t\t\t<\/a>\n\t\t\t\t\t\t\t\t\t\t\t\t\t<\/div>\n\t\t\t\t<\/div>\n\t\t\t\t\t<\/div>\n\t\t\t\t<\/div>\n\t\t\t\t<\/div>\n\t\t<div class=\"elementor-element elementor-element-7aca614 e-flex e-con-boxed e-con e-parent\" data-id=\"7aca614\" data-element_type=\"container\">\n\t\t\t\t\t<div class=\"e-con-inner\">\n\t\t\t\t<div class=\"elementor-element elementor-element-9069843 elementor-widget elementor-widget-html\" data-id=\"9069843\" data-element_type=\"widget\" data-widget_type=\"html.default\">\n\t\t\t\t<div class=\"elementor-widget-container\">\n\t\t\t<!DOCTYPE html>\r\n<html lang=\"en\">\r\n<head>\r\n    <meta charset=\"UTF-8\">\r\n    <meta name=\"viewport\" content=\"width=device-width, initial-scale=1.0\">\r\n    <title>Posta: Cancha de Boca<\/title>\r\n    <style>\r\n        body {\r\n            font-family: Arial, sans-serif;\r\n            text-align: center;\r\n            position: relative;\r\n            height: 100vh;\r\n            margin: 0;\r\n            display: flex;\r\n            flex-direction: column;\r\n            justify-content: center;\r\n        }\r\n        .posta-container {\r\n            width: 90%;\r\n            max-width: 400px;\r\n            margin: 0 auto;\r\n            position: relative;\r\n        }\r\n        .posta-container input[type=\"text\"], .posta-container button {\r\n            width: 100%;\r\n            border-radius: 10px;\r\n            padding: 10px 20px;\r\n            margin: 10px 0;\r\n            box-sizing: border-box;\r\n        }\r\n        .posta-container input[type=\"text\"] {\r\n            border: 1px solid #ccc;\r\n        }\r\n        .posta-container button {\r\n            background-color: #FF5100;\r\n            color: white;\r\n            border: none;\r\n            cursor: pointer;\r\n            margin-top: 10px;\r\n        }\r\n        .mensaje {\r\n            color: red;\r\n            visibility: hidden;\r\n            position: absolute;\r\n            top: calc(100% + 10px);\r\n            left: 50%;\r\n            transform: translateX(-50%);\r\n            margin: 0;\r\n        }\r\n        .mensaje-pista {\r\n            font-size: 16px;\r\n        }\r\n        .animacion-correcta, .animacion-incorrecta {\r\n            position: fixed;\r\n            top: 50%;\r\n            left: 50%;\r\n            transform: translate(-50%, -50%);\r\n            visibility: hidden;\r\n        }\r\n    <\/style>\r\n<\/head>\r\n<body>\r\n\r\n<div class=\"posta-container\">\r\n    <input type=\"text\" id=\"respuesta\" placeholder=\"Escriban aqui la respuesta\">\r\n    <button onclick=\"verificarRespuesta()\">Responder<\/button>\r\n\r\n    <p id=\"mensajePista\" class=\"mensaje mensaje-pista\">Cuenten de vuelta<\/p>\r\n    <p id=\"mensajeAyuda\" class=\"mensaje\">Dale no se desanimen<\/p>\r\n<\/div>\r\n\r\n<img decoding=\"async\" id=\"animacionCorrecta\" class=\"animacion-correcta\" src=\"https:\/\/prueba.exploragame.com.ar\/wp-content\/uploads\/2024\/06\/Titulo-4.gif\" alt=\"Respuesta correcta\">\r\n<img decoding=\"async\" id=\"animacionIncorrecta\" class=\"animacion-incorrecta\" src=\"https:\/\/prueba.exploragame.com.ar\/wp-content\/uploads\/2024\/06\/Titulo.gif\" alt=\"Respuesta incorrecta\">\r\n\r\n<audio id=\"correctoAudio\" src=\"https:\/\/prueba.exploragame.com.ar\/wp-content\/uploads\/2024\/06\/Correct-Answer-Sound-Effect-DeeChannel-mp3cut.net_.mp3\"><\/audio>\r\n<audio id=\"incorrectoAudio\" src=\"https:\/\/prueba.exploragame.com.ar\/wp-content\/uploads\/2024\/06\/INCORRECT-mp3cut.net_.mp3\"><\/audio>\r\n\r\n<script>\r\nvar respuestasCorrectas = [\"32\" ]; \/\/ Puedes agregar varias respuestas correctas cambiando los valores aqu\u00ed\r\nvar intentos = 0;\r\n\r\nfunction verificarRespuesta() {\r\n    var respuestaUsuario = normalizarRespuesta(document.getElementById(\"respuesta\").value.trim());\r\n    \r\n    \/\/ ID de la posta NO OLVIDAR CAMBIAR\r\n    var postaId = \"conventillo\"; \r\n    \r\n    if (respuestasCorrectas.includes(respuestaUsuario)) {\r\n        reproducirSonido(\"correctoAudio\");\r\n        mostrarAnimacionCorrecta();\r\n\r\n        \/\/ Informar al mapa que la posta est\u00e1 completada\r\n        informarMapa(postaId);\r\n\r\n        \/\/ Redirigir a la URL especificada despu\u00e9s de 2 segundos\r\n        setTimeout(function() {\r\n            window.location.href = \"https:\/\/play.exploragame.com.ar\/index.php\/mapa-prueba\/\";\r\n        }, 2000); \/\/ Redirigir despu\u00e9s de 2 segundos\r\n        \r\n        \/\/ Cerrar la ventana de la posta despu\u00e9s de 2 segundos\r\n        setTimeout(function() {\r\n            window.close(); \/\/ Cierra la ventana de la posta\r\n        }, 2000); \/\/ Este tiempo debe coincidir con el de la redirecci\u00f3n\r\n        \r\n        \r\n    } else {\r\n        reproducirSonido(\"incorrectoAudio\");\r\n        mostrarAnimacionIncorrecta();\r\n        intentos++;\r\n\r\n        if (intentos === 1) {\r\n            mostrarPista();\r\n        } else if (intentos === 2) {\r\n            mostrarMensajeAyuda();\r\n            ocultarPista();\r\n        }\r\n    }\r\n\r\n    \/\/ Limpiar el campo de respuesta\r\n    document.getElementById(\"respuesta\").value = \"\";\r\n}\r\n\r\nfunction reproducirSonido(idAudio) {\r\n    var audio = document.getElementById(idAudio);\r\n    audio.play();\r\n}\r\n\r\nfunction mostrarAnimacionCorrecta() {\r\n    var animacion = document.getElementById(\"animacionCorrecta\");\r\n    animacion.style.visibility = \"visible\";\r\n    setTimeout(function() {\r\n        animacion.style.visibility = \"hidden\";\r\n    }, 3000); \/\/ Mostrar la animaci\u00f3n durante 3 segundos\r\n}\r\n\r\nfunction mostrarAnimacionIncorrecta() {\r\n    var animacion = document.getElementById(\"animacionIncorrecta\");\r\n    animacion.style.visibility = \"visible\";\r\n    setTimeout(function() {\r\n        animacion.style.visibility = \"hidden\";\r\n    }, 2000); \/\/ Mostrar la animaci\u00f3n durante 2 segundos\r\n}\r\n\r\nfunction mostrarPista() {\r\n    var pista = document.getElementById(\"mensajePista\");\r\n    pista.style.visibility = \"visible\";\r\n}\r\n\r\nfunction ocultarPista() {\r\n    var pista = document.getElementById(\"mensajePista\");\r\n    pista.style.visibility = \"hidden\";\r\n}\r\n\r\nfunction mostrarMensajeAyuda() {\r\n    var mensaje = document.getElementById(\"mensajeAyuda\");\r\n    mensaje.style.visibility = \"visible\";\r\n}\r\n\r\nfunction normalizarRespuesta(respuesta) {\r\n    return respuesta.toLowerCase().normalize(\"NFD\").replace(\/[\\u0300-\\u036f]\/g, \"\");\r\n}\r\n\r\nfunction informarMapa(postaId) {\r\n    var parentWindow = window.opener;\r\n\r\n    if (parentWindow) {\r\n        parentWindow.postMessage({ postaId: postaId }, '*');\r\n    } else {\r\n        console.error('No se puede encontrar la ventana principal (mapa).');\r\n    }\r\n}\r\n<\/script>\r\n\r\n<\/body>\r\n<\/html>\r\n\t\t<\/div>\n\t\t\t\t<\/div>\n\t\t\t\t<div class=\"elementor-element elementor-element-24b24a9 elementor-widget elementor-widget-global elementor-global-8149 elementor-widget-html\" data-id=\"24b24a9\" data-element_type=\"widget\" data-widget_type=\"html.default\">\n\t\t\t\t<div class=\"elementor-widget-container\">\n\t\t\t<!DOCTYPE html>\r\n<html lang=\"es\">\r\n<head>\r\n    <meta charset=\"UTF-8\">\r\n    <meta name=\"viewport\" content=\"width=device-width, initial-scale=1.0\">\r\n    <title>Posta con Chat<\/title>\r\n    <style>\r\n        #chat-widget {\r\n            display: none;\r\n        }\r\n    <\/style>\r\n<\/head>\r\n<body>\r\n\r\n<div id=\"chat-widget\"><\/div>\r\n\r\n<script>\r\n    const THREE_HOURS = 3 * 60 * 60 * 1000; \/\/ 3 horas en milisegundos\r\n\r\n    \/\/ Al cargar la p\u00e1gina de cada posta\r\n    window.addEventListener(\"DOMContentLoaded\", function() {\r\n        const chatWidget = document.getElementById(\"chat-widget\");\r\n\r\n        \/\/ Verifica el estado y el tiempo guardado en localStorage\r\n        const savedStatus = JSON.parse(localStorage.getItem(\"captainStatus\"));\r\n        const now = new Date().getTime();\r\n\r\n        \/\/ Solo muestra el chat si es el capit\u00e1n y no han pasado 3 horas\r\n        if (savedStatus && savedStatus.isCaptain && now - savedStatus.timestamp < THREE_HOURS) {\r\n            chatWidget.style.display = \"block\";  \/\/ Mostrar el chat\r\n            loadChatWidget();  \/\/ Cargar el widget de chat\r\n        }\r\n    });\r\n\r\n    \/\/ Funci\u00f3n para cargar el widget de chat de Tawk.to\r\n    function loadChatWidget() {\r\n        const script = document.createElement(\"script\");\r\n        script.type = \"text\/javascript\";\r\n        script.src = \"https:\/\/embed.tawk.to\/6639414f07f59932ab3cb02f\/1ht7qe846\"; \/\/ ID de Tawk.to\r\n        script.async = true;\r\n        document.getElementsByTagName(\"head\")[0].appendChild(script);\r\n    }\r\n<\/script>\r\n\r\n<\/body>\r\n<\/html>\r\n\t\t<\/div>\n\t\t\t\t<\/div>\n\t\t\t\t\t<\/div>\n\t\t\t\t<\/div>\n\t\t\t\t<\/div>\n\t\t","protected":false},"excerpt":{"rendered":"<p>Fiebre amarilla en San Telmo En 1871, la fiebre amarilla golpe\u00f3 Buenos Aires, y muchas familias adineradas abandonaron sus casonas de San Telmo para mudarse al norte de la ciudad. Estas viviendas vac\u00edas se convirtieron en &#8220;conventillos&#8221;, llamados as\u00ed por su parecido con los conventos debido a la gran cantidad de habitaciones compartidas. All\u00ed se &#8230; <a title=\"conventillo san telmo grupal\" class=\"read-more\" href=\"https:\/\/play.exploragame.com.ar\/index.php\/conventillo-san-telmo-grupal\/\" aria-label=\"Leer m\u00e1s sobre conventillo san telmo grupal\">Leer m\u00e1s<\/a><\/p>\n","protected":false},"author":1,"featured_media":0,"parent":0,"menu_order":0,"comment_status":"closed","ping_status":"closed","template":"elementor_header_footer","meta":{"footnotes":""},"wf_page_folders":[15],"class_list":["post-7858","page","type-page","status-publish"],"_links":{"self":[{"href":"https:\/\/play.exploragame.com.ar\/index.php\/wp-json\/wp\/v2\/pages\/7858","targetHints":{"allow":["GET"]}}],"collection":[{"href":"https:\/\/play.exploragame.com.ar\/index.php\/wp-json\/wp\/v2\/pages"}],"about":[{"href":"https:\/\/play.exploragame.com.ar\/index.php\/wp-json\/wp\/v2\/types\/page"}],"author":[{"embeddable":true,"href":"https:\/\/play.exploragame.com.ar\/index.php\/wp-json\/wp\/v2\/users\/1"}],"replies":[{"embeddable":true,"href":"https:\/\/play.exploragame.com.ar\/index.php\/wp-json\/wp\/v2\/comments?post=7858"}],"version-history":[{"count":25,"href":"https:\/\/play.exploragame.com.ar\/index.php\/wp-json\/wp\/v2\/pages\/7858\/revisions"}],"predecessor-version":[{"id":8217,"href":"https:\/\/play.exploragame.com.ar\/index.php\/wp-json\/wp\/v2\/pages\/7858\/revisions\/8217"}],"wp:attachment":[{"href":"https:\/\/play.exploragame.com.ar\/index.php\/wp-json\/wp\/v2\/media?parent=7858"}],"wp:term":[{"taxonomy":"wf_page_folders","embeddable":true,"href":"https:\/\/play.exploragame.com.ar\/index.php\/wp-json\/wp\/v2\/wf_page_folders?post=7858"}],"curies":[{"name":"wp","href":"https:\/\/api.w.org\/{rel}","templated":true}]}}