{"id":9618,"date":"2025-01-27T16:30:45","date_gmt":"2025-01-27T16:30:45","guid":{"rendered":"https:\/\/play.exploragame.com.ar\/?page_id=9618"},"modified":"2025-01-27T16:33:16","modified_gmt":"2025-01-27T16:33:16","slug":"mundo","status":"publish","type":"page","link":"https:\/\/play.exploragame.com.ar\/index.php\/mundo\/","title":{"rendered":"Mundo"},"content":{"rendered":"\t\t<div data-elementor-type=\"wp-page\" data-elementor-id=\"9618\" class=\"elementor elementor-9618\" data-elementor-post-type=\"page\">\n\t\t\t\t<div class=\"elementor-element elementor-element-d23e2b5 e-flex e-con-boxed e-con e-parent\" data-id=\"d23e2b5\" data-element_type=\"container\" data-settings=\"{&quot;background_background&quot;:&quot;classic&quot;,&quot;animation_mobile&quot;:&quot;fadeInUp&quot;}\">\n\t\t\t\t\t<div class=\"e-con-inner\">\n\t\t\t\t<div class=\"elementor-element elementor-element-1cfb430 elementor-widget elementor-widget-html\" data-id=\"1cfb430\" data-element_type=\"widget\" data-widget_type=\"html.default\">\n\t\t\t\t<div class=\"elementor-widget-container\">\n\t\t\t<iframe width=\"90%\" height=\"500px\" allowFullScreen=\"true\" allow=\"accelerometer; magnetometer; gyroscope\" style=\"display:block; margin:20px auto; border:0 none; max-width:880px;border-radius:8px; box-shadow: 0 1px 1px rgba(0,0,0,0.11),0 2px 2px rgba(0,0,0,0.11),0 4px 4px rgba(0,0,0,0.11),0 6px 8px rgba(0,0,0,0.11),0 8px 16px rgba(0,0,0,0.11);\" src=\"https:\/\/panoraven.com\/es\/embed\/EVs1UM4WKK\"><\/iframe>\t\t<\/div>\n\t\t\t\t<\/div>\n\t\t\t\t\t<\/div>\n\t\t\t\t<\/div>\n\t\t<div class=\"elementor-element elementor-element-3660ddf e-con-full e-flex e-con e-parent\" data-id=\"3660ddf\" data-element_type=\"container\" data-settings=\"{&quot;animation_mobile&quot;:&quot;fadeInUp&quot;}\">\n\t\t<div class=\"elementor-element elementor-element-6d2df87 e-flex e-con-boxed e-con e-child\" data-id=\"6d2df87\" data-element_type=\"container\">\n\t\t\t\t\t<div class=\"e-con-inner\">\n\t\t\t\t<div class=\"elementor-element elementor-element-6e2c3e5 elementor-widget elementor-widget-text-editor\" data-id=\"6e2c3e5\" data-element_type=\"widget\" data-widget_type=\"text-editor.default\">\n\t\t\t\t<div class=\"elementor-widget-container\">\n\t\t\t\t\t\t\t<p>En alg\u00fan rinc\u00f3n cercano,<br \/>descansa un globo olvidado,<br \/>una esfera que fue un sue\u00f1o,<br \/>y hoy luce algo abandonado.<\/p><p>Si exploras su interior,<br \/>un secreto encontrar\u00e1s,<br \/>un a\u00f1o que fue testigo,<br \/>que tendras que completar.<\/p>\t\t\t\t\t\t<\/div>\n\t\t\t\t<\/div>\n\t\t\t\t<div class=\"elementor-element elementor-element-987fbc9 elementor-widget elementor-widget-html\" data-id=\"987fbc9\" data-element_type=\"widget\" data-widget_type=\"html.default\">\n\t\t\t\t<div class=\"elementor-widget-container\">\n\t\t\t<!DOCTYPE html>\r\n<html lang=\"en\">\r\n<head>\r\n    <meta charset=\"UTF-8\">\r\n    <meta name=\"viewport\" content=\"width=device-width, initial-scale=1.0\">\r\n    <title>Posta: Cancha de Boca<\/title>\r\n    <style>\r\n        body {\r\n            font-family: Arial, sans-serif;\r\n            text-align: center;\r\n            position: relative;\r\n            height: 100vh;\r\n            margin: 0;\r\n            display: flex;\r\n            flex-direction: column;\r\n            justify-content: center;\r\n        }\r\n        .posta-container {\r\n            width: 90%;\r\n            max-width: 400px;\r\n            margin: 0 auto;\r\n            position: relative;\r\n        }\r\n        .posta-container input[type=\"text\"], .posta-container button {\r\n            width: 100%;\r\n            border-radius: 10px;\r\n            padding: 10px 20px;\r\n            margin: 10px 0;\r\n            box-sizing: border-box;\r\n        }\r\n        .posta-container input[type=\"text\"] {\r\n            border: 1px solid #ccc;\r\n        }\r\n        .posta-container button {\r\n            background-color: #FF5100;\r\n            color: white;\r\n            border: none;\r\n            cursor: pointer;\r\n            margin-top: 10px;\r\n        }\r\n        .mensaje {\r\n            color: red;\r\n            visibility: hidden;\r\n            position: absolute;\r\n            top: calc(100% + 10px);\r\n            left: 50%;\r\n            transform: translateX(-50%);\r\n            margin: 0;\r\n        }\r\n        .mensaje-pista {\r\n            font-size: 16px;\r\n        }\r\n        .animacion-correcta, .animacion-incorrecta {\r\n            position: fixed;\r\n            top: 50%;\r\n            left: 50%;\r\n            transform: translate(-50%, -50%);\r\n            visibility: hidden;\r\n        }\r\n    <\/style>\r\n<\/head>\r\n<body>\r\n\r\n<div class=\"posta-container\">\r\n    <input type=\"text\" id=\"respuesta\" placeholder=\"\u00bfQue a\u00f1o es?\">\r\n    <button onclick=\"verificarRespuesta()\">Responder<\/button>\r\n\r\n    <p id=\"mensajePista\" class=\"mensaje mensaje-pista\">Sigan buscando<\/p>\r\n    <p id=\"mensajeAyuda\" class=\"mensaje\">Dale no se desanimen<\/p>\r\n<\/div>\r\n\r\n<img decoding=\"async\" id=\"animacionCorrecta\" class=\"animacion-correcta\" src=\"https:\/\/prueba.exploragame.com.ar\/wp-content\/uploads\/2024\/06\/Titulo-4.gif\" alt=\"Respuesta correcta\">\r\n<img decoding=\"async\" id=\"animacionIncorrecta\" class=\"animacion-incorrecta\" src=\"https:\/\/prueba.exploragame.com.ar\/wp-content\/uploads\/2024\/06\/Titulo.gif\" alt=\"Respuesta incorrecta\">\r\n\r\n<audio id=\"correctoAudio\" src=\"https:\/\/prueba.exploragame.com.ar\/wp-content\/uploads\/2024\/06\/Correct-Answer-Sound-Effect-DeeChannel-mp3cut.net_.mp3\"><\/audio>\r\n<audio id=\"incorrectoAudio\" src=\"https:\/\/prueba.exploragame.com.ar\/wp-content\/uploads\/2024\/06\/INCORRECT-mp3cut.net_.mp3\"><\/audio>\r\n\r\n<!-- Contenedor del chat, inicialmente oculto -->\r\n<div id=\"chatContainer\" style=\"display: none; margin-top: 20px;\">\r\n    <!-- Reemplazar con el shortcode correspondiente del chat -->\r\n    <p>Chat del capit\u00e1n activado aqu\u00ed (reemplazar con el shortcode del chat)<\/p>\r\n<\/div>\r\n\r\n<script>\r\nvar respuestasCorrectas = [\"2002\"]; \/\/ Puedes agregar varias respuestas correctas cambiando los valores aqu\u00ed\r\nvar intentos = 0;\r\n\r\nfunction verificarRespuesta() {\r\n    var respuestaUsuario = normalizarRespuesta(document.getElementById(\"respuesta\").value.trim());\r\n    \r\n    \/\/ ID de la posta NO OLVIDAR CAMBIAR\r\n    var postaId = \"mundo\"; \r\n    \r\n   if (respuestasCorrectas.includes(respuestaUsuario)) {\r\n        reproducirSonido(\"correctoAudio\");\r\n        mostrarAnimacionCorrecta();\r\n\r\n         \/\/ Informar al mapa que la posta est\u00e1 completada\r\n        informarMapa(postaId);\r\n\r\n        \/\/ Redirigir a la URL especificada despu\u00e9s de 2 segundos\r\n        setTimeout(function() {\r\n            \/\/ Redirigir a la URL\r\n            window.location.href = \"https:\/\/play.exploragame.com.ar\/index.php\/mapa-con-postas-que-informa-a-mapa-plogino\/\";\r\n\r\n            \/\/ Cerrar la ventana si est\u00e1 en Android\r\n            if (navigator.userAgent.match(\/Android\/i)) {\r\n                window.close(); \/\/ Esto cerrar\u00e1 la ventana si fue abierta con window.open()\r\n            }\r\n        }, 2000); \/\/ Redirigir despu\u00e9s de 2 segundos\r\n        \r\n    } else {\r\n        reproducirSonido(\"incorrectoAudio\");\r\n        mostrarAnimacionIncorrecta();\r\n        intentos++;\r\n\r\n        if (intentos === 1) {\r\n            mostrarPista();\r\n        } else if (intentos === 2) {\r\n            mostrarMensajeAyuda();\r\n            ocultarPista();\r\n        }\r\n    }\r\n\r\n   \/\/ Limpiar el campo de respuesta\r\n    document.getElementById(\"respuesta\").value = \"\";\r\n}\r\n\r\nfunction reproducirSonido(idAudio) {\r\n    var audio = document.getElementById(idAudio);\r\n    audio.play();\r\n}\r\n\r\nfunction mostrarAnimacionCorrecta() {\r\n    var animacion = document.getElementById(\"animacionCorrecta\");\r\n    animacion.style.visibility = \"visible\";\r\n    setTimeout(function() {\r\n        animacion.style.visibility = \"hidden\";\r\n    }, 3000); \/\/ Mostrar la animaci\u00f3n durante 3 segundos\r\n}\r\n\r\nfunction mostrarAnimacionIncorrecta() {\r\n    var animacion = document.getElementById(\"animacionIncorrecta\");\r\n    animacion.style.visibility = \"visible\";\r\n    setTimeout(function() {\r\n        animacion.style.visibility = \"hidden\";\r\n    }, 2000); \/\/ Mostrar la animaci\u00f3n durante 2 segundos\r\n}\r\n\r\nfunction mostrarPista() {\r\n    var pista = document.getElementById(\"mensajePista\");\r\n    pista.style.visibility = \"visible\";\r\n}\r\n\r\nfunction ocultarPista() {\r\n    var pista = document.getElementById(\"mensajePista\");\r\n    pista.style.visibility = \"hidden\";\r\n}\r\n\r\nfunction mostrarMensajeAyuda() {\r\n    var mensaje = document.getElementById(\"mensajeAyuda\");\r\n    mensaje.style.visibility = \"visible\";\r\n}\r\n\r\nfunction normalizarRespuesta(respuesta) {\r\n    return respuesta.toLowerCase().normalize(\"NFD\").replace(\/[\\u0300-\\u036f]\/g, \"\");\r\n}\r\n\r\nfunction informarMapa(postaId) {\r\n    var parentWindow = window.opener;\r\n\r\n    if (parentWindow) {\r\n        parentWindow.postMessage({ postaId: postaId }, '*');\r\n    } else {\r\n        console.error('No se puede encontrar la ventana principal (mapa).');\r\n    }\r\n}\r\n<\/script>\r\n\r\n<\/body>\r\n<\/html>\t\t<\/div>\n\t\t\t\t<\/div>\n\t\t\t\t\t<\/div>\n\t\t\t\t<\/div>\n\t\t\t\t<\/div>\n\t\t<div class=\"elementor-element elementor-element-7aca614 e-flex e-con-boxed e-con e-parent\" data-id=\"7aca614\" data-element_type=\"container\">\n\t\t\t\t\t<div class=\"e-con-inner\">\n\t\t\t\t<div class=\"elementor-element elementor-element-57ef04f elementor-widget elementor-widget-global elementor-global-8149 elementor-widget-html\" data-id=\"57ef04f\" data-element_type=\"widget\" data-widget_type=\"html.default\">\n\t\t\t\t<div class=\"elementor-widget-container\">\n\t\t\t<!DOCTYPE html>\r\n<html lang=\"es\">\r\n<head>\r\n    <meta charset=\"UTF-8\">\r\n    <meta name=\"viewport\" content=\"width=device-width, initial-scale=1.0\">\r\n    <title>Posta con Chat<\/title>\r\n    <style>\r\n        #chat-widget {\r\n            display: none;\r\n        }\r\n    <\/style>\r\n<\/head>\r\n<body>\r\n\r\n<div id=\"chat-widget\"><\/div>\r\n\r\n<script>\r\n    const THREE_HOURS = 3 * 60 * 60 * 1000; \/\/ 3 horas en milisegundos\r\n\r\n    \/\/ Al cargar la p\u00e1gina de cada posta\r\n    window.addEventListener(\"DOMContentLoaded\", function() {\r\n        const chatWidget = document.getElementById(\"chat-widget\");\r\n\r\n        \/\/ Verifica el estado y el tiempo guardado en localStorage\r\n        const savedStatus = JSON.parse(localStorage.getItem(\"captainStatus\"));\r\n        const now = new Date().getTime();\r\n\r\n        \/\/ Solo muestra el chat si es el capit\u00e1n y no han pasado 3 horas\r\n        if (savedStatus && savedStatus.isCaptain && now - savedStatus.timestamp < THREE_HOURS) {\r\n            chatWidget.style.display = \"block\";  \/\/ Mostrar el chat\r\n            loadChatWidget();  \/\/ Cargar el widget de chat\r\n        }\r\n    });\r\n\r\n    \/\/ Funci\u00f3n para cargar el widget de chat de Tawk.to\r\n    function loadChatWidget() {\r\n        const script = document.createElement(\"script\");\r\n        script.type = \"text\/javascript\";\r\n        script.src = \"https:\/\/embed.tawk.to\/6639414f07f59932ab3cb02f\/1ht7qe846\"; \/\/ ID de Tawk.to\r\n        script.async = true;\r\n        document.getElementsByTagName(\"head\")[0].appendChild(script);\r\n    }\r\n<\/script>\r\n\r\n<\/body>\r\n<\/html>\r\n\t\t<\/div>\n\t\t\t\t<\/div>\n\t\t\t\t\t<\/div>\n\t\t\t\t<\/div>\n\t\t\t\t<\/div>\n\t\t","protected":false},"excerpt":{"rendered":"<p>En alg\u00fan rinc\u00f3n cercano,descansa un globo olvidado,una esfera que fue un sue\u00f1o,y hoy luce algo abandonado. Si exploras su interior,un secreto encontrar\u00e1s,un a\u00f1o que fue testigo,que tendras que completar. Posta: Cancha de Boca Responder Sigan buscando Dale no se desanimen Chat del capit\u00e1n activado aqu\u00ed (reemplazar con el shortcode del chat) Posta con Chat<\/p>\n","protected":false},"author":1,"featured_media":0,"parent":0,"menu_order":0,"comment_status":"closed","ping_status":"closed","template":"elementor_header_footer","meta":{"footnotes":""},"wf_page_folders":[17],"class_list":["post-9618","page","type-page","status-publish"],"_links":{"self":[{"href":"https:\/\/play.exploragame.com.ar\/index.php\/wp-json\/wp\/v2\/pages\/9618","targetHints":{"allow":["GET"]}}],"collection":[{"href":"https:\/\/play.exploragame.com.ar\/index.php\/wp-json\/wp\/v2\/pages"}],"about":[{"href":"https:\/\/play.exploragame.com.ar\/index.php\/wp-json\/wp\/v2\/types\/page"}],"author":[{"embeddable":true,"href":"https:\/\/play.exploragame.com.ar\/index.php\/wp-json\/wp\/v2\/users\/1"}],"replies":[{"embeddable":true,"href":"https:\/\/play.exploragame.com.ar\/index.php\/wp-json\/wp\/v2\/comments?post=9618"}],"version-history":[{"count":4,"href":"https:\/\/play.exploragame.com.ar\/index.php\/wp-json\/wp\/v2\/pages\/9618\/revisions"}],"predecessor-version":[{"id":9622,"href":"https:\/\/play.exploragame.com.ar\/index.php\/wp-json\/wp\/v2\/pages\/9618\/revisions\/9622"}],"wp:attachment":[{"href":"https:\/\/play.exploragame.com.ar\/index.php\/wp-json\/wp\/v2\/media?parent=9618"}],"wp:term":[{"taxonomy":"wf_page_folders","embeddable":true,"href":"https:\/\/play.exploragame.com.ar\/index.php\/wp-json\/wp\/v2\/wf_page_folders?post=9618"}],"curies":[{"name":"wp","href":"https:\/\/api.w.org\/{rel}","templated":true}]}}